{"id":60,"date":"2020-07-16T18:58:38","date_gmt":"2020-07-16T21:58:38","guid":{"rendered":"http:\/\/64.227.4.96\/?page_id=60"},"modified":"2025-11-27T12:18:45","modified_gmt":"2025-11-27T12:18:45","slug":"regimentos","status":"publish","type":"page","link":"https:\/\/comissoes.sbc.org.br\/ceie\/regimentos\/","title":{"rendered":"Regimentos"},"content":{"rendered":"\t\t<div data-elementor-type=\"wp-page\" data-elementor-id=\"60\" class=\"elementor elementor-60\" data-elementor-post-type=\"page\">\n\t\t\t\t\t\t<section class=\"elementor-section elementor-top-section elementor-element elementor-element-df5540b elementor-section-boxed elementor-section-height-default elementor-section-height-default\" data-id=\"df5540b\" data-element_type=\"section\" data-e-type=\"section\">\n\t\t\t\t\t\t<div class=\"elementor-container elementor-column-gap-default\">\n\t\t\t\t\t<div class=\"elementor-column elementor-col-100 elementor-top-column elementor-element elementor-element-fd89942\" data-id=\"fd89942\" data-element_type=\"column\" data-e-type=\"column\">\n\t\t\t<div class=\"elementor-widget-wrap elementor-element-populated\">\n\t\t\t\t\t\t<div class=\"elementor-element elementor-element-b5608b2 elementor-widget elementor-widget-heading\" data-id=\"b5608b2\" data-element_type=\"widget\" data-e-type=\"widget\" data-widget_type=\"heading.default\">\n\t\t\t\t\t<h2 class=\"elementor-heading-title elementor-size-default\">Regimento da CEIE<\/h2>\t\t\t\t<\/div>\n\t\t\t\t\t<\/div>\n\t\t<\/div>\n\t\t\t\t\t<\/div>\n\t\t<\/section>\n\t\t\t\t<section class=\"elementor-section elementor-top-section elementor-element elementor-element-dd3744e elementor-section-boxed elementor-section-height-default elementor-section-height-default\" data-id=\"dd3744e\" data-element_type=\"section\" data-e-type=\"section\">\n\t\t\t\t\t\t<div class=\"elementor-container elementor-column-gap-default\">\n\t\t\t\t\t<div class=\"elementor-column elementor-col-100 elementor-top-column elementor-element elementor-element-86e217d\" data-id=\"86e217d\" data-element_type=\"column\" data-e-type=\"column\">\n\t\t\t<div class=\"elementor-widget-wrap elementor-element-populated\">\n\t\t\t\t\t\t<div class=\"elementor-element elementor-element-e292361 elementor-widget elementor-widget-text-editor\" data-id=\"e292361\" data-element_type=\"widget\" data-e-type=\"widget\" data-widget_type=\"text-editor.default\">\n\t\t\t\t\t\t\t\t\t<p>A Comiss\u00e3o Especial de Inform\u00e1tica na Educa\u00e7\u00e3o, doravante CEIE, \u00e9 inst\u00e2ncia prevista no Cap\u00edtulo VI do\u00a0Estatuto da Sociedade Brasileira de Computa\u00e7\u00e3o (SBC) e vincula-se \u00e0s diretrizes operacionais desta Sociedade.\u00a0A CEIE foi criada pela SBC em 1983. A dura\u00e7\u00e3o da CEIE \u00e9 indefinida e a comiss\u00e3o s\u00f3 poder\u00e1 ser extinta pelo\u00a0Conselho da SBC.<\/p><p>A CEIE opera como uma comiss\u00e3o multi-institucional, tendo como integrantes pesquisadores na \u00e1rea de\u00a0inform\u00e1tica na educa\u00e7\u00e3o associados \u00e0 SBC, doravante chamados de comunidade, e comprometidos com a\u00a0eleva\u00e7\u00e3o do patamar de qualidade da pesquisa e inova\u00e7\u00e3o na \u00e1rea de Inform\u00e1tica na Educa\u00e7\u00e3o de n\u00edvel\u00a0internacional e sua relev\u00e2ncia para a Educa\u00e7\u00e3o no Brasil.<\/p><p>A CEIE representa o grupo de associados da SBC com interesses e valores comuns na \u00e1rea de Inform\u00e1tica na Educa\u00e7\u00e3o com compromisso de continuidade de longo prazo. A CEIE \u00e9 dirigida por um coordenador e\u00a0vice-coordenador e um comit\u00ea gestor, todos eleitos na Assembleia Anual durante o Congresso Brasileira de Inform\u00e1tica na Educa\u00e7\u00e3o.<\/p><p>Para consultar informa\u00e7\u00f5es detalhadas sobre o Regimente da Ceie, acesse o documento completo clicando no bot\u00e3o abaixo.<\/p>\t\t\t\t\t\t\t\t<\/div>\n\t\t\t\t<div class=\"elementor-element elementor-element-d435fec elementor-widget elementor-widget-button\" data-id=\"d435fec\" data-element_type=\"widget\" data-e-type=\"widget\" data-widget_type=\"button.default\">\n\t\t\t\t\t\t\t\t\t\t<a class=\"elementor-button elementor-button-link elementor-size-sm\" href=\"https:\/\/comissoes.sbc.org.br\/ceie\/wp-content\/uploads\/2024\/05\/RegimentoCEIE2023.pdf\" target=\"_blank\">\n\t\t\t\t\t\t<span class=\"elementor-button-content-wrapper\">\n\t\t\t\t\t\t\t\t\t<span class=\"elementor-button-text\">Regimento CEIE<\/span>\n\t\t\t\t\t<\/span>\n\t\t\t\t\t<\/a>\n\t\t\t\t\t\t\t\t<\/div>\n\t\t\t\t\t<\/div>\n\t\t<\/div>\n\t\t\t\t\t<\/div>\n\t\t<\/section>\n\t\t\t\t<\/div>\n\t\t","protected":false},"excerpt":{"rendered":"<p>Regimento da CEIE A Comiss\u00e3o Especial de Inform\u00e1tica na Educa\u00e7\u00e3o, doravante CEIE, \u00e9 inst\u00e2ncia prevista no Cap\u00edtulo VI do\u00a0Estatuto da [&hellip;]<\/p>\n","protected":false},"author":1,"featured_media":0,"parent":0,"menu_order":0,"comment_status":"closed","ping_status":"closed","template":"","meta":{"_acf_changed":false,"site-sidebar-layout":"default","site-content-layout":"","ast-site-content-layout":"default","site-content-style":"default","site-sidebar-style":"default","ast-global-header-display":"","ast-banner-title-visibility":"","ast-main-header-display":"","ast-hfb-above-header-display":"","ast-hfb-below-header-display":"","ast-hfb-mobile-header-display":"","site-post-title":"","ast-breadcrumbs-content":"","ast-featured-img":"","footer-sml-layout":"","ast-disable-related-posts":"","theme-transparent-header-meta":"","adv-header-id-meta":"","stick-header-meta":"","header-above-stick-meta":"","header-main-stick-meta":"","header-below-stick-meta":"","astra-migrate-meta-layouts":"default","ast-page-background-enabled":"default","ast-page-background-meta":{"desktop":{"background-color":"var(--ast-global-color-5)","background-image":"","background-repeat":"repeat","background-position":"center center","background-size":"auto","background-attachment":"scroll","background-type":"","background-media":"","overlay-type":"","overlay-color":"","overlay-opacity":"","overlay-gradient":""},"tablet":{"background-color":"","background-image":"","background-repeat":"repeat","background-position":"center center","background-size":"auto","background-attachment":"scroll","background-type":"","background-media":"","overlay-type":"","overlay-color":"","overlay-opacity":"","overlay-gradient":""},"mobile":{"background-color":"","background-image":"","background-repeat":"repeat","background-position":"center center","background-size":"auto","background-attachment":"scroll","background-type":"","background-media":"","overlay-type":"","overlay-color":"","overlay-opacity":"","overlay-gradient":""}},"ast-content-background-meta":{"desktop":{"background-color":"var(--ast-global-color-4)","background-image":"","background-repeat":"repeat","background-position":"center center","background-size":"auto","background-attachment":"scroll","background-type":"","background-media":"","overlay-type":"","overlay-color":"","overlay-opacity":"","overlay-gradient":""},"tablet":{"background-color":"var(--ast-global-color-4)","background-image":"","background-repeat":"repeat","background-position":"center center","background-size":"auto","background-attachment":"scroll","background-type":"","background-media":"","overlay-type":"","overlay-color":"","overlay-opacity":"","overlay-gradient":""},"mobile":{"background-color":"var(--ast-global-color-4)","background-image":"","background-repeat":"repeat","background-position":"center center","background-size":"auto","background-attachment":"scroll","background-type":"","background-media":"","overlay-type":"","overlay-color":"","overlay-opacity":"","overlay-gradient":""}},"_kadence_starter_templates_imported_post":false,"footnotes":""},"class_list":["post-60","page","type-page","status-publish","hentry"],"acf":[],"_links":{"self":[{"href":"https:\/\/comissoes.sbc.org.br\/ceie\/wp-json\/wp\/v2\/pages\/60","targetHints":{"allow":["GET"]}}],"collection":[{"href":"https:\/\/comissoes.sbc.org.br\/ceie\/wp-json\/wp\/v2\/pages"}],"about":[{"href":"https:\/\/comissoes.sbc.org.br\/ceie\/wp-json\/wp\/v2\/types\/page"}],"author":[{"embeddable":true,"href":"https:\/\/comissoes.sbc.org.br\/ceie\/wp-json\/wp\/v2\/users\/1"}],"replies":[{"embeddable":true,"href":"https:\/\/comissoes.sbc.org.br\/ceie\/wp-json\/wp\/v2\/comments?post=60"}],"version-history":[{"count":95,"href":"https:\/\/comissoes.sbc.org.br\/ceie\/wp-json\/wp\/v2\/pages\/60\/revisions"}],"predecessor-version":[{"id":2746,"href":"https:\/\/comissoes.sbc.org.br\/ceie\/wp-json\/wp\/v2\/pages\/60\/revisions\/2746"}],"wp:attachment":[{"href":"https:\/\/comissoes.sbc.org.br\/ceie\/wp-json\/wp\/v2\/media?parent=60"}],"curies":[{"name":"wp","href":"https:\/\/api.w.org\/{rel}","templated":true}]}}