{"id":2240,"date":"2024-12-27T16:28:24","date_gmt":"2024-12-27T16:28:24","guid":{"rendered":"https:\/\/comissoes.sbc.org.br\/ceie\/?page_id=2240"},"modified":"2026-02-05T21:27:19","modified_gmt":"2026-02-05T21:27:19","slug":"comite-gestor","status":"publish","type":"page","link":"https:\/\/comissoes.sbc.org.br\/ceie\/comite-gestor\/","title":{"rendered":"Comit\u00ea Gestor"},"content":{"rendered":"\t\t<div data-elementor-type=\"wp-page\" data-elementor-id=\"2240\" class=\"elementor elementor-2240\" data-elementor-post-type=\"page\">\n\t\t\t\t\t\t<section class=\"elementor-section elementor-top-section elementor-element elementor-element-8e6f624 elementor-section-boxed elementor-section-height-default elementor-section-height-default\" data-id=\"8e6f624\" data-element_type=\"section\" data-e-type=\"section\">\n\t\t\t\t\t\t<div class=\"elementor-container elementor-column-gap-default\">\n\t\t\t\t\t<div class=\"elementor-column elementor-col-100 elementor-top-column elementor-element elementor-element-1a5492c\" data-id=\"1a5492c\" data-element_type=\"column\" data-e-type=\"column\">\n\t\t\t<div class=\"elementor-widget-wrap\">\n\t\t\t\t\t\t\t<\/div>\n\t\t<\/div>\n\t\t\t\t\t<\/div>\n\t\t<\/section>\n\t\t\t\t<section class=\"elementor-section elementor-top-section elementor-element elementor-element-01385e6 elementor-section-boxed elementor-section-height-default elementor-section-height-default\" data-id=\"01385e6\" data-element_type=\"section\" data-e-type=\"section\">\n\t\t\t\t\t\t<div class=\"elementor-container elementor-column-gap-default\">\n\t\t\t\t\t<div class=\"elementor-column elementor-col-100 elementor-top-column elementor-element elementor-element-592569c\" data-id=\"592569c\" data-element_type=\"column\" data-e-type=\"column\">\n\t\t\t<div class=\"elementor-widget-wrap elementor-element-populated\">\n\t\t\t\t\t\t<div class=\"elementor-element elementor-element-73c940f elementor-widget elementor-widget-heading\" data-id=\"73c940f\" data-element_type=\"widget\" data-e-type=\"widget\" data-widget_type=\"heading.default\">\n\t\t\t\t\t<h1 class=\"elementor-heading-title elementor-size-default\">Comit\u00ea Gestor da CEIE <\/h1>\t\t\t\t<\/div>\n\t\t\t\t<div class=\"elementor-element elementor-element-68d0c6c elementor-widget elementor-widget-text-editor\" data-id=\"68d0c6c\" data-element_type=\"widget\" data-e-type=\"widget\" data-widget_type=\"text-editor.default\">\n\t\t\t\t\t\t\t\t\t<p>O Comit\u00ea Gestor (CG) da CEIE \u00e9 composto por s\u00f3cios da SBC que s\u00e3o eleitos pela comunidade a partir de crit\u00e9rios relacionados ao seu engajamento e atua\u00e7\u00e3o para o crescimento da mesma. Esses s\u00f3cios s\u00e3o eleitos para atuar em fun\u00e7\u00f5es espec\u00edficas. Tanto para se candidatar quanto para votar, \u00e9 necess\u00e1rio que seja s\u00f3cio da SBC e com anuidade vigente.\u00a0 Para mais informa\u00e7\u00f5es acesse o <a href=\"https:\/\/comissoes.sbc.org.br\/ceie\/wp-content\/uploads\/2024\/05\/RegimentoCEIE2023.pdf\" target=\"_blank\" rel=\"noopener\">regimente da CEIE<\/a>.<\/p>\t\t\t\t\t\t\t\t<\/div>\n\t\t\t\t\t<\/div>\n\t\t<\/div>\n\t\t\t\t\t<\/div>\n\t\t<\/section>\n\t\t\t\t<section class=\"elementor-section elementor-top-section elementor-element elementor-element-c48e207 elementor-section-boxed elementor-section-height-default elementor-section-height-default\" data-id=\"c48e207\" data-element_type=\"section\" data-e-type=\"section\">\n\t\t\t\t\t\t<div class=\"elementor-container elementor-column-gap-default\">\n\t\t\t\t\t<div class=\"elementor-column elementor-col-100 elementor-top-column elementor-element elementor-element-bee39d1\" data-id=\"bee39d1\" data-element_type=\"column\" data-e-type=\"column\">\n\t\t\t<div class=\"elementor-widget-wrap elementor-element-populated\">\n\t\t\t\t\t\t<div class=\"elementor-element elementor-element-0198982 elementor-widget elementor-widget-heading\" data-id=\"0198982\" data-element_type=\"widget\" data-e-type=\"widget\" data-widget_type=\"heading.default\">\n\t\t\t\t\t<h4 class=\"elementor-heading-title elementor-size-default\"><a href=\"https:\/\/comissoes.sbc.org.br\/ceie\/comite-gestor-2025-2026\/\">Comit\u00ea Gestor 2025-2026<\/a><\/h4>\t\t\t\t<\/div>\n\t\t\t\t<div class=\"elementor-element elementor-element-8508e81 elementor-widget elementor-widget-heading\" data-id=\"8508e81\" data-element_type=\"widget\" data-e-type=\"widget\" data-widget_type=\"heading.default\">\n\t\t\t\t\t<h4 class=\"elementor-heading-title elementor-size-default\"><a href=\"https:\/\/comissoes.sbc.org.br\/ceie\/comite-gestor-2024-2025\/\">Comit\u00ea Gestor 2024-2025\u200b<\/a><\/h4>\t\t\t\t<\/div>\n\t\t\t\t<div class=\"elementor-element elementor-element-10c19b7 elementor-widget elementor-widget-heading\" data-id=\"10c19b7\" data-element_type=\"widget\" data-e-type=\"widget\" data-widget_type=\"heading.default\">\n\t\t\t\t\t<h4 class=\"elementor-heading-title elementor-size-default\"><a href=\"https:\/\/comissoes.sbc.org.br\/ceie\/comite-gestor-2023-2024\/\">Comit\u00ea Gestor 2023-2024\u200b<\/a><\/h4>\t\t\t\t<\/div>\n\t\t\t\t\t<\/div>\n\t\t<\/div>\n\t\t\t\t\t<\/div>\n\t\t<\/section>\n\t\t\t\t<section class=\"elementor-section elementor-top-section elementor-element elementor-element-e5805f1 elementor-section-boxed elementor-section-height-default elementor-section-height-default\" data-id=\"e5805f1\" data-element_type=\"section\" data-e-type=\"section\">\n\t\t\t\t\t\t<div class=\"elementor-container elementor-column-gap-default\">\n\t\t\t\t\t<div class=\"elementor-column elementor-col-100 elementor-top-column elementor-element elementor-element-b367da4\" data-id=\"b367da4\" data-element_type=\"column\" data-e-type=\"column\">\n\t\t\t<div class=\"elementor-widget-wrap\">\n\t\t\t\t\t\t\t<\/div>\n\t\t<\/div>\n\t\t\t\t\t<\/div>\n\t\t<\/section>\n\t\t\t\t<\/div>\n\t\t","protected":false},"excerpt":{"rendered":"<p>Comit\u00ea Gestor da CEIE O Comit\u00ea Gestor (CG) da CEIE \u00e9 composto por s\u00f3cios da SBC que s\u00e3o eleitos pela [&hellip;]<\/p>\n","protected":false},"author":53770,"featured_media":0,"parent":0,"menu_order":0,"comment_status":"closed","ping_status":"closed","template":"","meta":{"_acf_changed":false,"site-sidebar-layout":"default","site-content-layout":"","ast-site-content-layout":"default","site-content-style":"default","site-sidebar-style":"default","ast-global-header-display":"","ast-banner-title-visibility":"","ast-main-header-display":"","ast-hfb-above-header-display":"","ast-hfb-below-header-display":"","ast-hfb-mobile-header-display":"","site-post-title":"","ast-breadcrumbs-content":"","ast-featured-img":"","footer-sml-layout":"","ast-disable-related-posts":"","theme-transparent-header-meta":"","adv-header-id-meta":"","stick-header-meta":"","header-above-stick-meta":"","header-main-stick-meta":"","header-below-stick-meta":"","astra-migrate-meta-layouts":"default","ast-page-background-enabled":"default","ast-page-background-meta":{"desktop":{"background-color":"var(--ast-global-color-5)","background-image":"","background-repeat":"repeat","background-position":"center center","background-size":"auto","background-attachment":"scroll","background-type":"","background-media":"","overlay-type":"","overlay-color":"","overlay-opacity":"","overlay-gradient":""},"tablet":{"background-color":"","background-image":"","background-repeat":"repeat","background-position":"center center","background-size":"auto","background-attachment":"scroll","background-type":"","background-media":"","overlay-type":"","overlay-color":"","overlay-opacity":"","overlay-gradient":""},"mobile":{"background-color":"","background-image":"","background-repeat":"repeat","background-position":"center center","background-size":"auto","background-attachment":"scroll","background-type":"","background-media":"","overlay-type":"","overlay-color":"","overlay-opacity":"","overlay-gradient":""}},"ast-content-background-meta":{"desktop":{"background-color":"var(--ast-global-color-4)","background-image":"","background-repeat":"repeat","background-position":"center center","background-size":"auto","background-attachment":"scroll","background-type":"","background-media":"","overlay-type":"","overlay-color":"","overlay-opacity":"","overlay-gradient":""},"tablet":{"background-color":"var(--ast-global-color-4)","background-image":"","background-repeat":"repeat","background-position":"center center","background-size":"auto","background-attachment":"scroll","background-type":"","background-media":"","overlay-type":"","overlay-color":"","overlay-opacity":"","overlay-gradient":""},"mobile":{"background-color":"var(--ast-global-color-4)","background-image":"","background-repeat":"repeat","background-position":"center center","background-size":"auto","background-attachment":"scroll","background-type":"","background-media":"","overlay-type":"","overlay-color":"","overlay-opacity":"","overlay-gradient":""}},"_kadence_starter_templates_imported_post":false,"footnotes":""},"class_list":["post-2240","page","type-page","status-publish","hentry"],"acf":[],"_links":{"self":[{"href":"https:\/\/comissoes.sbc.org.br\/ceie\/wp-json\/wp\/v2\/pages\/2240","targetHints":{"allow":["GET"]}}],"collection":[{"href":"https:\/\/comissoes.sbc.org.br\/ceie\/wp-json\/wp\/v2\/pages"}],"about":[{"href":"https:\/\/comissoes.sbc.org.br\/ceie\/wp-json\/wp\/v2\/types\/page"}],"author":[{"embeddable":true,"href":"https:\/\/comissoes.sbc.org.br\/ceie\/wp-json\/wp\/v2\/users\/53770"}],"replies":[{"embeddable":true,"href":"https:\/\/comissoes.sbc.org.br\/ceie\/wp-json\/wp\/v2\/comments?post=2240"}],"version-history":[{"count":14,"href":"https:\/\/comissoes.sbc.org.br\/ceie\/wp-json\/wp\/v2\/pages\/2240\/revisions"}],"predecessor-version":[{"id":2789,"href":"https:\/\/comissoes.sbc.org.br\/ceie\/wp-json\/wp\/v2\/pages\/2240\/revisions\/2789"}],"wp:attachment":[{"href":"https:\/\/comissoes.sbc.org.br\/ceie\/wp-json\/wp\/v2\/media?parent=2240"}],"curies":[{"name":"wp","href":"https:\/\/api.w.org\/{rel}","templated":true}]}}