{"id":2204,"date":"2024-12-26T17:39:16","date_gmt":"2024-12-26T17:39:16","guid":{"rendered":"https:\/\/comissoes.sbc.org.br\/ceie\/?page_id=2204"},"modified":"2025-02-04T18:47:51","modified_gmt":"2025-02-04T18:47:51","slug":"conferencistas-seniores-2024","status":"publish","type":"page","link":"https:\/\/comissoes.sbc.org.br\/ceie\/conferencistas-seniores-2024\/","title":{"rendered":"Conferencistas Seniores 2024"},"content":{"rendered":"\t\t<div data-elementor-type=\"wp-page\" data-elementor-id=\"2204\" class=\"elementor elementor-2204\" data-elementor-post-type=\"page\">\n\t\t\t\t\t\t<section class=\"elementor-section elementor-top-section elementor-element elementor-element-8e6f624 elementor-section-boxed elementor-section-height-default elementor-section-height-default\" data-id=\"8e6f624\" data-element_type=\"section\" data-e-type=\"section\">\n\t\t\t\t\t\t<div class=\"elementor-container elementor-column-gap-default\">\n\t\t\t\t\t<div class=\"elementor-column elementor-col-100 elementor-top-column elementor-element elementor-element-a080864\" data-id=\"a080864\" data-element_type=\"column\" data-e-type=\"column\">\n\t\t\t<div class=\"elementor-widget-wrap elementor-element-populated\">\n\t\t\t\t\t\t<div class=\"elementor-element elementor-element-73c940f elementor-widget elementor-widget-heading\" data-id=\"73c940f\" data-element_type=\"widget\" data-e-type=\"widget\" data-widget_type=\"heading.default\">\n\t\t\t\t\t<h1 class=\"elementor-heading-title elementor-size-default\">Conferencistas Seniores 2024<\/h1>\t\t\t\t<\/div>\n\t\t\t\t<div class=\"elementor-element elementor-element-e258e07 elementor-widget elementor-widget-text-editor\" data-id=\"e258e07\" data-element_type=\"widget\" data-e-type=\"widget\" data-widget_type=\"text-editor.default\">\n\t\t\t\t\t\t\t\t\t<p>A Comiss\u00e3o Especial de Inform\u00e1tica na Educa\u00e7\u00e3o da Sociedade Brasileira de Computa\u00e7\u00e3o certificou os professores e pesquisadores <strong>Liane Tarouco, Lucia Giraffa e Seiji Isotani<\/strong>, escolhidos pela comunidade acad\u00eamica como <strong>Conferencistas Seniores 2024<\/strong> na \u00e1rea de <strong>Inform\u00e1tica na Educa\u00e7\u00e3o<\/strong>, em reconhecimento a sua excel\u00eancia acad\u00eamica e contribui\u00e7\u00f5es significativas para a comunidade brasileira de Computa\u00e7\u00e3o.<\/p>\t\t\t\t\t\t\t\t<\/div>\n\t\t\t\t\t<\/div>\n\t\t<\/div>\n\t\t\t\t\t<\/div>\n\t\t<\/section>\n\t\t\t\t<section class=\"elementor-section elementor-top-section elementor-element elementor-element-f68e7a2 elementor-section-boxed elementor-section-height-default elementor-section-height-default\" data-id=\"f68e7a2\" data-element_type=\"section\" data-e-type=\"section\">\n\t\t\t\t\t\t<div class=\"elementor-container elementor-column-gap-narrow\">\n\t\t\t\t\t<div class=\"elementor-column elementor-col-33 elementor-top-column elementor-element elementor-element-eefcc1f\" data-id=\"eefcc1f\" data-element_type=\"column\" data-e-type=\"column\">\n\t\t\t<div class=\"elementor-widget-wrap elementor-element-populated\">\n\t\t\t\t\t\t<div class=\"elementor-element elementor-element-646659a elementor-widget elementor-widget-image\" data-id=\"646659a\" data-element_type=\"widget\" data-e-type=\"widget\" data-widget_type=\"image.default\">\n\t\t\t\t\t\t\t\t\t\t\t\t\t\t\t<img decoding=\"async\" width=\"150\" height=\"150\" src=\"https:\/\/comissoes.sbc.org.br\/ceie\/wp-content\/uploads\/2024\/12\/liane-150x150.png\" class=\"attachment-thumbnail size-thumbnail wp-image-2207\" alt=\"Foto de Liane Tarouco, professora indicada como conferecista senior\" srcset=\"https:\/\/comissoes.sbc.org.br\/ceie\/wp-content\/uploads\/2024\/12\/liane-150x150.png 150w, https:\/\/comissoes.sbc.org.br\/ceie\/wp-content\/uploads\/2024\/12\/liane-300x300.png 300w, https:\/\/comissoes.sbc.org.br\/ceie\/wp-content\/uploads\/2024\/12\/liane.png 536w\" sizes=\"(max-width: 150px) 100vw, 150px\" \/>\t\t\t\t\t\t\t\t\t\t\t\t\t\t\t<\/div>\n\t\t\t\t<div class=\"elementor-element elementor-element-e01f4ce elementor-widget elementor-widget-heading\" data-id=\"e01f4ce\" data-element_type=\"widget\" data-e-type=\"widget\" data-widget_type=\"heading.default\">\n\t\t\t\t\t<h2 class=\"elementor-heading-title elementor-size-default\">Liane Tarouco (UFRGS)\n<\/h2>\t\t\t\t<\/div>\n\t\t\t\t\t<\/div>\n\t\t<\/div>\n\t\t\t\t<div class=\"elementor-column elementor-col-33 elementor-top-column elementor-element elementor-element-f8efd96\" data-id=\"f8efd96\" data-element_type=\"column\" data-e-type=\"column\">\n\t\t\t<div class=\"elementor-widget-wrap elementor-element-populated\">\n\t\t\t\t\t\t<div class=\"elementor-element elementor-element-79417f0 elementor-widget elementor-widget-image\" data-id=\"79417f0\" data-element_type=\"widget\" data-e-type=\"widget\" data-widget_type=\"image.default\">\n\t\t\t\t\t\t\t\t\t\t\t\t\t\t\t<img decoding=\"async\" width=\"150\" height=\"150\" src=\"https:\/\/comissoes.sbc.org.br\/ceie\/wp-content\/uploads\/2024\/12\/s200_lucia.giraffa-150x150.jpg\" class=\"attachment-thumbnail size-thumbnail wp-image-2209\" alt=\"Foto de Lucia Giraffa, professora indicada como conferecista senior\" srcset=\"https:\/\/comissoes.sbc.org.br\/ceie\/wp-content\/uploads\/2024\/12\/s200_lucia.giraffa-150x150.jpg 150w, https:\/\/comissoes.sbc.org.br\/ceie\/wp-content\/uploads\/2024\/12\/s200_lucia.giraffa.jpg 200w\" sizes=\"(max-width: 150px) 100vw, 150px\" \/>\t\t\t\t\t\t\t\t\t\t\t\t\t\t\t<\/div>\n\t\t\t\t<div class=\"elementor-element elementor-element-e98db8d elementor-widget elementor-widget-heading\" data-id=\"e98db8d\" data-element_type=\"widget\" data-e-type=\"widget\" data-widget_type=\"heading.default\">\n\t\t\t\t\t<h2 class=\"elementor-heading-title elementor-size-default\">Lucia Giraffa (PUCRS)<\/h2>\t\t\t\t<\/div>\n\t\t\t\t\t<\/div>\n\t\t<\/div>\n\t\t\t\t<div class=\"elementor-column elementor-col-33 elementor-top-column elementor-element elementor-element-aad7219\" data-id=\"aad7219\" data-element_type=\"column\" data-e-type=\"column\">\n\t\t\t<div class=\"elementor-widget-wrap elementor-element-populated\">\n\t\t\t\t\t\t<div class=\"elementor-element elementor-element-fd8fada elementor-widget elementor-widget-image\" data-id=\"fd8fada\" data-element_type=\"widget\" data-e-type=\"widget\" data-widget_type=\"image.default\">\n\t\t\t\t\t\t\t\t\t\t\t\t\t\t\t<img decoding=\"async\" width=\"150\" height=\"150\" src=\"https:\/\/comissoes.sbc.org.br\/ceie\/wp-content\/uploads\/2024\/12\/0-0-seiji-isotani.jpg-150x150.webp\" class=\"attachment-thumbnail size-thumbnail wp-image-2208\" alt=\"Foto de Seiji Isotani, professor indicado como conferecista senior\" srcset=\"https:\/\/comissoes.sbc.org.br\/ceie\/wp-content\/uploads\/2024\/12\/0-0-seiji-isotani.jpg-150x150.webp 150w, https:\/\/comissoes.sbc.org.br\/ceie\/wp-content\/uploads\/2024\/12\/0-0-seiji-isotani.jpg.webp 250w\" sizes=\"(max-width: 150px) 100vw, 150px\" \/>\t\t\t\t\t\t\t\t\t\t\t\t\t\t\t<\/div>\n\t\t\t\t<div class=\"elementor-element elementor-element-4e443c3 elementor-widget elementor-widget-heading\" data-id=\"4e443c3\" data-element_type=\"widget\" data-e-type=\"widget\" data-widget_type=\"heading.default\">\n\t\t\t\t\t<h2 class=\"elementor-heading-title elementor-size-default\">Seiji Isotani (ICMC\/USP)\n<\/h2>\t\t\t\t<\/div>\n\t\t\t\t\t<\/div>\n\t\t<\/div>\n\t\t\t\t\t<\/div>\n\t\t<\/section>\n\t\t\t\t<\/div>\n\t\t","protected":false},"excerpt":{"rendered":"<p>Conferencistas Seniores 2024 A Comiss\u00e3o Especial de Inform\u00e1tica na Educa\u00e7\u00e3o da Sociedade Brasileira de Computa\u00e7\u00e3o certificou os professores e pesquisadores [&hellip;]<\/p>\n","protected":false},"author":53770,"featured_media":0,"parent":0,"menu_order":0,"comment_status":"closed","ping_status":"closed","template":"","meta":{"_acf_changed":false,"site-sidebar-layout":"default","site-content-layout":"","ast-site-content-layout":"default","site-content-style":"default","site-sidebar-style":"default","ast-global-header-display":"","ast-banner-title-visibility":"","ast-main-header-display":"","ast-hfb-above-header-display":"","ast-hfb-below-header-display":"","ast-hfb-mobile-header-display":"","site-post-title":"","ast-breadcrumbs-content":"","ast-featured-img":"","footer-sml-layout":"","ast-disable-related-posts":"","theme-transparent-header-meta":"","adv-header-id-meta":"","stick-header-meta":"","header-above-stick-meta":"","header-main-stick-meta":"","header-below-stick-meta":"","astra-migrate-meta-layouts":"default","ast-page-background-enabled":"default","ast-page-background-meta":{"desktop":{"background-color":"var(--ast-global-color-5)","background-image":"","background-repeat":"repeat","background-position":"center center","background-size":"auto","background-attachment":"scroll","background-type":"","background-media":"","overlay-type":"","overlay-color":"","overlay-opacity":"","overlay-gradient":""},"tablet":{"background-color":"","background-image":"","background-repeat":"repeat","background-position":"center center","background-size":"auto","background-attachment":"scroll","background-type":"","background-media":"","overlay-type":"","overlay-color":"","overlay-opacity":"","overlay-gradient":""},"mobile":{"background-color":"","background-image":"","background-repeat":"repeat","background-position":"center center","background-size":"auto","background-attachment":"scroll","background-type":"","background-media":"","overlay-type":"","overlay-color":"","overlay-opacity":"","overlay-gradient":""}},"ast-content-background-meta":{"desktop":{"background-color":"var(--ast-global-color-4)","background-image":"","background-repeat":"repeat","background-position":"center center","background-size":"auto","background-attachment":"scroll","background-type":"","background-media":"","overlay-type":"","overlay-color":"","overlay-opacity":"","overlay-gradient":""},"tablet":{"background-color":"var(--ast-global-color-4)","background-image":"","background-repeat":"repeat","background-position":"center center","background-size":"auto","background-attachment":"scroll","background-type":"","background-media":"","overlay-type":"","overlay-color":"","overlay-opacity":"","overlay-gradient":""},"mobile":{"background-color":"var(--ast-global-color-4)","background-image":"","background-repeat":"repeat","background-position":"center center","background-size":"auto","background-attachment":"scroll","background-type":"","background-media":"","overlay-type":"","overlay-color":"","overlay-opacity":"","overlay-gradient":""}},"_kadence_starter_templates_imported_post":false,"footnotes":""},"class_list":["post-2204","page","type-page","status-publish","hentry"],"acf":[],"_links":{"self":[{"href":"https:\/\/comissoes.sbc.org.br\/ceie\/wp-json\/wp\/v2\/pages\/2204","targetHints":{"allow":["GET"]}}],"collection":[{"href":"https:\/\/comissoes.sbc.org.br\/ceie\/wp-json\/wp\/v2\/pages"}],"about":[{"href":"https:\/\/comissoes.sbc.org.br\/ceie\/wp-json\/wp\/v2\/types\/page"}],"author":[{"embeddable":true,"href":"https:\/\/comissoes.sbc.org.br\/ceie\/wp-json\/wp\/v2\/users\/53770"}],"replies":[{"embeddable":true,"href":"https:\/\/comissoes.sbc.org.br\/ceie\/wp-json\/wp\/v2\/comments?post=2204"}],"version-history":[{"count":22,"href":"https:\/\/comissoes.sbc.org.br\/ceie\/wp-json\/wp\/v2\/pages\/2204\/revisions"}],"predecessor-version":[{"id":2316,"href":"https:\/\/comissoes.sbc.org.br\/ceie\/wp-json\/wp\/v2\/pages\/2204\/revisions\/2316"}],"wp:attachment":[{"href":"https:\/\/comissoes.sbc.org.br\/ceie\/wp-json\/wp\/v2\/media?parent=2204"}],"curies":[{"name":"wp","href":"https:\/\/api.w.org\/{rel}","templated":true}]}}