{"id":2194,"date":"2024-12-26T17:09:11","date_gmt":"2024-12-26T17:09:11","guid":{"rendered":"https:\/\/comissoes.sbc.org.br\/ceie\/?page_id=2194"},"modified":"2026-03-31T19:14:13","modified_gmt":"2026-03-31T19:14:13","slug":"revisores-destaque-2024","status":"publish","type":"page","link":"https:\/\/comissoes.sbc.org.br\/ceie\/revisores-destaque-2024\/","title":{"rendered":"Revisores Destaque 2024"},"content":{"rendered":"\t\t<div data-elementor-type=\"wp-page\" data-elementor-id=\"2194\" class=\"elementor elementor-2194\" data-elementor-post-type=\"page\">\n\t\t\t\t\t\t<section class=\"elementor-section elementor-top-section elementor-element elementor-element-8e6f624 elementor-section-boxed elementor-section-height-default elementor-section-height-default\" data-id=\"8e6f624\" data-element_type=\"section\" data-e-type=\"section\">\n\t\t\t\t\t\t<div class=\"elementor-container elementor-column-gap-default\">\n\t\t\t\t\t<div class=\"elementor-column elementor-col-100 elementor-top-column elementor-element elementor-element-a080864\" data-id=\"a080864\" data-element_type=\"column\" data-e-type=\"column\">\n\t\t\t<div class=\"elementor-widget-wrap\">\n\t\t\t\t\t\t\t<\/div>\n\t\t<\/div>\n\t\t\t\t\t<\/div>\n\t\t<\/section>\n\t\t\t\t<section class=\"elementor-section elementor-top-section elementor-element elementor-element-de84cd4 elementor-section-boxed elementor-section-height-default elementor-section-height-default\" data-id=\"de84cd4\" data-element_type=\"section\" data-e-type=\"section\">\n\t\t\t\t\t\t<div class=\"elementor-container elementor-column-gap-default\">\n\t\t\t\t\t<div class=\"elementor-column elementor-col-50 elementor-top-column elementor-element elementor-element-2f10dd4\" data-id=\"2f10dd4\" data-element_type=\"column\" data-e-type=\"column\">\n\t\t\t<div class=\"elementor-widget-wrap elementor-element-populated\">\n\t\t\t\t\t\t<div class=\"elementor-element elementor-element-ba7478e elementor-widget__width-initial elementor-widget elementor-widget-image\" data-id=\"ba7478e\" data-element_type=\"widget\" data-e-type=\"widget\" data-widget_type=\"image.default\">\n\t\t\t\t\t\t\t\t\t\t\t\t\t\t\t<img decoding=\"async\" width=\"63\" height=\"88\" src=\"https:\/\/comissoes.sbc.org.br\/ceie\/wp-content\/uploads\/2024\/05\/mencao-honrosa.png\" class=\"attachment-medium size-medium wp-image-1619\" alt=\"S\u00edmbolo de medalha para identificar men\u00e7\u00e3o honrosa\" \/>\t\t\t\t\t\t\t\t\t\t\t\t\t\t\t<\/div>\n\t\t\t\t\t<\/div>\n\t\t<\/div>\n\t\t\t\t<div class=\"elementor-column elementor-col-50 elementor-top-column elementor-element elementor-element-f0579c4\" data-id=\"f0579c4\" data-element_type=\"column\" data-e-type=\"column\">\n\t\t\t<div class=\"elementor-widget-wrap elementor-element-populated\">\n\t\t\t\t\t\t<div class=\"elementor-element elementor-element-f5e0507 elementor-widget elementor-widget-heading\" data-id=\"f5e0507\" data-element_type=\"widget\" data-e-type=\"widget\" data-widget_type=\"heading.default\">\n\t\t\t\t\t<h1 class=\"elementor-heading-title elementor-size-default\">Revisores e Revisoras Destaque - SBIE 2025<\/h1>\t\t\t\t<\/div>\n\t\t\t\t<div class=\"elementor-element elementor-element-01da0df elementor-widget elementor-widget-text-editor\" data-id=\"01da0df\" data-element_type=\"widget\" data-e-type=\"widget\" data-widget_type=\"text-editor.default\">\n\t\t\t\t\t\t\t\t\t<ul><li><strong>Almir de Oliveira Costa Junior<\/strong> (Universidade do Estado do Amazonas)<\/li><li><strong>Danyllo Albuquerque<\/strong> (Universidade Federal de Campina Grande)<\/li><li><strong>De\u00f3genes P. da Silva Junior<\/strong> (Universidade Federal do Paran\u00e1)<\/li><li><strong>Gabriela dos Santos<\/strong> (Universidade Federal do Paran\u00e1)<\/li><li><strong>Leo Natan Paschoal<\/strong> (Pontif\u00edcia Universidade Cat\u00f3lica do Paran\u00e1)<\/li><li><strong>Raul Paradeda<\/strong> (Universidade Federal do Rio Grande do Norte)<\/li><li><strong>Rita Suzana Pitangueira Maciel<\/strong> (Universidade Federal da Bahia)<\/li><\/ul>\t\t\t\t\t\t\t\t<\/div>\n\t\t\t\t\t<\/div>\n\t\t<\/div>\n\t\t\t\t\t<\/div>\n\t\t<\/section>\n\t\t\t\t<section class=\"elementor-section elementor-top-section elementor-element elementor-element-10b8da6 elementor-section-boxed elementor-section-height-default elementor-section-height-default\" data-id=\"10b8da6\" data-element_type=\"section\" data-e-type=\"section\">\n\t\t\t\t\t\t<div class=\"elementor-container elementor-column-gap-default\">\n\t\t\t\t\t<div class=\"elementor-column elementor-col-50 elementor-top-column elementor-element elementor-element-a576464\" data-id=\"a576464\" data-element_type=\"column\" data-e-type=\"column\">\n\t\t\t<div class=\"elementor-widget-wrap elementor-element-populated\">\n\t\t\t\t\t\t<div class=\"elementor-element elementor-element-7a87159 elementor-widget__width-initial elementor-widget elementor-widget-image\" data-id=\"7a87159\" data-element_type=\"widget\" data-e-type=\"widget\" data-widget_type=\"image.default\">\n\t\t\t\t\t\t\t\t\t\t\t\t\t\t\t<img decoding=\"async\" width=\"63\" height=\"88\" src=\"https:\/\/comissoes.sbc.org.br\/ceie\/wp-content\/uploads\/2024\/05\/mencao-honrosa.png\" class=\"attachment-medium size-medium wp-image-1619\" alt=\"S\u00edmbolo de medalha para identificar men\u00e7\u00e3o honrosa\" \/>\t\t\t\t\t\t\t\t\t\t\t\t\t\t\t<\/div>\n\t\t\t\t\t<\/div>\n\t\t<\/div>\n\t\t\t\t<div class=\"elementor-column elementor-col-50 elementor-top-column elementor-element elementor-element-003a37b\" data-id=\"003a37b\" data-element_type=\"column\" data-e-type=\"column\">\n\t\t\t<div class=\"elementor-widget-wrap elementor-element-populated\">\n\t\t\t\t\t\t<div class=\"elementor-element elementor-element-73c940f elementor-widget elementor-widget-heading\" data-id=\"73c940f\" data-element_type=\"widget\" data-e-type=\"widget\" data-widget_type=\"heading.default\">\n\t\t\t\t\t<h1 class=\"elementor-heading-title elementor-size-default\">Revisores e Revisoras Destaque - WIE 2024<\/h1>\t\t\t\t<\/div>\n\t\t\t\t<div class=\"elementor-element elementor-element-dbe3c1d elementor-widget elementor-widget-text-editor\" data-id=\"dbe3c1d\" data-element_type=\"widget\" data-e-type=\"widget\" data-widget_type=\"text-editor.default\">\n\t\t\t\t\t\t\t\t\t<ul><li><strong>Ana Liz Souto Oliveira<\/strong> (Universidade Federal de Campina Grande)<\/li><li><strong>Andr\u00e9a Pereira<\/strong> (Instituto Federal Farroupilha)<\/li><li><strong>Apuena Gomes<\/strong> (Universidade Federal do Rio Grande do Norte)<\/li><li><strong>Patr\u00edcia Augustin Jaques<\/strong> (Universidade Federal do Paran\u00e1 e Universidade<br \/>Federal de Pelotas)<\/li><li><strong>Sean Wolfgand Matsui Siqueira<\/strong> (Universidade Federal do Estado do Rio<br \/>de Janeiro)<\/li><\/ul>\t\t\t\t\t\t\t\t<\/div>\n\t\t\t\t\t<\/div>\n\t\t<\/div>\n\t\t\t\t\t<\/div>\n\t\t<\/section>\n\t\t\t\t<section class=\"elementor-section elementor-top-section elementor-element elementor-element-fd860bd elementor-section-boxed elementor-section-height-default elementor-section-height-default\" data-id=\"fd860bd\" data-element_type=\"section\" data-e-type=\"section\">\n\t\t\t\t\t\t<div class=\"elementor-container elementor-column-gap-default\">\n\t\t\t\t\t<div class=\"elementor-column elementor-col-50 elementor-top-column elementor-element elementor-element-195c0e3\" data-id=\"195c0e3\" data-element_type=\"column\" data-e-type=\"column\">\n\t\t\t<div class=\"elementor-widget-wrap elementor-element-populated\">\n\t\t\t\t\t\t<div class=\"elementor-element elementor-element-548d6f6 elementor-widget__width-initial elementor-widget elementor-widget-image\" data-id=\"548d6f6\" data-element_type=\"widget\" data-e-type=\"widget\" data-widget_type=\"image.default\">\n\t\t\t\t\t\t\t\t\t\t\t\t\t\t\t<img decoding=\"async\" width=\"63\" height=\"88\" src=\"https:\/\/comissoes.sbc.org.br\/ceie\/wp-content\/uploads\/2024\/05\/mencao-honrosa.png\" class=\"attachment-medium size-medium wp-image-1619\" alt=\"S\u00edmbolo de medalha para identificar men\u00e7\u00e3o honrosa\" \/>\t\t\t\t\t\t\t\t\t\t\t\t\t\t\t<\/div>\n\t\t\t\t\t<\/div>\n\t\t<\/div>\n\t\t\t\t<div class=\"elementor-column elementor-col-50 elementor-top-column elementor-element elementor-element-39cb92e\" data-id=\"39cb92e\" data-element_type=\"column\" data-e-type=\"column\">\n\t\t\t<div class=\"elementor-widget-wrap elementor-element-populated\">\n\t\t\t\t\t\t<div class=\"elementor-element elementor-element-b5b67db elementor-widget elementor-widget-heading\" data-id=\"b5b67db\" data-element_type=\"widget\" data-e-type=\"widget\" data-widget_type=\"heading.default\">\n\t\t\t\t\t<h1 class=\"elementor-heading-title elementor-size-default\">Revisores e Revisoras Destaque - SBIE 2024<\/h1>\t\t\t\t<\/div>\n\t\t\t\t<div class=\"elementor-element elementor-element-543457b elementor-widget elementor-widget-text-editor\" data-id=\"543457b\" data-element_type=\"widget\" data-e-type=\"widget\" data-widget_type=\"text-editor.default\">\n\t\t\t\t\t\t\t\t\t<ul><li><strong>Anelise Lemke Kologeski<\/strong> (Instituto Federal do Rio Grande do Sul &#8211; Campus Os\u00f3rio)<\/li><li><strong>Diego Molinos<\/strong> (Universidade Federal de Uberl\u00e2ndia)<\/li><li><strong>Fernanda Pires<\/strong> (Universidade do Estado do Amazonas)<\/li><li><strong>Ivanilse Calder\u00f3n<\/strong> (Universidade Federal de Rond\u00f4nia)<\/li><li><strong>Gabriela dos Santos<\/strong> (Universidade Federal do Paran\u00e1)<\/li><li><strong>Laura Jurgina<\/strong> (Universidade Federal de Pelotas)<\/li><li><strong>Lizandro Oliveira<\/strong> (Universidade Cat\u00f3lica de Pelotas)<\/li><li><strong>M\u00e1rcia Franco<\/strong> (Instituto Federal do Rio Grande do Sul &#8211; Campus Porto Alegre)<\/li><li><strong>Ramon Mayor Martins<\/strong> (Instituto Federal de Santa Catarina)<\/li><\/ul>\t\t\t\t\t\t\t\t<\/div>\n\t\t\t\t\t<\/div>\n\t\t<\/div>\n\t\t\t\t\t<\/div>\n\t\t<\/section>\n\t\t\t\t<\/div>\n\t\t","protected":false},"excerpt":{"rendered":"<p>Revisores e Revisoras Destaque &#8211; SBIE 2025 Almir de Oliveira Costa Junior (Universidade do Estado do Amazonas) Danyllo Albuquerque (Universidade [&hellip;]<\/p>\n","protected":false},"author":53770,"featured_media":0,"parent":0,"menu_order":0,"comment_status":"closed","ping_status":"closed","template":"","meta":{"_acf_changed":false,"site-sidebar-layout":"default","site-content-layout":"","ast-site-content-layout":"default","site-content-style":"default","site-sidebar-style":"default","ast-global-header-display":"","ast-banner-title-visibility":"","ast-main-header-display":"","ast-hfb-above-header-display":"","ast-hfb-below-header-display":"","ast-hfb-mobile-header-display":"","site-post-title":"","ast-breadcrumbs-content":"","ast-featured-img":"","footer-sml-layout":"","ast-disable-related-posts":"","theme-transparent-header-meta":"","adv-header-id-meta":"","stick-header-meta":"","header-above-stick-meta":"","header-main-stick-meta":"","header-below-stick-meta":"","astra-migrate-meta-layouts":"default","ast-page-background-enabled":"default","ast-page-background-meta":{"desktop":{"background-color":"var(--ast-global-color-5)","background-image":"","background-repeat":"repeat","background-position":"center center","background-size":"auto","background-attachment":"scroll","background-type":"","background-media":"","overlay-type":"","overlay-color":"","overlay-opacity":"","overlay-gradient":""},"tablet":{"background-color":"","background-image":"","background-repeat":"repeat","background-position":"center center","background-size":"auto","background-attachment":"scroll","background-type":"","background-media":"","overlay-type":"","overlay-color":"","overlay-opacity":"","overlay-gradient":""},"mobile":{"background-color":"","background-image":"","background-repeat":"repeat","background-position":"center center","background-size":"auto","background-attachment":"scroll","background-type":"","background-media":"","overlay-type":"","overlay-color":"","overlay-opacity":"","overlay-gradient":""}},"ast-content-background-meta":{"desktop":{"background-color":"var(--ast-global-color-4)","background-image":"","background-repeat":"repeat","background-position":"center center","background-size":"auto","background-attachment":"scroll","background-type":"","background-media":"","overlay-type":"","overlay-color":"","overlay-opacity":"","overlay-gradient":""},"tablet":{"background-color":"var(--ast-global-color-4)","background-image":"","background-repeat":"repeat","background-position":"center center","background-size":"auto","background-attachment":"scroll","background-type":"","background-media":"","overlay-type":"","overlay-color":"","overlay-opacity":"","overlay-gradient":""},"mobile":{"background-color":"var(--ast-global-color-4)","background-image":"","background-repeat":"repeat","background-position":"center center","background-size":"auto","background-attachment":"scroll","background-type":"","background-media":"","overlay-type":"","overlay-color":"","overlay-opacity":"","overlay-gradient":""}},"_kadence_starter_templates_imported_post":false,"footnotes":""},"class_list":["post-2194","page","type-page","status-publish","hentry"],"acf":[],"_links":{"self":[{"href":"https:\/\/comissoes.sbc.org.br\/ceie\/wp-json\/wp\/v2\/pages\/2194","targetHints":{"allow":["GET"]}}],"collection":[{"href":"https:\/\/comissoes.sbc.org.br\/ceie\/wp-json\/wp\/v2\/pages"}],"about":[{"href":"https:\/\/comissoes.sbc.org.br\/ceie\/wp-json\/wp\/v2\/types\/page"}],"author":[{"embeddable":true,"href":"https:\/\/comissoes.sbc.org.br\/ceie\/wp-json\/wp\/v2\/users\/53770"}],"replies":[{"embeddable":true,"href":"https:\/\/comissoes.sbc.org.br\/ceie\/wp-json\/wp\/v2\/comments?post=2194"}],"version-history":[{"count":13,"href":"https:\/\/comissoes.sbc.org.br\/ceie\/wp-json\/wp\/v2\/pages\/2194\/revisions"}],"predecessor-version":[{"id":2885,"href":"https:\/\/comissoes.sbc.org.br\/ceie\/wp-json\/wp\/v2\/pages\/2194\/revisions\/2885"}],"wp:attachment":[{"href":"https:\/\/comissoes.sbc.org.br\/ceie\/wp-json\/wp\/v2\/media?parent=2194"}],"curies":[{"name":"wp","href":"https:\/\/api.w.org\/{rel}","templated":true}]}}