{"id":1950,"date":"2024-06-07T17:58:21","date_gmt":"2024-06-07T17:58:21","guid":{"rendered":"https:\/\/comissoes.sbc.org.br\/ceie\/?page_id=1950"},"modified":"2026-03-31T17:15:36","modified_gmt":"2026-03-31T17:15:36","slug":"anais-sbie-2","status":"publish","type":"page","link":"https:\/\/comissoes.sbc.org.br\/ceie\/anais-sbie-2\/","title":{"rendered":"Anais SBIE"},"content":{"rendered":"\t\t<div data-elementor-type=\"wp-page\" data-elementor-id=\"1950\" class=\"elementor elementor-1950\" data-elementor-post-type=\"page\">\n\t\t\t\t\t\t<section class=\"elementor-section elementor-top-section elementor-element elementor-element-5cc0e0ed elementor-section-boxed elementor-section-height-default elementor-section-height-default\" data-id=\"5cc0e0ed\" data-element_type=\"section\" data-e-type=\"section\">\n\t\t\t\t\t\t<div class=\"elementor-container elementor-column-gap-default\">\n\t\t\t\t\t<div class=\"elementor-column elementor-col-100 elementor-top-column elementor-element elementor-element-71ec2165\" data-id=\"71ec2165\" data-element_type=\"column\" data-e-type=\"column\">\n\t\t\t<div class=\"elementor-widget-wrap elementor-element-populated\">\n\t\t\t\t\t\t<section class=\"elementor-section elementor-inner-section elementor-element elementor-element-88419e5 elementor-section-boxed elementor-section-height-default elementor-section-height-default\" data-id=\"88419e5\" data-element_type=\"section\" data-e-type=\"section\">\n\t\t\t\t\t\t<div class=\"elementor-container elementor-column-gap-default\">\n\t\t\t\t\t<div class=\"elementor-column elementor-col-100 elementor-inner-column elementor-element elementor-element-279dd72\" data-id=\"279dd72\" data-element_type=\"column\" data-e-type=\"column\">\n\t\t\t<div class=\"elementor-widget-wrap elementor-element-populated\">\n\t\t\t\t\t\t<div class=\"elementor-element elementor-element-c6cd28c elementor-widget elementor-widget-heading\" data-id=\"c6cd28c\" data-element_type=\"widget\" data-e-type=\"widget\" data-widget_type=\"heading.default\">\n\t\t\t\t\t<h2 class=\"elementor-heading-title elementor-size-default\">Anais do Simp\u00f3sio Brasileiro de Inform\u00e1tica na Educa\u00e7\u00e3o<\/h2>\t\t\t\t<\/div>\n\t\t\t\t\t<\/div>\n\t\t<\/div>\n\t\t\t\t\t<\/div>\n\t\t<\/section>\n\t\t\t\t\t<\/div>\n\t\t<\/div>\n\t\t\t\t\t<\/div>\n\t\t<\/section>\n\t\t\t\t<section class=\"elementor-section elementor-top-section elementor-element elementor-element-3f6ac07 elementor-section-boxed elementor-section-height-default elementor-section-height-default\" data-id=\"3f6ac07\" data-element_type=\"section\" data-e-type=\"section\">\n\t\t\t\t\t\t<div class=\"elementor-container elementor-column-gap-default\">\n\t\t\t\t\t<div class=\"elementor-column elementor-col-100 elementor-top-column elementor-element elementor-element-3e485b8\" data-id=\"3e485b8\" data-element_type=\"column\" data-e-type=\"column\">\n\t\t\t<div class=\"elementor-widget-wrap\">\n\t\t\t\t\t\t\t<\/div>\n\t\t<\/div>\n\t\t\t\t\t<\/div>\n\t\t<\/section>\n\t\t\t\t<section class=\"elementor-section elementor-top-section elementor-element elementor-element-dd3744e elementor-section-boxed elementor-section-height-default elementor-section-height-default\" data-id=\"dd3744e\" data-element_type=\"section\" data-e-type=\"section\">\n\t\t\t\t\t\t<div class=\"elementor-container elementor-column-gap-default\">\n\t\t\t\t\t<div class=\"elementor-column elementor-col-100 elementor-top-column elementor-element elementor-element-86e217d\" data-id=\"86e217d\" data-element_type=\"column\" data-e-type=\"column\">\n\t\t\t<div class=\"elementor-widget-wrap elementor-element-populated\">\n\t\t\t\t\t\t<div class=\"elementor-element elementor-element-edeeb43 elementor-widget elementor-widget-text-editor\" data-id=\"edeeb43\" data-element_type=\"widget\" data-e-type=\"widget\" data-widget_type=\"text-editor.default\">\n\t\t\t\t\t\t\t\t\t<p>O <strong>Simp\u00f3sio Brasileiro de Inform\u00e1tica na Educa\u00e7\u00e3o (SBIE)<\/strong> \u00e9 um evento anual promovido pela Comiss\u00e3o Especial de Inform\u00e1tica na Educa\u00e7\u00e3o (CEIE) da Sociedade Brasileira de Computa\u00e7\u00e3o (SBC). Atualmente, o SBIE \u00e9 classificado como um evento <strong>Qualis A3<\/strong>. Tem como objetivos divulgar a produ\u00e7\u00e3o cient\u00edfica nacional nesta \u00e1rea e proporcionar um ambiente para a troca de experi\u00eancias e ideias entre pesquisadores, estudantes, professores e demais cidad\u00e3os interessados, nacionais e estrangeiros. O SBIE teve a sua primeira edi\u00e7\u00e3o realizada em 1990 no Rio de Janeiro e, desde ent\u00e3o, tem sido realizado anualmente. A partir de 2012, passou a integrar o Congresso Brasileiro de Inform\u00e1tica na Educa\u00e7\u00e3o (CBIE), sendo um de seus principais eventos.<br \/><span style=\"background-color: var(--nv-site-bg); color: var(--nv-text-color); font-family: var(--bodyfontfamily),var(--nv-fallback-ff); font-size: var(--bodyfontsize); font-weight: var(--bodyfontweight); letter-spacing: var(--bodyletterspacing); text-transform: var(--bodytexttransform);\"><br \/>O SBIE prioriza trabalhos que apresentem a concep\u00e7\u00e3o, o desenvolvimento e a avalia\u00e7\u00e3o de solu\u00e7\u00f5es que utilizem m\u00e9todos e t\u00e9cnicas de Computa\u00e7\u00e3o para promo\u00e7\u00e3o da aprendizagem e\/ou para solu\u00e7\u00e3o de problemas em temas ligados \u00e0 Educa\u00e7\u00e3o.\u00a0<\/span><\/p><p>Abaixo, <strong>clicando sobre cada t\u00edtulo<\/strong>, \u00e9 poss\u00edvel consultar<strong> por ano<\/strong> os Anais do SBIE.<\/p>\t\t\t\t\t\t\t\t<\/div>\n\t\t\t\t\t<\/div>\n\t\t<\/div>\n\t\t\t\t\t<\/div>\n\t\t<\/section>\n\t\t\t\t<section class=\"elementor-section elementor-top-section elementor-element elementor-element-a34565e elementor-section-boxed elementor-section-height-default elementor-section-height-default\" data-id=\"a34565e\" data-element_type=\"section\" data-e-type=\"section\">\n\t\t\t\t\t\t<div class=\"elementor-container elementor-column-gap-default\">\n\t\t\t\t\t<div class=\"elementor-column elementor-col-100 elementor-top-column elementor-element elementor-element-44d0b5b\" data-id=\"44d0b5b\" data-element_type=\"column\" data-e-type=\"column\">\n\t\t\t<div class=\"elementor-widget-wrap elementor-element-populated\">\n\t\t\t\t\t\t<div class=\"elementor-element elementor-element-d760a34 elementor-widget elementor-widget-heading\" data-id=\"d760a34\" data-element_type=\"widget\" data-e-type=\"widget\" data-widget_type=\"heading.default\">\n\t\t\t\t\t<h3 class=\"elementor-heading-title elementor-size-default\"><a href=\"https:\/\/sol.sbc.org.br\/index.php\/sbie\/issue\/view\/1387\" target=\"_blank\">XXXVI. SBIE 2025: Curitiba\/PR<\/a><\/h3>\t\t\t\t<\/div>\n\t\t\t\t<div class=\"elementor-element elementor-element-dd623af elementor-widget elementor-widget-text-editor\" data-id=\"dd623af\" data-element_type=\"widget\" data-e-type=\"widget\" data-widget_type=\"text-editor.default\">\n\t\t\t\t\t\t\t\t\t<p>Os Anais do XXXVI Simp\u00f3sio Brasileiro de Inform\u00e1tica na Educa\u00e7\u00e3o (SBIE 2025) trazem os artigos selecionados e apresentados na edi\u00e7\u00e3o do evento realizado de 24 a 28 de novembro de 2025, na cidade do Curitiba\/PR, como parte do XIV Congresso Brasileiro de Inform\u00e1tica na Educa\u00e7\u00e3o (CBIE 2025), que teve como tema <strong>&#8220;Educa\u00e7\u00e3o em Transforma\u00e7\u00e3o: Intelig\u00eancias que Moldam o Futuro&#8221;<\/strong>. Nesta edi\u00e7\u00e3o, os anais incluem 152 artigos completos.<\/p>\t\t\t\t\t\t\t\t<\/div>\n\t\t\t\t<div class=\"elementor-element elementor-element-db948aa elementor-widget-divider--view-line elementor-widget elementor-widget-divider\" data-id=\"db948aa\" data-element_type=\"widget\" data-e-type=\"widget\" data-widget_type=\"divider.default\">\n\t\t\t\t\t\t\t<div class=\"elementor-divider\">\n\t\t\t<span class=\"elementor-divider-separator\">\n\t\t\t\t\t\t<\/span>\n\t\t<\/div>\n\t\t\t\t\t\t<\/div>\n\t\t\t\t\t<\/div>\n\t\t<\/div>\n\t\t\t\t\t<\/div>\n\t\t<\/section>\n\t\t\t\t<section class=\"elementor-section elementor-top-section elementor-element elementor-element-7fec6b5 elementor-section-boxed elementor-section-height-default elementor-section-height-default\" data-id=\"7fec6b5\" data-element_type=\"section\" data-e-type=\"section\">\n\t\t\t\t\t\t<div class=\"elementor-container elementor-column-gap-default\">\n\t\t\t\t\t<div class=\"elementor-column elementor-col-100 elementor-top-column elementor-element elementor-element-f8d8b3c\" data-id=\"f8d8b3c\" data-element_type=\"column\" data-e-type=\"column\">\n\t\t\t<div class=\"elementor-widget-wrap elementor-element-populated\">\n\t\t\t\t\t\t<div class=\"elementor-element elementor-element-70f3cff elementor-widget elementor-widget-heading\" data-id=\"70f3cff\" data-element_type=\"widget\" data-e-type=\"widget\" data-widget_type=\"heading.default\">\n\t\t\t\t\t<h3 class=\"elementor-heading-title elementor-size-default\"><a href=\"https:\/\/sol.sbc.org.br\/index.php\/sbie\/issue\/view\/1387\" target=\"_blank\">XXXV. SBIE 2024: Rio de Janeiro\/RJ<\/a><\/h3>\t\t\t\t<\/div>\n\t\t\t\t<div class=\"elementor-element elementor-element-f2e056c elementor-widget elementor-widget-text-editor\" data-id=\"f2e056c\" data-element_type=\"widget\" data-e-type=\"widget\" data-widget_type=\"text-editor.default\">\n\t\t\t\t\t\t\t\t\t<p>Os Anais do XXXV Simp\u00f3sio Brasileiro de Inform\u00e1tica na Educa\u00e7\u00e3o (SBIE 2024) trazem os artigos selecionados e apresentados na edi\u00e7\u00e3o do evento realizado de 04 a 08 de novembro de 2024, na cidade do Rio de Janeiro\/RJ, como parte do XIII Congresso Brasileiro de Inform\u00e1tica na Educa\u00e7\u00e3o (CBIE 2024), que teve como tema <strong>&#8220;O papel das tecnologias digitais na Educa\u00e7\u00e3o Inclusiva&#8221;<\/strong>. Nesta edi\u00e7\u00e3o, os anais incluem 190 artigos completos.<\/p>\t\t\t\t\t\t\t\t<\/div>\n\t\t\t\t<div class=\"elementor-element elementor-element-fd5488c elementor-widget-divider--view-line elementor-widget elementor-widget-divider\" data-id=\"fd5488c\" data-element_type=\"widget\" data-e-type=\"widget\" data-widget_type=\"divider.default\">\n\t\t\t\t\t\t\t<div class=\"elementor-divider\">\n\t\t\t<span class=\"elementor-divider-separator\">\n\t\t\t\t\t\t<\/span>\n\t\t<\/div>\n\t\t\t\t\t\t<\/div>\n\t\t\t\t\t<\/div>\n\t\t<\/div>\n\t\t\t\t\t<\/div>\n\t\t<\/section>\n\t\t\t\t<section class=\"elementor-section elementor-top-section elementor-element elementor-element-f36fa0c elementor-section-boxed elementor-section-height-default elementor-section-height-default\" data-id=\"f36fa0c\" data-element_type=\"section\" data-e-type=\"section\">\n\t\t\t\t\t\t<div class=\"elementor-container elementor-column-gap-default\">\n\t\t\t\t\t<div class=\"elementor-column elementor-col-100 elementor-top-column elementor-element elementor-element-22c6d22\" data-id=\"22c6d22\" data-element_type=\"column\" data-e-type=\"column\">\n\t\t\t<div class=\"elementor-widget-wrap elementor-element-populated\">\n\t\t\t\t\t\t<div class=\"elementor-element elementor-element-133af4c elementor-widget elementor-widget-heading\" data-id=\"133af4c\" data-element_type=\"widget\" data-e-type=\"widget\" data-widget_type=\"heading.default\">\n\t\t\t\t\t<h3 class=\"elementor-heading-title elementor-size-default\"><a href=\"https:\/\/sol.sbc.org.br\/index.php\/sbie\/issue\/view\/1194\" target=\"_blank\">XXXIV. SBIE 2023: Passo Fundo\/RS<\/a><\/h3>\t\t\t\t<\/div>\n\t\t\t\t<div class=\"elementor-element elementor-element-0648123 elementor-widget elementor-widget-text-editor\" data-id=\"0648123\" data-element_type=\"widget\" data-e-type=\"widget\" data-widget_type=\"text-editor.default\">\n\t\t\t\t\t\t\t\t\t<p>Os\u00a0Anais do XXXIV Simp\u00f3sio Brasileiro de Inform\u00e1tica na Educa\u00e7\u00e3o (SBIE 2023) trazem os artigos selecionados e apresentados na edi\u00e7\u00e3o do evento realizado de 06 a 10 de novembro de 2023, na cidade de Passo Fundo\/RS, como parte do XII Congresso Brasileiro de Inform\u00e1tica na Educa\u00e7\u00e3o (CBIE 2023), que teve como tema <strong>&#8220;Uma escola para o futuro: tecnologia e conectividade a servi\u00e7o da educa\u00e7\u00e3o&#8221;<\/strong>. Nesta edi\u00e7\u00e3o, os anais incluem 164 artigos completos.<\/p>\t\t\t\t\t\t\t\t<\/div>\n\t\t\t\t<div class=\"elementor-element elementor-element-37025f9 elementor-widget-divider--view-line elementor-widget elementor-widget-divider\" data-id=\"37025f9\" data-element_type=\"widget\" data-e-type=\"widget\" data-widget_type=\"divider.default\">\n\t\t\t\t\t\t\t<div class=\"elementor-divider\">\n\t\t\t<span class=\"elementor-divider-separator\">\n\t\t\t\t\t\t<\/span>\n\t\t<\/div>\n\t\t\t\t\t\t<\/div>\n\t\t\t\t\t<\/div>\n\t\t<\/div>\n\t\t\t\t\t<\/div>\n\t\t<\/section>\n\t\t\t\t<section class=\"elementor-section elementor-top-section elementor-element elementor-element-4c9c8d4 elementor-section-boxed elementor-section-height-default elementor-section-height-default\" data-id=\"4c9c8d4\" data-element_type=\"section\" data-e-type=\"section\">\n\t\t\t\t\t\t<div class=\"elementor-container elementor-column-gap-default\">\n\t\t\t\t\t<div class=\"elementor-column elementor-col-100 elementor-top-column elementor-element elementor-element-65b71ed\" data-id=\"65b71ed\" data-element_type=\"column\" data-e-type=\"column\">\n\t\t\t<div class=\"elementor-widget-wrap elementor-element-populated\">\n\t\t\t\t\t\t<div class=\"elementor-element elementor-element-ac5a8f0 elementor-widget elementor-widget-heading\" data-id=\"ac5a8f0\" data-element_type=\"widget\" data-e-type=\"widget\" data-widget_type=\"heading.default\">\n\t\t\t\t\t<h3 class=\"elementor-heading-title elementor-size-default\"><a href=\"https:\/\/sol.sbc.org.br\/index.php\/sbie\/issue\/view\/1013\" target=\"_blank\">XXXIII. SBIE 2022: Manaus\/AM<\/a><\/h3>\t\t\t\t<\/div>\n\t\t\t\t<div class=\"elementor-element elementor-element-14a473b elementor-widget elementor-widget-text-editor\" data-id=\"14a473b\" data-element_type=\"widget\" data-e-type=\"widget\" data-widget_type=\"text-editor.default\">\n\t\t\t\t\t\t\t\t\t<p>Os Anais do XXXIII Simp\u00f3sio Brasileiro de Inform\u00e1tica na Educa\u00e7\u00e3o (SBIE 2022) trazem os artigos selecionados e apresentados na edi\u00e7\u00e3o do evento realizado de 16 a 19 de novembro de 2022, na cidade de Manaus\/AM, como parte do XI Congresso Brasileiro de Inform\u00e1tica na Educa\u00e7\u00e3o (CBIE 2022), que teve como tema <strong>&#8220;Nossas tecnologias na Educa\u00e7\u00e3o e a valoriza\u00e7\u00e3o da identidade e da cultura brasileira&#8221;<\/strong>. Nesta edi\u00e7\u00e3o, os anais incluem 125 artigos completos.\u00a0<\/p>\t\t\t\t\t\t\t\t<\/div>\n\t\t\t\t<div class=\"elementor-element elementor-element-f2f7529 elementor-widget-divider--view-line elementor-widget elementor-widget-divider\" data-id=\"f2f7529\" data-element_type=\"widget\" data-e-type=\"widget\" data-widget_type=\"divider.default\">\n\t\t\t\t\t\t\t<div class=\"elementor-divider\">\n\t\t\t<span class=\"elementor-divider-separator\">\n\t\t\t\t\t\t<\/span>\n\t\t<\/div>\n\t\t\t\t\t\t<\/div>\n\t\t\t\t\t<\/div>\n\t\t<\/div>\n\t\t\t\t\t<\/div>\n\t\t<\/section>\n\t\t\t\t<section class=\"elementor-section elementor-top-section elementor-element elementor-element-6d2613a elementor-section-boxed elementor-section-height-default elementor-section-height-default\" data-id=\"6d2613a\" data-element_type=\"section\" data-e-type=\"section\">\n\t\t\t\t\t\t<div class=\"elementor-container elementor-column-gap-default\">\n\t\t\t\t\t<div class=\"elementor-column elementor-col-100 elementor-top-column elementor-element elementor-element-0cd91fa\" data-id=\"0cd91fa\" data-element_type=\"column\" data-e-type=\"column\">\n\t\t\t<div class=\"elementor-widget-wrap elementor-element-populated\">\n\t\t\t\t\t\t<div class=\"elementor-element elementor-element-efa8891 elementor-widget elementor-widget-heading\" data-id=\"efa8891\" data-element_type=\"widget\" data-e-type=\"widget\" data-widget_type=\"heading.default\">\n\t\t\t\t\t<h3 class=\"elementor-heading-title elementor-size-default\"><a href=\"https:\/\/sol.sbc.org.br\/index.php\/sbie\/issue\/view\/847\" target=\"_blank\">XXXII. SBIE 2021: Online<\/a><\/h3>\t\t\t\t<\/div>\n\t\t\t\t<div class=\"elementor-element elementor-element-b947ecb elementor-widget elementor-widget-text-editor\" data-id=\"b947ecb\" data-element_type=\"widget\" data-e-type=\"widget\" data-widget_type=\"text-editor.default\">\n\t\t\t\t\t\t\t\t\t<p>Os Anais do XXXII Simp\u00f3sio Brasileiro de Inform\u00e1tica na Educa\u00e7\u00e3o (SBIE 2021) trazem os artigos selecionados e apresentados na edi\u00e7\u00e3o do evento realizada\u00a0<em>online<\/em>, no per\u00edodo de 22 a 26 de novembro de 2021, como parte do X Congresso Brasileiro de Inform\u00e1tica na Educa\u00e7\u00e3o (CBIE 2021), que teve como tema <strong>&#8220;Da nau ao B.A.N.I.: Design Decolonial para Inform\u00e1tica na Educa\u00e7\u00e3o&#8221;<\/strong>. Nesta edi\u00e7\u00e3o, os anais incluem 117 artigos completos.\u00a0<\/p>\t\t\t\t\t\t\t\t<\/div>\n\t\t\t\t<div class=\"elementor-element elementor-element-f4b2314 elementor-widget-divider--view-line elementor-widget elementor-widget-divider\" data-id=\"f4b2314\" data-element_type=\"widget\" data-e-type=\"widget\" data-widget_type=\"divider.default\">\n\t\t\t\t\t\t\t<div class=\"elementor-divider\">\n\t\t\t<span class=\"elementor-divider-separator\">\n\t\t\t\t\t\t<\/span>\n\t\t<\/div>\n\t\t\t\t\t\t<\/div>\n\t\t\t\t\t<\/div>\n\t\t<\/div>\n\t\t\t\t\t<\/div>\n\t\t<\/section>\n\t\t\t\t<section class=\"elementor-section elementor-top-section elementor-element elementor-element-b6acb0a elementor-section-boxed elementor-section-height-default elementor-section-height-default\" data-id=\"b6acb0a\" data-element_type=\"section\" data-e-type=\"section\">\n\t\t\t\t\t\t<div class=\"elementor-container elementor-column-gap-default\">\n\t\t\t\t\t<div class=\"elementor-column elementor-col-100 elementor-top-column elementor-element elementor-element-3b3f90f\" data-id=\"3b3f90f\" data-element_type=\"column\" data-e-type=\"column\">\n\t\t\t<div class=\"elementor-widget-wrap elementor-element-populated\">\n\t\t\t\t\t\t<div class=\"elementor-element elementor-element-6e5c97c elementor-widget elementor-widget-heading\" data-id=\"6e5c97c\" data-element_type=\"widget\" data-e-type=\"widget\" data-widget_type=\"heading.default\">\n\t\t\t\t\t<h3 class=\"elementor-heading-title elementor-size-default\"><a href=\"https:\/\/sol.sbc.org.br\/index.php\/sbie\/issue\/view\/847\" target=\"_blank\">XXXI. SBIE 2020: Natal\/RN<\/a><\/h3>\t\t\t\t<\/div>\n\t\t\t\t<div class=\"elementor-element elementor-element-932c3f8 elementor-widget elementor-widget-text-editor\" data-id=\"932c3f8\" data-element_type=\"widget\" data-e-type=\"widget\" data-widget_type=\"text-editor.default\">\n\t\t\t\t\t\t\t\t\t<p>Os Anais do XXXI Simp\u00f3sio Brasileiro de Inform\u00e1tica na Educa\u00e7\u00e3o (SBIE 2020) trazem os artigos selecionados e apresentados na edi\u00e7\u00e3o do evento realizado de 24 a 28 de novembro de 2020, no formato\u00a0<em>online<\/em>, a partir da cidade de Natal\/RN, como parte do IX Congresso Brasileiro de Inform\u00e1tica na Educa\u00e7\u00e3o (CBIE 2020), que teve como tema <strong>&#8220;Desenvolvimento de habilidades e compet\u00eancias para inova\u00e7\u00e3o e impacto social&#8221;<\/strong>. Nesta edi\u00e7\u00e3o, os anais incluem 184 artigos completos.\u00a0<\/p>\t\t\t\t\t\t\t\t<\/div>\n\t\t\t\t<div class=\"elementor-element elementor-element-3a97078 elementor-widget-divider--view-line elementor-widget elementor-widget-divider\" data-id=\"3a97078\" data-element_type=\"widget\" data-e-type=\"widget\" data-widget_type=\"divider.default\">\n\t\t\t\t\t\t\t<div class=\"elementor-divider\">\n\t\t\t<span class=\"elementor-divider-separator\">\n\t\t\t\t\t\t<\/span>\n\t\t<\/div>\n\t\t\t\t\t\t<\/div>\n\t\t\t\t\t<\/div>\n\t\t<\/div>\n\t\t\t\t\t<\/div>\n\t\t<\/section>\n\t\t\t\t<\/div>\n\t\t","protected":false},"excerpt":{"rendered":"<p>Anais do Simp\u00f3sio Brasileiro de Inform\u00e1tica na Educa\u00e7\u00e3o O Simp\u00f3sio Brasileiro de Inform\u00e1tica na Educa\u00e7\u00e3o (SBIE) \u00e9 um evento anual [&hellip;]<\/p>\n","protected":false},"author":53770,"featured_media":0,"parent":0,"menu_order":0,"comment_status":"closed","ping_status":"closed","template":"","meta":{"_acf_changed":false,"site-sidebar-layout":"default","site-content-layout":"","ast-site-content-layout":"default","site-content-style":"default","site-sidebar-style":"default","ast-global-header-display":"","ast-banner-title-visibility":"","ast-main-header-display":"","ast-hfb-above-header-display":"","ast-hfb-below-header-display":"","ast-hfb-mobile-header-display":"","site-post-title":"","ast-breadcrumbs-content":"","ast-featured-img":"","footer-sml-layout":"","ast-disable-related-posts":"","theme-transparent-header-meta":"","adv-header-id-meta":"","stick-header-meta":"","header-above-stick-meta":"","header-main-stick-meta":"","header-below-stick-meta":"","astra-migrate-meta-layouts":"default","ast-page-background-enabled":"default","ast-page-background-meta":{"desktop":{"background-color":"var(--ast-global-color-5)","background-image":"","background-repeat":"repeat","background-position":"center center","background-size":"auto","background-attachment":"scroll","background-type":"","background-media":"","overlay-type":"","overlay-color":"","overlay-opacity":"","overlay-gradient":""},"tablet":{"background-color":"","background-image":"","background-repeat":"repeat","background-position":"center center","background-size":"auto","background-attachment":"scroll","background-type":"","background-media":"","overlay-type":"","overlay-color":"","overlay-opacity":"","overlay-gradient":""},"mobile":{"background-color":"","background-image":"","background-repeat":"repeat","background-position":"center center","background-size":"auto","background-attachment":"scroll","background-type":"","background-media":"","overlay-type":"","overlay-color":"","overlay-opacity":"","overlay-gradient":""}},"ast-content-background-meta":{"desktop":{"background-color":"var(--ast-global-color-4)","background-image":"","background-repeat":"repeat","background-position":"center center","background-size":"auto","background-attachment":"scroll","background-type":"","background-media":"","overlay-type":"","overlay-color":"","overlay-opacity":"","overlay-gradient":""},"tablet":{"background-color":"var(--ast-global-color-4)","background-image":"","background-repeat":"repeat","background-position":"center center","background-size":"auto","background-attachment":"scroll","background-type":"","background-media":"","overlay-type":"","overlay-color":"","overlay-opacity":"","overlay-gradient":""},"mobile":{"background-color":"var(--ast-global-color-4)","background-image":"","background-repeat":"repeat","background-position":"center center","background-size":"auto","background-attachment":"scroll","background-type":"","background-media":"","overlay-type":"","overlay-color":"","overlay-opacity":"","overlay-gradient":""}},"_kadence_starter_templates_imported_post":false,"footnotes":""},"class_list":["post-1950","page","type-page","status-publish","hentry"],"acf":[],"_links":{"self":[{"href":"https:\/\/comissoes.sbc.org.br\/ceie\/wp-json\/wp\/v2\/pages\/1950","targetHints":{"allow":["GET"]}}],"collection":[{"href":"https:\/\/comissoes.sbc.org.br\/ceie\/wp-json\/wp\/v2\/pages"}],"about":[{"href":"https:\/\/comissoes.sbc.org.br\/ceie\/wp-json\/wp\/v2\/types\/page"}],"author":[{"embeddable":true,"href":"https:\/\/comissoes.sbc.org.br\/ceie\/wp-json\/wp\/v2\/users\/53770"}],"replies":[{"embeddable":true,"href":"https:\/\/comissoes.sbc.org.br\/ceie\/wp-json\/wp\/v2\/comments?post=1950"}],"version-history":[{"count":15,"href":"https:\/\/comissoes.sbc.org.br\/ceie\/wp-json\/wp\/v2\/pages\/1950\/revisions"}],"predecessor-version":[{"id":2819,"href":"https:\/\/comissoes.sbc.org.br\/ceie\/wp-json\/wp\/v2\/pages\/1950\/revisions\/2819"}],"wp:attachment":[{"href":"https:\/\/comissoes.sbc.org.br\/ceie\/wp-json\/wp\/v2\/media?parent=1950"}],"curies":[{"name":"wp","href":"https:\/\/api.w.org\/{rel}","templated":true}]}}