{"id":1943,"date":"2024-06-07T17:45:20","date_gmt":"2024-06-07T17:45:20","guid":{"rendered":"https:\/\/comissoes.sbc.org.br\/ceie\/?page_id=1943"},"modified":"2025-11-27T12:24:31","modified_gmt":"2025-11-27T12:24:31","slug":"rbie","status":"publish","type":"page","link":"https:\/\/comissoes.sbc.org.br\/ceie\/rbie\/","title":{"rendered":"RBIE"},"content":{"rendered":"\t\t<div data-elementor-type=\"wp-page\" data-elementor-id=\"1943\" class=\"elementor elementor-1943\" data-elementor-post-type=\"page\">\n\t\t\t\t\t\t<section class=\"elementor-section elementor-top-section elementor-element elementor-element-5d0cdd0 elementor-section-boxed elementor-section-height-default elementor-section-height-default\" data-id=\"5d0cdd0\" data-element_type=\"section\" data-e-type=\"section\">\n\t\t\t\t\t\t<div class=\"elementor-container elementor-column-gap-default\">\n\t\t\t\t\t<div class=\"elementor-column elementor-col-100 elementor-top-column elementor-element elementor-element-848e58f\" data-id=\"848e58f\" data-element_type=\"column\" data-e-type=\"column\">\n\t\t\t<div class=\"elementor-widget-wrap elementor-element-populated\">\n\t\t\t\t\t\t<div class=\"elementor-element elementor-element-88f50e4 elementor-widget elementor-widget-heading\" data-id=\"88f50e4\" data-element_type=\"widget\" data-e-type=\"widget\" data-widget_type=\"heading.default\">\n\t\t\t\t\t<h2 class=\"elementor-heading-title elementor-size-default\">Revista Brasileira de Inform\u00e1tica na Educa\u00e7\u00e3o<\/h2>\t\t\t\t<\/div>\n\t\t\t\t\t<\/div>\n\t\t<\/div>\n\t\t\t\t\t<\/div>\n\t\t<\/section>\n\t\t\t\t<section class=\"elementor-section elementor-top-section elementor-element elementor-element-dd3744e elementor-section-boxed elementor-section-height-default elementor-section-height-default\" data-id=\"dd3744e\" data-element_type=\"section\" data-e-type=\"section\">\n\t\t\t\t\t\t<div class=\"elementor-container elementor-column-gap-default\">\n\t\t\t\t\t<div class=\"elementor-column elementor-col-100 elementor-top-column elementor-element elementor-element-86e217d\" data-id=\"86e217d\" data-element_type=\"column\" data-e-type=\"column\">\n\t\t\t<div class=\"elementor-widget-wrap elementor-element-populated\">\n\t\t\t\t\t\t<div class=\"elementor-element elementor-element-edeeb43 elementor-widget elementor-widget-text-editor\" data-id=\"edeeb43\" data-element_type=\"widget\" data-e-type=\"widget\" data-widget_type=\"text-editor.default\">\n\t\t\t\t\t\t\t\t\t<p>A\u00a0<strong>Revista Brasileira de Inform\u00e1tica na Educa\u00e7\u00e3o<\/strong>\u00a0&#8211; RBIE (ISSN 2317-6121), criada em 1997, \u00e9 uma publica\u00e7\u00e3o mantida pela\u00a0Comiss\u00e3o Especial de Inform\u00e1tica na Educa\u00e7\u00e3o\u00a0(CEIE) da Sociedade Brasileira de Computa\u00e7\u00e3o (SBC) em parceria com pesquisadores e universidades do pa\u00eds e do exterior. Foi a primeira revista criada no \u00e2mbito da Sociedade Brasileira de Computa\u00e7\u00e3o (SBC). De 1998 a 2001, a revista publicou dois volumes por ano. De 2002 a 2004 foram publicadas duas edi\u00e7\u00f5es por ano (sendo um volume para cada ano). De 2005 a 2019, foram publicadas tr\u00eas edi\u00e7\u00f5es por volume (por ano). Desde 2020, a publica\u00e7\u00e3o passou a ser em\u00a0<strong>fluxo cont\u00ednuo<\/strong>.<\/p><div><p>A revista busca reunir e publicar trabalhos de excel\u00eancia realizados por profissionais e pesquisadores na \u00e1rea de Inform\u00e1tica na Educa\u00e7\u00e3o. Procura-se disseminar as ferramentas, m\u00e9todos e pr\u00e1ticas que auxiliam no uso efetivo da tecnologia no processo de ensino e aprendizagem.<\/p><p><strong>Pol\u00edtica de revis\u00e3o por pares<br \/><\/strong>A RBIE publica trabalhos originais em Portugu\u00eas, Espanhol e Ingl\u00eas. Todos os trabalhos submetidos \u00e0 publica\u00e7\u00e3o nesta revista s\u00e3o avaliados por pelo menos dois avaliadores de forma duplamente anonimizada (double-blind peer review), mais um membro do Corpo Editorial da RBIE. Trabalhos premiados em confer\u00eancias parceiras s\u00e3o avaliados tamb\u00e9m s\u00e3o avaliados por pelo menos dois avaliados de forma anonimizada simples (single-blind peer review). O tempo m\u00e9dio de avalia\u00e7\u00e3o \u00e9 6 meses. O corpo editorial \u00e9 formado por Professores Doutores com compet\u00eancia e experi\u00eancia reconhecidas na \u00e1rea de Inform\u00e1tica na Educa\u00e7\u00e3o.<\/p><\/div><div><p><b>Pol\u00edtica de acesso aberto<br \/><\/b><span style=\"background-color: var(--nv-site-bg); color: var(--nv-text-color); font-family: var(--bodyfontfamily),var(--nv-fallback-ff); font-size: var(--bodyfontsize); font-weight: var(--bodyfontweight); letter-spacing: var(--bodyletterspacing); text-transform: var(--bodytexttransform);\">RBIE oferece acesso livre e imediato ao seu conte\u00fado, seguindo o princ\u00edpio de que disponibilizar gratuitamente o conhecimento cient\u00edfico ao p\u00fablico proporciona maior democratiza\u00e7\u00e3o do conhecimento.<\/span><\/p><\/div><div><p><b>Audi\u00eancia<br \/><\/b><span style=\"background-color: var(--nv-site-bg); color: var(--nv-text-color); font-family: var(--bodyfontfamily),var(--nv-fallback-ff); font-size: var(--bodyfontsize); font-weight: var(--bodyfontweight); letter-spacing: var(--bodyletterspacing); text-transform: var(--bodytexttransform);\">Pesquisadores da \u00e1rea de Inform\u00e1tica na Educa\u00e7\u00e3o e educadores interessados nos avan\u00e7os e inova\u00e7\u00f5es da tecnologia para a Educa\u00e7\u00e3o.<\/span><\/p><p><b>Taxa de processamento de artigos<br \/><\/b><span style=\"background-color: var(--nv-site-bg); color: var(--nv-text-color); font-family: var(--bodyfontfamily),var(--nv-fallback-ff); font-size: var(--bodyfontsize); font-weight: var(--bodyfontweight); letter-spacing: var(--bodyletterspacing); text-transform: var(--bodytexttransform);\">A RBIE n\u00e3o cobra nenhuma taxa para submiss\u00e3o e publica\u00e7\u00e3o de trabalhos.<\/span><\/p><p><strong>Para acessar a p\u00e1gina da RBIE, clique no bot\u00e3o abaixo.<\/strong>\u00a0<\/p><\/div>\t\t\t\t\t\t\t\t<\/div>\n\t\t\t\t<div class=\"elementor-element elementor-element-0e7126d elementor-widget elementor-widget-button\" data-id=\"0e7126d\" data-element_type=\"widget\" data-e-type=\"widget\" data-widget_type=\"button.default\">\n\t\t\t\t\t\t\t\t\t\t<a class=\"elementor-button elementor-button-link elementor-size-sm\" href=\"https:\/\/journals-sol.sbc.org.br\/index.php\/rbie\/index\" target=\"_blank\">\n\t\t\t\t\t\t<span class=\"elementor-button-content-wrapper\">\n\t\t\t\t\t\t\t\t\t<span class=\"elementor-button-text\">Acessar RBIE<\/span>\n\t\t\t\t\t<\/span>\n\t\t\t\t\t<\/a>\n\t\t\t\t\t\t\t\t<\/div>\n\t\t\t\t\t<\/div>\n\t\t<\/div>\n\t\t\t\t\t<\/div>\n\t\t<\/section>\n\t\t\t\t<\/div>\n\t\t","protected":false},"excerpt":{"rendered":"<p>Revista Brasileira de Inform\u00e1tica na Educa\u00e7\u00e3o A\u00a0Revista Brasileira de Inform\u00e1tica na Educa\u00e7\u00e3o\u00a0&#8211; RBIE (ISSN 2317-6121), criada em 1997, \u00e9 uma [&hellip;]<\/p>\n","protected":false},"author":53770,"featured_media":0,"parent":0,"menu_order":0,"comment_status":"closed","ping_status":"closed","template":"","meta":{"_acf_changed":false,"site-sidebar-layout":"default","site-content-layout":"","ast-site-content-layout":"default","site-content-style":"default","site-sidebar-style":"default","ast-global-header-display":"","ast-banner-title-visibility":"","ast-main-header-display":"","ast-hfb-above-header-display":"","ast-hfb-below-header-display":"","ast-hfb-mobile-header-display":"","site-post-title":"","ast-breadcrumbs-content":"","ast-featured-img":"","footer-sml-layout":"","ast-disable-related-posts":"","theme-transparent-header-meta":"","adv-header-id-meta":"","stick-header-meta":"","header-above-stick-meta":"","header-main-stick-meta":"","header-below-stick-meta":"","astra-migrate-meta-layouts":"default","ast-page-background-enabled":"default","ast-page-background-meta":{"desktop":{"background-color":"var(--ast-global-color-5)","background-image":"","background-repeat":"repeat","background-position":"center center","background-size":"auto","background-attachment":"scroll","background-type":"","background-media":"","overlay-type":"","overlay-color":"","overlay-opacity":"","overlay-gradient":""},"tablet":{"background-color":"","background-image":"","background-repeat":"repeat","background-position":"center center","background-size":"auto","background-attachment":"scroll","background-type":"","background-media":"","overlay-type":"","overlay-color":"","overlay-opacity":"","overlay-gradient":""},"mobile":{"background-color":"","background-image":"","background-repeat":"repeat","background-position":"center center","background-size":"auto","background-attachment":"scroll","background-type":"","background-media":"","overlay-type":"","overlay-color":"","overlay-opacity":"","overlay-gradient":""}},"ast-content-background-meta":{"desktop":{"background-color":"var(--ast-global-color-4)","background-image":"","background-repeat":"repeat","background-position":"center center","background-size":"auto","background-attachment":"scroll","background-type":"","background-media":"","overlay-type":"","overlay-color":"","overlay-opacity":"","overlay-gradient":""},"tablet":{"background-color":"var(--ast-global-color-4)","background-image":"","background-repeat":"repeat","background-position":"center center","background-size":"auto","background-attachment":"scroll","background-type":"","background-media":"","overlay-type":"","overlay-color":"","overlay-opacity":"","overlay-gradient":""},"mobile":{"background-color":"var(--ast-global-color-4)","background-image":"","background-repeat":"repeat","background-position":"center center","background-size":"auto","background-attachment":"scroll","background-type":"","background-media":"","overlay-type":"","overlay-color":"","overlay-opacity":"","overlay-gradient":""}},"_kadence_starter_templates_imported_post":false,"footnotes":""},"class_list":["post-1943","page","type-page","status-publish","hentry"],"acf":[],"_links":{"self":[{"href":"https:\/\/comissoes.sbc.org.br\/ceie\/wp-json\/wp\/v2\/pages\/1943","targetHints":{"allow":["GET"]}}],"collection":[{"href":"https:\/\/comissoes.sbc.org.br\/ceie\/wp-json\/wp\/v2\/pages"}],"about":[{"href":"https:\/\/comissoes.sbc.org.br\/ceie\/wp-json\/wp\/v2\/types\/page"}],"author":[{"embeddable":true,"href":"https:\/\/comissoes.sbc.org.br\/ceie\/wp-json\/wp\/v2\/users\/53770"}],"replies":[{"embeddable":true,"href":"https:\/\/comissoes.sbc.org.br\/ceie\/wp-json\/wp\/v2\/comments?post=1943"}],"version-history":[{"count":10,"href":"https:\/\/comissoes.sbc.org.br\/ceie\/wp-json\/wp\/v2\/pages\/1943\/revisions"}],"predecessor-version":[{"id":2761,"href":"https:\/\/comissoes.sbc.org.br\/ceie\/wp-json\/wp\/v2\/pages\/1943\/revisions\/2761"}],"wp:attachment":[{"href":"https:\/\/comissoes.sbc.org.br\/ceie\/wp-json\/wp\/v2\/media?parent=1943"}],"curies":[{"name":"wp","href":"https:\/\/api.w.org\/{rel}","templated":true}]}}