{"id":1789,"date":"2024-05-27T19:40:11","date_gmt":"2024-05-27T19:40:11","guid":{"rendered":"https:\/\/comissoes.sbc.org.br\/ceie\/?page_id=1789"},"modified":"2026-03-31T19:56:47","modified_gmt":"2026-03-31T19:56:47","slug":"eventos","status":"publish","type":"page","link":"https:\/\/comissoes.sbc.org.br\/ceie\/eventos\/","title":{"rendered":"Eventos"},"content":{"rendered":"\t\t<div data-elementor-type=\"wp-page\" data-elementor-id=\"1789\" class=\"elementor elementor-1789\" data-elementor-post-type=\"page\">\n\t\t\t\t\t\t<section class=\"elementor-section elementor-top-section elementor-element elementor-element-2386d41 elementor-section-boxed elementor-section-height-default elementor-section-height-default\" data-id=\"2386d41\" data-element_type=\"section\" data-e-type=\"section\">\n\t\t\t\t\t\t<div class=\"elementor-container elementor-column-gap-default\">\n\t\t\t\t\t<div class=\"elementor-column elementor-col-100 elementor-top-column elementor-element elementor-element-08f910b\" data-id=\"08f910b\" data-element_type=\"column\" data-e-type=\"column\">\n\t\t\t<div class=\"elementor-widget-wrap elementor-element-populated\">\n\t\t\t\t\t\t<div class=\"elementor-element elementor-element-a90976f elementor-widget elementor-widget-heading\" data-id=\"a90976f\" data-element_type=\"widget\" data-e-type=\"widget\" data-widget_type=\"heading.default\">\n\t\t\t\t\t<h2 class=\"elementor-heading-title elementor-size-default\">Eventos<\/h2>\t\t\t\t<\/div>\n\t\t\t\t\t<\/div>\n\t\t<\/div>\n\t\t\t\t\t<\/div>\n\t\t<\/section>\n\t\t\t\t<section class=\"elementor-section elementor-top-section elementor-element elementor-element-0076ac4 elementor-section-boxed elementor-section-height-default elementor-section-height-default\" data-id=\"0076ac4\" data-element_type=\"section\" data-e-type=\"section\">\n\t\t\t\t\t\t<div class=\"elementor-container elementor-column-gap-default\">\n\t\t\t\t\t<div class=\"elementor-column elementor-col-100 elementor-top-column elementor-element elementor-element-4c95e4f\" data-id=\"4c95e4f\" data-element_type=\"column\" data-e-type=\"column\">\n\t\t\t<div class=\"elementor-widget-wrap elementor-element-populated\">\n\t\t\t\t\t\t<div class=\"elementor-element elementor-element-68fb177 elementor-widget elementor-widget-text-editor\" data-id=\"68fb177\" data-element_type=\"widget\" data-e-type=\"widget\" data-widget_type=\"text-editor.default\">\n\t\t\t\t\t\t\t\t\t<p>Eventos realizados pela Comiss\u00e3o Especial de Inform\u00e1tica na Educa\u00e7\u00e3o:<\/p>\t\t\t\t\t\t\t\t<\/div>\n\t\t\t\t<section class=\"elementor-section elementor-inner-section elementor-element elementor-element-fe9d454 elementor-section-boxed elementor-section-height-default elementor-section-height-default\" data-id=\"fe9d454\" data-element_type=\"section\" data-e-type=\"section\">\n\t\t\t\t\t\t<div class=\"elementor-container elementor-column-gap-default\">\n\t\t\t\t\t<div class=\"elementor-column elementor-col-50 elementor-inner-column elementor-element elementor-element-829d2fe\" data-id=\"829d2fe\" data-element_type=\"column\" data-e-type=\"column\">\n\t\t\t<div class=\"elementor-widget-wrap elementor-element-populated\">\n\t\t\t\t\t\t<div class=\"elementor-element elementor-element-f429ed5 elementor-widget elementor-widget-image\" data-id=\"f429ed5\" data-element_type=\"widget\" data-e-type=\"widget\" data-widget_type=\"image.default\">\n\t\t\t\t\t\t\t\t\t\t\t\t\t\t\t\t<a href=\"https:\/\/cbie.sbc.org.br\/2026\/\" target=\"_blank\">\n\t\t\t\t\t\t\t<img fetchpriority=\"high\" decoding=\"async\" width=\"1024\" height=\"1024\" src=\"https:\/\/comissoes.sbc.org.br\/ceie\/wp-content\/uploads\/2026\/03\/cbie-1024x1024.jpeg\" class=\"attachment-large size-large wp-image-2904\" alt=\"\" srcset=\"https:\/\/comissoes.sbc.org.br\/ceie\/wp-content\/uploads\/2026\/03\/cbie-1024x1024.jpeg 1024w, https:\/\/comissoes.sbc.org.br\/ceie\/wp-content\/uploads\/2026\/03\/cbie-300x300.jpeg 300w, https:\/\/comissoes.sbc.org.br\/ceie\/wp-content\/uploads\/2026\/03\/cbie-150x150.jpeg 150w, https:\/\/comissoes.sbc.org.br\/ceie\/wp-content\/uploads\/2026\/03\/cbie-768x768.jpeg 768w\" sizes=\"(max-width: 1024px) 100vw, 1024px\" \/>\t\t\t\t\t\t\t\t<\/a>\n\t\t\t\t\t\t\t\t\t\t\t\t\t\t\t<\/div>\n\t\t\t\t<div class=\"elementor-element elementor-element-6787381 elementor-widget elementor-widget-heading\" data-id=\"6787381\" data-element_type=\"widget\" data-e-type=\"widget\" data-widget_type=\"heading.default\">\n\t\t\t\t\t<h2 class=\"elementor-heading-title elementor-size-default\"><a href=\"https:\/\/cbie.sbc.org.br\/2024\/\" target=\"_blank\">Congresso Brasileiro de <br \/> Inform\u00e1tica na Educa\u00e7\u00e3o<\/a><\/h2>\t\t\t\t<\/div>\n\t\t\t\t\t<\/div>\n\t\t<\/div>\n\t\t\t\t<div class=\"elementor-column elementor-col-50 elementor-inner-column elementor-element elementor-element-5dae54b\" data-id=\"5dae54b\" data-element_type=\"column\" data-e-type=\"column\">\n\t\t\t<div class=\"elementor-widget-wrap\">\n\t\t\t\t\t\t\t<\/div>\n\t\t<\/div>\n\t\t\t\t\t<\/div>\n\t\t<\/section>\n\t\t\t\t\t<\/div>\n\t\t<\/div>\n\t\t\t\t\t<\/div>\n\t\t<\/section>\n\t\t\t\t<\/div>\n\t\t","protected":false},"excerpt":{"rendered":"<p>Eventos Eventos realizados pela Comiss\u00e3o Especial de Inform\u00e1tica na Educa\u00e7\u00e3o: Congresso Brasileiro de Inform\u00e1tica na Educa\u00e7\u00e3o<\/p>\n","protected":false},"author":53770,"featured_media":0,"parent":0,"menu_order":0,"comment_status":"closed","ping_status":"closed","template":"","meta":{"_acf_changed":false,"site-sidebar-layout":"default","site-content-layout":"","ast-site-content-layout":"default","site-content-style":"default","site-sidebar-style":"default","ast-global-header-display":"","ast-banner-title-visibility":"","ast-main-header-display":"","ast-hfb-above-header-display":"","ast-hfb-below-header-display":"","ast-hfb-mobile-header-display":"","site-post-title":"","ast-breadcrumbs-content":"","ast-featured-img":"","footer-sml-layout":"","ast-disable-related-posts":"","theme-transparent-header-meta":"","adv-header-id-meta":"","stick-header-meta":"","header-above-stick-meta":"","header-main-stick-meta":"","header-below-stick-meta":"","astra-migrate-meta-layouts":"default","ast-page-background-enabled":"default","ast-page-background-meta":{"desktop":{"background-color":"var(--ast-global-color-5)","background-image":"","background-repeat":"repeat","background-position":"center center","background-size":"auto","background-attachment":"scroll","background-type":"","background-media":"","overlay-type":"","overlay-color":"","overlay-opacity":"","overlay-gradient":""},"tablet":{"background-color":"","background-image":"","background-repeat":"repeat","background-position":"center center","background-size":"auto","background-attachment":"scroll","background-type":"","background-media":"","overlay-type":"","overlay-color":"","overlay-opacity":"","overlay-gradient":""},"mobile":{"background-color":"","background-image":"","background-repeat":"repeat","background-position":"center center","background-size":"auto","background-attachment":"scroll","background-type":"","background-media":"","overlay-type":"","overlay-color":"","overlay-opacity":"","overlay-gradient":""}},"ast-content-background-meta":{"desktop":{"background-color":"var(--ast-global-color-4)","background-image":"","background-repeat":"repeat","background-position":"center center","background-size":"auto","background-attachment":"scroll","background-type":"","background-media":"","overlay-type":"","overlay-color":"","overlay-opacity":"","overlay-gradient":""},"tablet":{"background-color":"var(--ast-global-color-4)","background-image":"","background-repeat":"repeat","background-position":"center center","background-size":"auto","background-attachment":"scroll","background-type":"","background-media":"","overlay-type":"","overlay-color":"","overlay-opacity":"","overlay-gradient":""},"mobile":{"background-color":"var(--ast-global-color-4)","background-image":"","background-repeat":"repeat","background-position":"center center","background-size":"auto","background-attachment":"scroll","background-type":"","background-media":"","overlay-type":"","overlay-color":"","overlay-opacity":"","overlay-gradient":""}},"_kadence_starter_templates_imported_post":false,"footnotes":""},"class_list":["post-1789","page","type-page","status-publish","hentry"],"acf":[],"_links":{"self":[{"href":"https:\/\/comissoes.sbc.org.br\/ceie\/wp-json\/wp\/v2\/pages\/1789","targetHints":{"allow":["GET"]}}],"collection":[{"href":"https:\/\/comissoes.sbc.org.br\/ceie\/wp-json\/wp\/v2\/pages"}],"about":[{"href":"https:\/\/comissoes.sbc.org.br\/ceie\/wp-json\/wp\/v2\/types\/page"}],"author":[{"embeddable":true,"href":"https:\/\/comissoes.sbc.org.br\/ceie\/wp-json\/wp\/v2\/users\/53770"}],"replies":[{"embeddable":true,"href":"https:\/\/comissoes.sbc.org.br\/ceie\/wp-json\/wp\/v2\/comments?post=1789"}],"version-history":[{"count":24,"href":"https:\/\/comissoes.sbc.org.br\/ceie\/wp-json\/wp\/v2\/pages\/1789\/revisions"}],"predecessor-version":[{"id":2910,"href":"https:\/\/comissoes.sbc.org.br\/ceie\/wp-json\/wp\/v2\/pages\/1789\/revisions\/2910"}],"wp:attachment":[{"href":"https:\/\/comissoes.sbc.org.br\/ceie\/wp-json\/wp\/v2\/media?parent=1789"}],"curies":[{"name":"wp","href":"https:\/\/api.w.org\/{rel}","templated":true}]}}