{"id":1623,"date":"2024-05-07T13:59:27","date_gmt":"2024-05-07T13:59:27","guid":{"rendered":"https:\/\/comissoes.sbc.org.br\/ceie\/?page_id=1623"},"modified":"2024-06-10T17:12:48","modified_gmt":"2024-06-10T17:12:48","slug":"premiacoes-2021","status":"publish","type":"page","link":"https:\/\/comissoes.sbc.org.br\/ceie\/premiacoes-2021\/","title":{"rendered":"Premia\u00e7\u00f5es 2021"},"content":{"rendered":"\t\t<div data-elementor-type=\"wp-page\" data-elementor-id=\"1623\" class=\"elementor elementor-1623\" data-elementor-post-type=\"page\">\n\t\t\t\t\t\t<section class=\"elementor-section elementor-top-section elementor-element elementor-element-8e6f624 elementor-section-boxed elementor-section-height-default elementor-section-height-default\" data-id=\"8e6f624\" data-element_type=\"section\" data-e-type=\"section\">\n\t\t\t\t\t\t<div class=\"elementor-container elementor-column-gap-default\">\n\t\t\t\t\t<div class=\"elementor-column elementor-col-100 elementor-top-column elementor-element elementor-element-a080864\" data-id=\"a080864\" data-element_type=\"column\" data-e-type=\"column\">\n\t\t\t<div class=\"elementor-widget-wrap elementor-element-populated\">\n\t\t\t\t\t\t<div class=\"elementor-element elementor-element-73c940f elementor-widget elementor-widget-heading\" data-id=\"73c940f\" data-element_type=\"widget\" data-e-type=\"widget\" data-widget_type=\"heading.default\">\n\t\t\t\t\t<h1 class=\"elementor-heading-title elementor-size-default\">Artigos Destaques CBIE - 2021<\/h1>\t\t\t\t<\/div>\n\t\t\t\t\t<\/div>\n\t\t<\/div>\n\t\t\t\t\t<\/div>\n\t\t<\/section>\n\t\t\t\t<section class=\"elementor-section elementor-top-section elementor-element elementor-element-b3ba64d elementor-section-boxed elementor-section-height-default elementor-section-height-default\" data-id=\"b3ba64d\" data-element_type=\"section\" data-e-type=\"section\">\n\t\t\t\t\t\t<div class=\"elementor-container elementor-column-gap-default\">\n\t\t\t\t\t<div class=\"elementor-column elementor-col-100 elementor-top-column elementor-element elementor-element-75c48f6\" data-id=\"75c48f6\" data-element_type=\"column\" data-e-type=\"column\">\n\t\t\t<div class=\"elementor-widget-wrap elementor-element-populated\">\n\t\t\t\t\t\t<div class=\"elementor-element elementor-element-380048b elementor-widget elementor-widget-text-editor\" data-id=\"380048b\" data-element_type=\"widget\" data-e-type=\"widget\" data-widget_type=\"text-editor.default\">\n\t\t\t\t\t\t\t\t\t<p>Rela\u00e7\u00e3o completa do artigos premiados no&nbsp;<strong>X<\/strong>&nbsp;<b>Congresso Brasileiro de Inform\u00e1tica na Educa\u00e7\u00e3o (CBIE) <\/b>no ano de <strong>2021.&nbsp;<\/strong><\/p>\t\t\t\t\t\t\t\t<\/div>\n\t\t\t\t\t<\/div>\n\t\t<\/div>\n\t\t\t\t\t<\/div>\n\t\t<\/section>\n\t\t\t\t<section class=\"elementor-section elementor-top-section elementor-element elementor-element-ef4c9f9 elementor-section-boxed elementor-section-height-default elementor-section-height-default\" data-id=\"ef4c9f9\" data-element_type=\"section\" data-e-type=\"section\">\n\t\t\t\t\t\t<div class=\"elementor-container elementor-column-gap-default\">\n\t\t\t\t\t<div class=\"elementor-column elementor-col-100 elementor-top-column elementor-element elementor-element-bf91b7b\" data-id=\"bf91b7b\" data-element_type=\"column\" data-e-type=\"column\">\n\t\t\t<div class=\"elementor-widget-wrap elementor-element-populated\">\n\t\t\t\t\t\t<div class=\"elementor-element elementor-element-763ef64 elementor-widget elementor-widget-heading\" data-id=\"763ef64\" data-element_type=\"widget\" data-e-type=\"widget\" data-widget_type=\"heading.default\">\n\t\t\t\t\t<h2 class=\"elementor-heading-title elementor-size-default\">Workshop de Inform\u00e1tica na Escola - WIE<\/h2>\t\t\t\t<\/div>\n\t\t\t\t\t<\/div>\n\t\t<\/div>\n\t\t\t\t\t<\/div>\n\t\t<\/section>\n\t\t\t\t<section class=\"elementor-section elementor-top-section elementor-element elementor-element-91c1ca2 elementor-section-boxed elementor-section-height-default elementor-section-height-default\" data-id=\"91c1ca2\" data-element_type=\"section\" data-e-type=\"section\">\n\t\t\t\t\t\t<div class=\"elementor-container elementor-column-gap-default\">\n\t\t\t\t\t<div class=\"elementor-column elementor-col-50 elementor-top-column elementor-element elementor-element-1eed2af\" data-id=\"1eed2af\" data-element_type=\"column\" data-e-type=\"column\">\n\t\t\t<div class=\"elementor-widget-wrap elementor-element-populated\">\n\t\t\t\t\t\t<div class=\"elementor-element elementor-element-20867d5 elementor-widget__width-initial elementor-widget elementor-widget-image\" data-id=\"20867d5\" data-element_type=\"widget\" data-e-type=\"widget\" data-widget_type=\"image.default\">\n\t\t\t\t\t\t\t\t\t\t\t\t\t\t\t<img decoding=\"async\" width=\"63\" height=\"88\" src=\"https:\/\/comissoes.sbc.org.br\/ceie\/wp-content\/uploads\/2024\/05\/1Lugar.png\" class=\"attachment-medium size-medium wp-image-1575\" alt=\"S\u00edmbolo de medalha de Primeiro Lugar\" \/>\t\t\t\t\t\t\t\t\t\t\t\t\t\t\t<\/div>\n\t\t\t\t\t<\/div>\n\t\t<\/div>\n\t\t\t\t<div class=\"elementor-column elementor-col-50 elementor-top-column elementor-element elementor-element-0855086\" data-id=\"0855086\" data-element_type=\"column\" data-e-type=\"column\">\n\t\t\t<div class=\"elementor-widget-wrap elementor-element-populated\">\n\t\t\t\t\t\t<div class=\"elementor-element elementor-element-6784cc9 elementor-widget elementor-widget-heading\" data-id=\"6784cc9\" data-element_type=\"widget\" data-e-type=\"widget\" data-widget_type=\"heading.default\">\n\t\t\t\t\t<h3 class=\"elementor-heading-title elementor-size-default\">1\u00ba Lugar<\/h3>\t\t\t\t<\/div>\n\t\t\t\t<div class=\"elementor-element elementor-element-c662075 elementor-widget elementor-widget-text-editor\" data-id=\"c662075\" data-element_type=\"widget\" data-e-type=\"widget\" data-widget_type=\"text-editor.default\">\n\t\t\t\t\t\t\t\t\t<p><strong>T\u00edtulo:<\/strong>\u00a0Tentando Recuperar a Intera\u00e7\u00e3o Social Perdida Durante a Pandemia da COVID-19 por meio da Gamifica\u00e7\u00e3o Social<br \/><strong>Autores:<\/strong> Isabelle Melo do Nascimento (UFPB), Jos\u00e9 Rocha do Amaral Neto (UFPB), Luiz Oliveira da Silva Junior (UFPB), Tha\u00edse Kelly de Lima Costa (UFPB) e Wilk Oliveira (USP)<br \/><strong>Link do artigo:<\/strong>\u00a0<a href=\"https:\/\/sol.sbc.org.br\/index.php\/wie\/article\/view\/17849\" target=\"_blank\" rel=\"noopener\">https:\/\/sol.sbc.org.br\/index.php\/wie\/article\/view\/17849<\/a><\/p>\t\t\t\t\t\t\t\t<\/div>\n\t\t\t\t\t<\/div>\n\t\t<\/div>\n\t\t\t\t\t<\/div>\n\t\t<\/section>\n\t\t\t\t<section class=\"elementor-section elementor-top-section elementor-element elementor-element-3c3c23b elementor-section-boxed elementor-section-height-default elementor-section-height-default\" data-id=\"3c3c23b\" data-element_type=\"section\" data-e-type=\"section\">\n\t\t\t\t\t\t<div class=\"elementor-container elementor-column-gap-default\">\n\t\t\t\t\t<div class=\"elementor-column elementor-col-50 elementor-top-column elementor-element elementor-element-afce594\" data-id=\"afce594\" data-element_type=\"column\" data-e-type=\"column\">\n\t\t\t<div class=\"elementor-widget-wrap elementor-element-populated\">\n\t\t\t\t\t\t<div class=\"elementor-element elementor-element-54ee338 elementor-widget__width-initial elementor-widget elementor-widget-image\" data-id=\"54ee338\" data-element_type=\"widget\" data-e-type=\"widget\" data-widget_type=\"image.default\">\n\t\t\t\t\t\t\t\t\t\t\t\t\t\t\t<img decoding=\"async\" width=\"63\" height=\"88\" src=\"https:\/\/comissoes.sbc.org.br\/ceie\/wp-content\/uploads\/2024\/05\/2Lugar.png\" class=\"attachment-medium size-medium wp-image-1576\" alt=\"S\u00edmbolo de medalha de Segundo Lugar\" \/>\t\t\t\t\t\t\t\t\t\t\t\t\t\t\t<\/div>\n\t\t\t\t\t<\/div>\n\t\t<\/div>\n\t\t\t\t<div class=\"elementor-column elementor-col-50 elementor-top-column elementor-element elementor-element-2710e3b\" data-id=\"2710e3b\" data-element_type=\"column\" data-e-type=\"column\">\n\t\t\t<div class=\"elementor-widget-wrap elementor-element-populated\">\n\t\t\t\t\t\t<div class=\"elementor-element elementor-element-446fb3f elementor-widget elementor-widget-heading\" data-id=\"446fb3f\" data-element_type=\"widget\" data-e-type=\"widget\" data-widget_type=\"heading.default\">\n\t\t\t\t\t<h3 class=\"elementor-heading-title elementor-size-default\">2\u00ba Lugar<\/h3>\t\t\t\t<\/div>\n\t\t\t\t<div class=\"elementor-element elementor-element-4920512 elementor-widget elementor-widget-text-editor\" data-id=\"4920512\" data-element_type=\"widget\" data-e-type=\"widget\" data-widget_type=\"text-editor.default\">\n\t\t\t\t\t\t\t\t\t<p><strong>T\u00edtulo:<\/strong>\u00a0Forma\u00e7\u00e3o de professores da Educa\u00e7\u00e3o Infantil para o uso de recursos digitais em tempos de pandemia<br \/><strong>Autores:<\/strong> Jos\u00e9 Ricardo C. Costa (UFC), Hanna Almeida Sousa (UFC) e Maria Auric\u00e9lia da Silva (UFC)<br \/><strong>Link do artigo:<\/strong>\u00a0<a href=\"https:\/\/sol.sbc.org.br\/index.php\/wie\/article\/view\/17846\" target=\"_blank\" rel=\"noopener\">https:\/\/sol.sbc.org.br\/index.php\/wie\/article\/view\/17846<\/a><\/p>\t\t\t\t\t\t\t\t<\/div>\n\t\t\t\t\t<\/div>\n\t\t<\/div>\n\t\t\t\t\t<\/div>\n\t\t<\/section>\n\t\t\t\t<section class=\"elementor-section elementor-top-section elementor-element elementor-element-366f77c elementor-section-boxed elementor-section-height-default elementor-section-height-default\" data-id=\"366f77c\" data-element_type=\"section\" data-e-type=\"section\">\n\t\t\t\t\t\t<div class=\"elementor-container elementor-column-gap-default\">\n\t\t\t\t\t<div class=\"elementor-column elementor-col-50 elementor-top-column elementor-element elementor-element-ff09a0a\" data-id=\"ff09a0a\" data-element_type=\"column\" data-e-type=\"column\">\n\t\t\t<div class=\"elementor-widget-wrap elementor-element-populated\">\n\t\t\t\t\t\t<div class=\"elementor-element elementor-element-2d49f1c elementor-widget__width-initial elementor-widget elementor-widget-image\" data-id=\"2d49f1c\" data-element_type=\"widget\" data-e-type=\"widget\" data-widget_type=\"image.default\">\n\t\t\t\t\t\t\t\t\t\t\t\t\t\t\t<img decoding=\"async\" width=\"63\" height=\"88\" src=\"https:\/\/comissoes.sbc.org.br\/ceie\/wp-content\/uploads\/2024\/05\/3Lugar.png\" class=\"attachment-medium size-medium wp-image-1577\" alt=\"S\u00edmbolo de medalha de Terceiro Lugar\" \/>\t\t\t\t\t\t\t\t\t\t\t\t\t\t\t<\/div>\n\t\t\t\t\t<\/div>\n\t\t<\/div>\n\t\t\t\t<div class=\"elementor-column elementor-col-50 elementor-top-column elementor-element elementor-element-7fb8235\" data-id=\"7fb8235\" data-element_type=\"column\" data-e-type=\"column\">\n\t\t\t<div class=\"elementor-widget-wrap elementor-element-populated\">\n\t\t\t\t\t\t<div class=\"elementor-element elementor-element-ca32464 elementor-widget elementor-widget-heading\" data-id=\"ca32464\" data-element_type=\"widget\" data-e-type=\"widget\" data-widget_type=\"heading.default\">\n\t\t\t\t\t<h3 class=\"elementor-heading-title elementor-size-default\">3\u00ba Lugar<\/h3>\t\t\t\t<\/div>\n\t\t\t\t<div class=\"elementor-element elementor-element-2a4510e elementor-widget elementor-widget-text-editor\" data-id=\"2a4510e\" data-element_type=\"widget\" data-e-type=\"widget\" data-widget_type=\"text-editor.default\">\n\t\t\t\t\t\t\t\t\t<p><strong>T\u00edtulo:<\/strong>\u00a0Ensino Remoto de Educa\u00e7\u00e3o F\u00edsica: A Experi\u00eancia com Jogos Interclasses Digitais em uma Escola P\u00fablica do Cear\u00e1<br \/><strong>Autores:<\/strong> Valdeir L. P. e Silva (UFC) e Priscila B. David (UFC)<br \/><strong>Link do artigo:<\/strong>\u00a0<a href=\"https:\/\/sol.sbc.org.br\/index.php\/wie\/article\/view\/17832\" target=\"_blank\" rel=\"noopener\">https:\/\/sol.sbc.org.br\/index.php\/wie\/article\/view\/17832<\/a><\/p>\t\t\t\t\t\t\t\t<\/div>\n\t\t\t\t\t<\/div>\n\t\t<\/div>\n\t\t\t\t\t<\/div>\n\t\t<\/section>\n\t\t\t\t<section class=\"elementor-section elementor-top-section elementor-element elementor-element-935a422 elementor-section-boxed elementor-section-height-default elementor-section-height-default\" data-id=\"935a422\" data-element_type=\"section\" data-e-type=\"section\">\n\t\t\t\t\t\t<div class=\"elementor-container elementor-column-gap-default\">\n\t\t\t\t\t<div class=\"elementor-column elementor-col-100 elementor-top-column elementor-element elementor-element-6c6c1be\" data-id=\"6c6c1be\" data-element_type=\"column\" data-e-type=\"column\">\n\t\t\t<div class=\"elementor-widget-wrap elementor-element-populated\">\n\t\t\t\t\t\t<div class=\"elementor-element elementor-element-0aea97e elementor-widget elementor-widget-heading\" data-id=\"0aea97e\" data-element_type=\"widget\" data-e-type=\"widget\" data-widget_type=\"heading.default\">\n\t\t\t\t\t<h2 class=\"elementor-heading-title elementor-size-default\">Simp\u00f3sio Brasileiro de Inform\u00e1tica na Educa\u00e7\u00e3o - SBIE<\/h2>\t\t\t\t<\/div>\n\t\t\t\t\t<\/div>\n\t\t<\/div>\n\t\t\t\t\t<\/div>\n\t\t<\/section>\n\t\t\t\t<section class=\"elementor-section elementor-top-section elementor-element elementor-element-9927b5f elementor-section-boxed elementor-section-height-default elementor-section-height-default\" data-id=\"9927b5f\" data-element_type=\"section\" data-e-type=\"section\">\n\t\t\t\t\t\t<div class=\"elementor-container elementor-column-gap-default\">\n\t\t\t\t\t<div class=\"elementor-column elementor-col-50 elementor-top-column elementor-element elementor-element-6f64657\" data-id=\"6f64657\" data-element_type=\"column\" data-e-type=\"column\">\n\t\t\t<div class=\"elementor-widget-wrap elementor-element-populated\">\n\t\t\t\t\t\t<div class=\"elementor-element elementor-element-7c88a71 elementor-widget__width-initial elementor-widget elementor-widget-image\" data-id=\"7c88a71\" data-element_type=\"widget\" data-e-type=\"widget\" data-widget_type=\"image.default\">\n\t\t\t\t\t\t\t\t\t\t\t\t\t\t\t<img decoding=\"async\" width=\"63\" height=\"88\" src=\"https:\/\/comissoes.sbc.org.br\/ceie\/wp-content\/uploads\/2024\/05\/1Lugar.png\" class=\"attachment-medium size-medium wp-image-1575\" alt=\"S\u00edmbolo de medalha de Primeiro Lugar\" \/>\t\t\t\t\t\t\t\t\t\t\t\t\t\t\t<\/div>\n\t\t\t\t\t<\/div>\n\t\t<\/div>\n\t\t\t\t<div class=\"elementor-column elementor-col-50 elementor-top-column elementor-element elementor-element-4d27c0b\" data-id=\"4d27c0b\" data-element_type=\"column\" data-e-type=\"column\">\n\t\t\t<div class=\"elementor-widget-wrap elementor-element-populated\">\n\t\t\t\t\t\t<div class=\"elementor-element elementor-element-20c3656 elementor-widget elementor-widget-heading\" data-id=\"20c3656\" data-element_type=\"widget\" data-e-type=\"widget\" data-widget_type=\"heading.default\">\n\t\t\t\t\t<h3 class=\"elementor-heading-title elementor-size-default\">1\u00ba Lugar<\/h3>\t\t\t\t<\/div>\n\t\t\t\t<div class=\"elementor-element elementor-element-ad84e0a elementor-widget elementor-widget-text-editor\" data-id=\"ad84e0a\" data-element_type=\"widget\" data-e-type=\"widget\" data-widget_type=\"text-editor.default\">\n\t\t\t\t\t\t\t\t\t<p><strong>T\u00edtulo:<\/strong>\u00a0Estudo comparativo entre abordagens estilom\u00e9tricas e textuais para atribui\u00e7\u00e3o de autoria em trabalhos escolares<br \/><strong>Autores:<\/strong>\u00a0Daniel Cirne Vilas-Boas dos Santos (UFPE) e Cleber Zanchettin (UFPE)<br \/><strong>\u00c1rea de estudo:<\/strong>\u00a0Inform\u00e1tica na Educa\u00e7\u00e3o<br \/><strong>Link do artigo:<\/strong>\u00a0<a href=\"https:\/\/sol.sbc.org.br\/index.php\/sbie\/article\/view\/18104\" target=\"_blank\" rel=\"noopener\">https:\/\/sol.sbc.org.br\/index.php\/sbie\/article\/view\/18104<\/a><\/p><p><strong>T\u00edtulo:<\/strong>\u00a0Analyzing learners? behavior and discourse within large online communities: a Social Learning Analytics Dashboard<br \/><strong>Autores:<\/strong> Rog\u00e9rio Ferreira da Silva (UFPR), Jos\u00e9 Maldonado (USP) e Itana Maria de Souza Gimenes (UEM)<br \/><strong>Link do artigo:<\/strong>\u00a0<a href=\"https:\/\/sol.sbc.org.br\/index.php\/sbie\/article\/view\/18088\" target=\"_blank\" rel=\"noopener\">https:\/\/sol.sbc.org.br\/index.php\/sbie\/article\/view\/18088<\/a><\/p>\t\t\t\t\t\t\t\t<\/div>\n\t\t\t\t\t<\/div>\n\t\t<\/div>\n\t\t\t\t\t<\/div>\n\t\t<\/section>\n\t\t\t\t<section class=\"elementor-section elementor-top-section elementor-element elementor-element-72c3143 elementor-section-boxed elementor-section-height-default elementor-section-height-default\" data-id=\"72c3143\" data-element_type=\"section\" data-e-type=\"section\">\n\t\t\t\t\t\t<div class=\"elementor-container elementor-column-gap-default\">\n\t\t\t\t\t<div class=\"elementor-column elementor-col-50 elementor-top-column elementor-element elementor-element-82b9fca\" data-id=\"82b9fca\" data-element_type=\"column\" data-e-type=\"column\">\n\t\t\t<div class=\"elementor-widget-wrap elementor-element-populated\">\n\t\t\t\t\t\t<div class=\"elementor-element elementor-element-3ec49f9 elementor-widget__width-initial elementor-widget elementor-widget-image\" data-id=\"3ec49f9\" data-element_type=\"widget\" data-e-type=\"widget\" data-widget_type=\"image.default\">\n\t\t\t\t\t\t\t\t\t\t\t\t\t\t\t<img decoding=\"async\" width=\"63\" height=\"88\" src=\"https:\/\/comissoes.sbc.org.br\/ceie\/wp-content\/uploads\/2024\/05\/2Lugar.png\" class=\"attachment-medium size-medium wp-image-1576\" alt=\"S\u00edmbolo de medalha de Segundo Lugar\" \/>\t\t\t\t\t\t\t\t\t\t\t\t\t\t\t<\/div>\n\t\t\t\t\t<\/div>\n\t\t<\/div>\n\t\t\t\t<div class=\"elementor-column elementor-col-50 elementor-top-column elementor-element elementor-element-4c8931e\" data-id=\"4c8931e\" data-element_type=\"column\" data-e-type=\"column\">\n\t\t\t<div class=\"elementor-widget-wrap elementor-element-populated\">\n\t\t\t\t\t\t<div class=\"elementor-element elementor-element-da1c951 elementor-widget elementor-widget-heading\" data-id=\"da1c951\" data-element_type=\"widget\" data-e-type=\"widget\" data-widget_type=\"heading.default\">\n\t\t\t\t\t<h3 class=\"elementor-heading-title elementor-size-default\">2\u00ba Lugar<\/h3>\t\t\t\t<\/div>\n\t\t\t\t<div class=\"elementor-element elementor-element-5749f72 elementor-widget elementor-widget-text-editor\" data-id=\"5749f72\" data-element_type=\"widget\" data-e-type=\"widget\" data-widget_type=\"text-editor.default\">\n\t\t\t\t\t\t\t\t\t<p><strong>T\u00edtulo:<\/strong>\u00a0Recurso Educacional Aberto para Treinamento Inicial e Cont\u00ednuo em Mamografia Utilizando Question\u00e1rio Virtual e T\u00e9cnicas de Gamifica\u00e7\u00e3o<br \/><strong>Autores:<\/strong>\u00a0Paulo Silva, Gabriel Cyrino, Edgard Lamounier (UFU), Alexandre Cardoso (UFU),<br \/>Ana Claudia Patrocinio (UFU)<br \/><strong>Link do artigo:<\/strong>\u00a0<a href=\"https:\/\/sol.sbc.org.br\/index.php\/sbie\/article\/view\/18072\" target=\"_blank\" rel=\"noopener\">https:\/\/sol.sbc.org.br\/index.php\/sbie\/article\/view\/18072<\/a><\/p>\t\t\t\t\t\t\t\t<\/div>\n\t\t\t\t\t<\/div>\n\t\t<\/div>\n\t\t\t\t\t<\/div>\n\t\t<\/section>\n\t\t\t\t<section class=\"elementor-section elementor-top-section elementor-element elementor-element-8cac174 elementor-section-boxed elementor-section-height-default elementor-section-height-default\" data-id=\"8cac174\" data-element_type=\"section\" data-e-type=\"section\">\n\t\t\t\t\t\t<div class=\"elementor-container elementor-column-gap-default\">\n\t\t\t\t\t<div class=\"elementor-column elementor-col-50 elementor-top-column elementor-element elementor-element-01358fe\" data-id=\"01358fe\" data-element_type=\"column\" data-e-type=\"column\">\n\t\t\t<div class=\"elementor-widget-wrap elementor-element-populated\">\n\t\t\t\t\t\t<div class=\"elementor-element elementor-element-cc50e28 elementor-widget__width-initial elementor-widget elementor-widget-image\" data-id=\"cc50e28\" data-element_type=\"widget\" data-e-type=\"widget\" data-widget_type=\"image.default\">\n\t\t\t\t\t\t\t\t\t\t\t\t\t\t\t<img decoding=\"async\" width=\"63\" height=\"88\" src=\"https:\/\/comissoes.sbc.org.br\/ceie\/wp-content\/uploads\/2024\/05\/3Lugar.png\" class=\"attachment-medium size-medium wp-image-1577\" alt=\"S\u00edmbolo de medalha de Terceiro Lugar\" \/>\t\t\t\t\t\t\t\t\t\t\t\t\t\t\t<\/div>\n\t\t\t\t\t<\/div>\n\t\t<\/div>\n\t\t\t\t<div class=\"elementor-column elementor-col-50 elementor-top-column elementor-element elementor-element-df89c62\" data-id=\"df89c62\" data-element_type=\"column\" data-e-type=\"column\">\n\t\t\t<div class=\"elementor-widget-wrap elementor-element-populated\">\n\t\t\t\t\t\t<div class=\"elementor-element elementor-element-a6147d0 elementor-widget elementor-widget-heading\" data-id=\"a6147d0\" data-element_type=\"widget\" data-e-type=\"widget\" data-widget_type=\"heading.default\">\n\t\t\t\t\t<h3 class=\"elementor-heading-title elementor-size-default\">3\u00ba Lugar<\/h3>\t\t\t\t<\/div>\n\t\t\t\t<div class=\"elementor-element elementor-element-18a23be elementor-widget elementor-widget-text-editor\" data-id=\"18a23be\" data-element_type=\"widget\" data-e-type=\"widget\" data-widget_type=\"text-editor.default\">\n\t\t\t\t\t\t\t\t\t<p><strong>T\u00edtulo:<\/strong>\u00a0Din\u00e2mica de afetos dos alunos em um Sistema Tutor Inteligente de matem\u00e1tica no contexto brasileiro<br \/><strong>Autores:<\/strong>\u00a0Felipe de Morais (UNISINOS) e Patricia Jaques (UNISINOS)<br \/><strong>\u00c1rea de estudo:<\/strong>\u00a0Inform\u00e1tica na Educa\u00e7\u00e3o<br \/><strong>Link do artigo:<\/strong>\u00a0<a href=\"https:\/\/sol.sbc.org.br\/index.php\/sbie\/article\/view\/18098\" target=\"_blank\" rel=\"noopener\">https:\/\/sol.sbc.org.br\/index.php\/sbie\/article\/view\/18098<\/a><\/p>\t\t\t\t\t\t\t\t<\/div>\n\t\t\t\t\t<\/div>\n\t\t<\/div>\n\t\t\t\t\t<\/div>\n\t\t<\/section>\n\t\t\t\t<\/div>\n\t\t","protected":false},"excerpt":{"rendered":"<p>Artigos Destaques CBIE &#8211; 2021 Rela\u00e7\u00e3o completa do artigos premiados no&nbsp;X&nbsp;Congresso Brasileiro de Inform\u00e1tica na Educa\u00e7\u00e3o (CBIE) no ano de [&hellip;]<\/p>\n","protected":false},"author":53770,"featured_media":0,"parent":0,"menu_order":0,"comment_status":"closed","ping_status":"closed","template":"page-templates\/template-pagebuilder-full-width.php","meta":{"_acf_changed":false,"site-sidebar-layout":"default","site-content-layout":"","ast-site-content-layout":"default","site-content-style":"default","site-sidebar-style":"default","ast-global-header-display":"","ast-banner-title-visibility":"","ast-main-header-display":"","ast-hfb-above-header-display":"","ast-hfb-below-header-display":"","ast-hfb-mobile-header-display":"","site-post-title":"","ast-breadcrumbs-content":"","ast-featured-img":"","footer-sml-layout":"","ast-disable-related-posts":"","theme-transparent-header-meta":"","adv-header-id-meta":"","stick-header-meta":"","header-above-stick-meta":"","header-main-stick-meta":"","header-below-stick-meta":"","astra-migrate-meta-layouts":"default","ast-page-background-enabled":"default","ast-page-background-meta":{"desktop":{"background-color":"var(--ast-global-color-5)","background-image":"","background-repeat":"repeat","background-position":"center center","background-size":"auto","background-attachment":"scroll","background-type":"","background-media":"","overlay-type":"","overlay-color":"","overlay-opacity":"","overlay-gradient":""},"tablet":{"background-color":"","background-image":"","background-repeat":"repeat","background-position":"center center","background-size":"auto","background-attachment":"scroll","background-type":"","background-media":"","overlay-type":"","overlay-color":"","overlay-opacity":"","overlay-gradient":""},"mobile":{"background-color":"","background-image":"","background-repeat":"repeat","background-position":"center center","background-size":"auto","background-attachment":"scroll","background-type":"","background-media":"","overlay-type":"","overlay-color":"","overlay-opacity":"","overlay-gradient":""}},"ast-content-background-meta":{"desktop":{"background-color":"var(--ast-global-color-4)","background-image":"","background-repeat":"repeat","background-position":"center center","background-size":"auto","background-attachment":"scroll","background-type":"","background-media":"","overlay-type":"","overlay-color":"","overlay-opacity":"","overlay-gradient":""},"tablet":{"background-color":"var(--ast-global-color-4)","background-image":"","background-repeat":"repeat","background-position":"center center","background-size":"auto","background-attachment":"scroll","background-type":"","background-media":"","overlay-type":"","overlay-color":"","overlay-opacity":"","overlay-gradient":""},"mobile":{"background-color":"var(--ast-global-color-4)","background-image":"","background-repeat":"repeat","background-position":"center center","background-size":"auto","background-attachment":"scroll","background-type":"","background-media":"","overlay-type":"","overlay-color":"","overlay-opacity":"","overlay-gradient":""}},"_kadence_starter_templates_imported_post":false,"footnotes":""},"class_list":["post-1623","page","type-page","status-publish","hentry"],"acf":[],"_links":{"self":[{"href":"https:\/\/comissoes.sbc.org.br\/ceie\/wp-json\/wp\/v2\/pages\/1623","targetHints":{"allow":["GET"]}}],"collection":[{"href":"https:\/\/comissoes.sbc.org.br\/ceie\/wp-json\/wp\/v2\/pages"}],"about":[{"href":"https:\/\/comissoes.sbc.org.br\/ceie\/wp-json\/wp\/v2\/types\/page"}],"author":[{"embeddable":true,"href":"https:\/\/comissoes.sbc.org.br\/ceie\/wp-json\/wp\/v2\/users\/53770"}],"replies":[{"embeddable":true,"href":"https:\/\/comissoes.sbc.org.br\/ceie\/wp-json\/wp\/v2\/comments?post=1623"}],"version-history":[{"count":13,"href":"https:\/\/comissoes.sbc.org.br\/ceie\/wp-json\/wp\/v2\/pages\/1623\/revisions"}],"predecessor-version":[{"id":2071,"href":"https:\/\/comissoes.sbc.org.br\/ceie\/wp-json\/wp\/v2\/pages\/1623\/revisions\/2071"}],"wp:attachment":[{"href":"https:\/\/comissoes.sbc.org.br\/ceie\/wp-json\/wp\/v2\/media?parent=1623"}],"curies":[{"name":"wp","href":"https:\/\/api.w.org\/{rel}","templated":true}]}}