{"id":1572,"date":"2024-05-06T19:53:34","date_gmt":"2024-05-06T19:53:34","guid":{"rendered":"https:\/\/comissoes.sbc.org.br\/ceie\/?page_id=1572"},"modified":"2026-03-31T19:08:02","modified_gmt":"2026-03-31T19:08:02","slug":"premiacoes","status":"publish","type":"page","link":"https:\/\/comissoes.sbc.org.br\/ceie\/premiacoes\/","title":{"rendered":"Premia\u00e7\u00f5es"},"content":{"rendered":"\t\t<div data-elementor-type=\"wp-page\" data-elementor-id=\"1572\" class=\"elementor elementor-1572\" data-elementor-post-type=\"page\">\n\t\t\t\t\t\t<section class=\"elementor-section elementor-top-section elementor-element elementor-element-8e6f624 elementor-section-boxed elementor-section-height-default elementor-section-height-default\" data-id=\"8e6f624\" data-element_type=\"section\" data-e-type=\"section\">\n\t\t\t\t\t\t<div class=\"elementor-container elementor-column-gap-default\">\n\t\t\t\t\t<div class=\"elementor-column elementor-col-100 elementor-top-column elementor-element elementor-element-a080864\" data-id=\"a080864\" data-element_type=\"column\" data-e-type=\"column\">\n\t\t\t<div class=\"elementor-widget-wrap elementor-element-populated\">\n\t\t\t\t\t\t<div class=\"elementor-element elementor-element-73c940f elementor-widget elementor-widget-heading\" data-id=\"73c940f\" data-element_type=\"widget\" data-e-type=\"widget\" data-widget_type=\"heading.default\">\n\t\t\t\t\t<h2 class=\"elementor-heading-title elementor-size-default\">Artigos Destaques do CBIE<\/h2>\t\t\t\t<\/div>\n\t\t\t\t\t<\/div>\n\t\t<\/div>\n\t\t\t\t\t<\/div>\n\t\t<\/section>\n\t\t\t\t<section class=\"elementor-section elementor-top-section elementor-element elementor-element-b3ba64d elementor-section-boxed elementor-section-height-default elementor-section-height-default\" data-id=\"b3ba64d\" data-element_type=\"section\" data-e-type=\"section\">\n\t\t\t\t\t\t<div class=\"elementor-container elementor-column-gap-default\">\n\t\t\t\t\t<div class=\"elementor-column elementor-col-100 elementor-top-column elementor-element elementor-element-75c48f6\" data-id=\"75c48f6\" data-element_type=\"column\" data-e-type=\"column\">\n\t\t\t<div class=\"elementor-widget-wrap elementor-element-populated\">\n\t\t\t\t\t\t<div class=\"elementor-element elementor-element-380048b elementor-widget elementor-widget-text-editor\" data-id=\"380048b\" data-element_type=\"widget\" data-e-type=\"widget\" data-widget_type=\"text-editor.default\">\n\t\t\t\t\t\t\t\t\t<p>Escolha o ano e clique na imagem para\u00a0 acessar a rela\u00e7\u00e3o completa do artigos premiados no <b>Congresso Brasileiro de Inform\u00e1tica na Educa\u00e7\u00e3o (CBIE)<\/b>.<\/p>\t\t\t\t\t\t\t\t<\/div>\n\t\t\t\t\t<\/div>\n\t\t<\/div>\n\t\t\t\t\t<\/div>\n\t\t<\/section>\n\t\t\t\t<section class=\"elementor-section elementor-top-section elementor-element elementor-element-d185f23 elementor-section-boxed elementor-section-height-default elementor-section-height-default\" data-id=\"d185f23\" data-element_type=\"section\" data-e-type=\"section\">\n\t\t\t\t\t\t<div class=\"elementor-container elementor-column-gap-default\">\n\t\t\t\t\t<div class=\"elementor-column elementor-col-50 elementor-top-column elementor-element elementor-element-2cc3157\" data-id=\"2cc3157\" data-element_type=\"column\" data-e-type=\"column\">\n\t\t\t<div class=\"elementor-widget-wrap\">\n\t\t\t\t\t\t\t<\/div>\n\t\t<\/div>\n\t\t\t\t<div class=\"elementor-column elementor-col-50 elementor-top-column elementor-element elementor-element-68a13b1\" data-id=\"68a13b1\" data-element_type=\"column\" data-e-type=\"column\">\n\t\t\t<div class=\"elementor-widget-wrap\">\n\t\t\t\t\t\t\t<\/div>\n\t\t<\/div>\n\t\t\t\t\t<\/div>\n\t\t<\/section>\n\t\t\t\t<section class=\"elementor-section elementor-top-section elementor-element elementor-element-061d440 elementor-section-boxed elementor-section-height-default elementor-section-height-default\" data-id=\"061d440\" data-element_type=\"section\" data-e-type=\"section\">\n\t\t\t\t\t\t<div class=\"elementor-container elementor-column-gap-default\">\n\t\t\t\t\t<div class=\"elementor-column elementor-col-50 elementor-top-column elementor-element elementor-element-59abaa4\" data-id=\"59abaa4\" data-element_type=\"column\" data-e-type=\"column\">\n\t\t\t<div class=\"elementor-widget-wrap elementor-element-populated\">\n\t\t\t\t\t\t<div class=\"elementor-element elementor-element-3e3b2ec elementor-widget__width-initial elementor-widget elementor-widget-image\" data-id=\"3e3b2ec\" data-element_type=\"widget\" data-e-type=\"widget\" data-widget_type=\"image.default\">\n\t\t\t\t\t\t\t\t\t\t\t\t\t\t\t\t<a href=\"https:\/\/comissoes.sbc.org.br\/ceie\/premiacoes-2025\" target=\"_blank\">\n\t\t\t\t\t\t\t<img decoding=\"async\" src=\"https:\/\/comissoes.sbc.org.br\/ceie\/wp-content\/uploads\/2026\/03\/destaques-2023-300x136-1.png\" title=\"destaques-2025\" alt=\"destaques-2025\" loading=\"lazy\" \/>\t\t\t\t\t\t\t\t<\/a>\n\t\t\t\t\t\t\t\t\t\t\t\t\t\t\t<\/div>\n\t\t\t\t<div class=\"elementor-element elementor-element-af65f41 elementor-widget__width-initial elementor-widget elementor-widget-image\" data-id=\"af65f41\" data-element_type=\"widget\" data-e-type=\"widget\" data-widget_type=\"image.default\">\n\t\t\t\t\t\t\t\t\t\t\t\t\t\t\t\t<a href=\"https:\/\/comissoes.sbc.org.br\/ceie\/premiacoes-2024\" target=\"_blank\">\n\t\t\t\t\t\t\t<img decoding=\"async\" src=\"https:\/\/comissoes.sbc.org.br\/ceie\/wp-content\/uploads\/2024\/12\/destaques-2024-1.png\" title=\"Destaques do ano 2024\" alt=\"S\u00edmbolo de uma medalha com descri\u00e7\u00e3o &quot;Destaques do ano 2024&quot;\" loading=\"lazy\" \/>\t\t\t\t\t\t\t\t<\/a>\n\t\t\t\t\t\t\t\t\t\t\t\t\t\t\t<\/div>\n\t\t\t\t<div class=\"elementor-element elementor-element-b813a70 elementor-widget elementor-widget-image\" data-id=\"b813a70\" data-element_type=\"widget\" data-e-type=\"widget\" data-widget_type=\"image.default\">\n\t\t\t\t\t\t\t\t\t\t\t\t\t\t\t\t<a href=\"https:\/\/comissoes.sbc.org.br\/ceie\/premiacoes-2023\" target=\"_blank\">\n\t\t\t\t\t\t\t<img decoding=\"async\" width=\"300\" height=\"136\" src=\"https:\/\/comissoes.sbc.org.br\/ceie\/wp-content\/uploads\/2024\/05\/destaques-2023-300x136.png\" class=\"attachment-medium size-medium wp-image-1602\" alt=\"S\u00edmbolo de uma medalha com descri\u00e7\u00e3o &quot;Destaques do ano 2023&quot;\" srcset=\"https:\/\/comissoes.sbc.org.br\/ceie\/wp-content\/uploads\/2024\/05\/destaques-2023-300x136.png 300w, https:\/\/comissoes.sbc.org.br\/ceie\/wp-content\/uploads\/2024\/05\/destaques-2023-1024x465.png 1024w, https:\/\/comissoes.sbc.org.br\/ceie\/wp-content\/uploads\/2024\/05\/destaques-2023-768x349.png 768w, https:\/\/comissoes.sbc.org.br\/ceie\/wp-content\/uploads\/2024\/05\/destaques-2023-1536x698.png 1536w, https:\/\/comissoes.sbc.org.br\/ceie\/wp-content\/uploads\/2024\/05\/destaques-2023.png 1713w\" sizes=\"(max-width: 300px) 100vw, 300px\" \/>\t\t\t\t\t\t\t\t<\/a>\n\t\t\t\t\t\t\t\t\t\t\t\t\t\t\t<\/div>\n\t\t\t\t<div class=\"elementor-element elementor-element-d83a97c elementor-widget elementor-widget-image\" data-id=\"d83a97c\" data-element_type=\"widget\" data-e-type=\"widget\" data-widget_type=\"image.default\">\n\t\t\t\t\t\t\t\t\t\t\t\t\t\t\t\t<a href=\"https:\/\/comissoes.sbc.org.br\/ceie\/premiacoes-2022\" target=\"_blank\">\n\t\t\t\t\t\t\t<img decoding=\"async\" width=\"300\" height=\"136\" src=\"https:\/\/comissoes.sbc.org.br\/ceie\/wp-content\/uploads\/2024\/05\/destaques-2022-300x136.png\" class=\"attachment-medium size-medium wp-image-1603\" alt=\"S\u00edmbolo de uma medalha com descri\u00e7\u00e3o &quot;Destaques do ano 2022&quot;\" srcset=\"https:\/\/comissoes.sbc.org.br\/ceie\/wp-content\/uploads\/2024\/05\/destaques-2022-300x136.png 300w, https:\/\/comissoes.sbc.org.br\/ceie\/wp-content\/uploads\/2024\/05\/destaques-2022-1024x465.png 1024w, https:\/\/comissoes.sbc.org.br\/ceie\/wp-content\/uploads\/2024\/05\/destaques-2022-768x349.png 768w, https:\/\/comissoes.sbc.org.br\/ceie\/wp-content\/uploads\/2024\/05\/destaques-2022-1536x698.png 1536w, https:\/\/comissoes.sbc.org.br\/ceie\/wp-content\/uploads\/2024\/05\/destaques-2022.png 1713w\" sizes=\"(max-width: 300px) 100vw, 300px\" \/>\t\t\t\t\t\t\t\t<\/a>\n\t\t\t\t\t\t\t\t\t\t\t\t\t\t\t<\/div>\n\t\t\t\t<div class=\"elementor-element elementor-element-1651704 elementor-widget elementor-widget-image\" data-id=\"1651704\" data-element_type=\"widget\" data-e-type=\"widget\" data-widget_type=\"image.default\">\n\t\t\t\t\t\t\t\t\t\t\t\t\t\t\t\t<a href=\"https:\/\/comissoes.sbc.org.br\/ceie\/premiacoes-2021\" target=\"_blank\">\n\t\t\t\t\t\t\t<img decoding=\"async\" width=\"300\" height=\"136\" src=\"https:\/\/comissoes.sbc.org.br\/ceie\/wp-content\/uploads\/2024\/05\/destaques-2021-300x136.png\" class=\"attachment-medium size-medium wp-image-1642\" alt=\"S\u00edmbolo de uma medalha com descri\u00e7\u00e3o &quot;Destaques do ano 2021&quot;\" srcset=\"https:\/\/comissoes.sbc.org.br\/ceie\/wp-content\/uploads\/2024\/05\/destaques-2021-300x136.png 300w, https:\/\/comissoes.sbc.org.br\/ceie\/wp-content\/uploads\/2024\/05\/destaques-2021-1024x465.png 1024w, https:\/\/comissoes.sbc.org.br\/ceie\/wp-content\/uploads\/2024\/05\/destaques-2021-768x349.png 768w, https:\/\/comissoes.sbc.org.br\/ceie\/wp-content\/uploads\/2024\/05\/destaques-2021-1536x698.png 1536w, https:\/\/comissoes.sbc.org.br\/ceie\/wp-content\/uploads\/2024\/05\/destaques-2021.png 1713w\" sizes=\"(max-width: 300px) 100vw, 300px\" \/>\t\t\t\t\t\t\t\t<\/a>\n\t\t\t\t\t\t\t\t\t\t\t\t\t\t\t<\/div>\n\t\t\t\t<div class=\"elementor-element elementor-element-2dbd3aa elementor-widget elementor-widget-image\" data-id=\"2dbd3aa\" data-element_type=\"widget\" data-e-type=\"widget\" data-widget_type=\"image.default\">\n\t\t\t\t\t\t\t\t\t\t\t\t\t\t\t\t<a href=\"https:\/\/comissoes.sbc.org.br\/ceie\/premiacoes-2020-2\/\" target=\"_blank\">\n\t\t\t\t\t\t\t<img loading=\"lazy\" decoding=\"async\" width=\"300\" height=\"136\" src=\"https:\/\/comissoes.sbc.org.br\/ceie\/wp-content\/uploads\/2024\/05\/destaques-2020-300x136.png\" class=\"attachment-medium size-medium wp-image-1643\" alt=\"S\u00edmbolo de uma medalha com descri\u00e7\u00e3o &quot;Destaques do ano 2020&quot;\" srcset=\"https:\/\/comissoes.sbc.org.br\/ceie\/wp-content\/uploads\/2024\/05\/destaques-2020-300x136.png 300w, https:\/\/comissoes.sbc.org.br\/ceie\/wp-content\/uploads\/2024\/05\/destaques-2020-1024x465.png 1024w, https:\/\/comissoes.sbc.org.br\/ceie\/wp-content\/uploads\/2024\/05\/destaques-2020-768x349.png 768w, https:\/\/comissoes.sbc.org.br\/ceie\/wp-content\/uploads\/2024\/05\/destaques-2020-1536x698.png 1536w, https:\/\/comissoes.sbc.org.br\/ceie\/wp-content\/uploads\/2024\/05\/destaques-2020.png 1713w\" sizes=\"(max-width: 300px) 100vw, 300px\" \/>\t\t\t\t\t\t\t\t<\/a>\n\t\t\t\t\t\t\t\t\t\t\t\t\t\t\t<\/div>\n\t\t\t\t<div class=\"elementor-element elementor-element-f77aa42 elementor-widget elementor-widget-image\" data-id=\"f77aa42\" data-element_type=\"widget\" data-e-type=\"widget\" data-widget_type=\"image.default\">\n\t\t\t\t\t\t\t\t\t\t\t\t\t\t\t\t<a href=\"https:\/\/comissoes.sbc.org.br\/ceie\/premiacoes-2019\" target=\"_blank\">\n\t\t\t\t\t\t\t<img loading=\"lazy\" decoding=\"async\" width=\"300\" height=\"137\" src=\"https:\/\/comissoes.sbc.org.br\/ceie\/wp-content\/uploads\/2024\/05\/destaques-2019-300x137.png\" class=\"attachment-medium size-medium wp-image-1688\" alt=\"S\u00edmbolo de uma medalha com descri\u00e7\u00e3o &quot;Destaques do ano 2019&quot;\" srcset=\"https:\/\/comissoes.sbc.org.br\/ceie\/wp-content\/uploads\/2024\/05\/destaques-2019-300x137.png 300w, https:\/\/comissoes.sbc.org.br\/ceie\/wp-content\/uploads\/2024\/05\/destaques-2019-1024x466.png 1024w, https:\/\/comissoes.sbc.org.br\/ceie\/wp-content\/uploads\/2024\/05\/destaques-2019-768x349.png 768w, https:\/\/comissoes.sbc.org.br\/ceie\/wp-content\/uploads\/2024\/05\/destaques-2019-1536x699.png 1536w, https:\/\/comissoes.sbc.org.br\/ceie\/wp-content\/uploads\/2024\/05\/destaques-2019.png 1712w\" sizes=\"(max-width: 300px) 100vw, 300px\" \/>\t\t\t\t\t\t\t\t<\/a>\n\t\t\t\t\t\t\t\t\t\t\t\t\t\t\t<\/div>\n\t\t\t\t<div class=\"elementor-element elementor-element-82f50b4 elementor-widget elementor-widget-image\" data-id=\"82f50b4\" data-element_type=\"widget\" data-e-type=\"widget\" data-widget_type=\"image.default\">\n\t\t\t\t\t\t\t\t\t\t\t\t\t\t\t\t<a href=\"https:\/\/comissoes.sbc.org.br\/ceie\/premiacoes-2018\" target=\"_blank\">\n\t\t\t\t\t\t\t<img loading=\"lazy\" decoding=\"async\" width=\"300\" height=\"136\" src=\"https:\/\/comissoes.sbc.org.br\/ceie\/wp-content\/uploads\/2024\/05\/destaques-2018-300x136.png\" class=\"attachment-medium size-medium wp-image-1687\" alt=\"S\u00edmbolo de uma medalha com descri\u00e7\u00e3o &quot;Destaques do ano 2018&quot;\" srcset=\"https:\/\/comissoes.sbc.org.br\/ceie\/wp-content\/uploads\/2024\/05\/destaques-2018-300x136.png 300w, https:\/\/comissoes.sbc.org.br\/ceie\/wp-content\/uploads\/2024\/05\/destaques-2018-1024x465.png 1024w, https:\/\/comissoes.sbc.org.br\/ceie\/wp-content\/uploads\/2024\/05\/destaques-2018-768x349.png 768w, https:\/\/comissoes.sbc.org.br\/ceie\/wp-content\/uploads\/2024\/05\/destaques-2018-1536x698.png 1536w, https:\/\/comissoes.sbc.org.br\/ceie\/wp-content\/uploads\/2024\/05\/destaques-2018.png 1713w\" sizes=\"(max-width: 300px) 100vw, 300px\" \/>\t\t\t\t\t\t\t\t<\/a>\n\t\t\t\t\t\t\t\t\t\t\t\t\t\t\t<\/div>\n\t\t\t\t<div class=\"elementor-element elementor-element-459709e elementor-widget elementor-widget-image\" data-id=\"459709e\" data-element_type=\"widget\" data-e-type=\"widget\" data-widget_type=\"image.default\">\n\t\t\t\t\t\t\t\t\t\t\t\t\t\t\t\t<a href=\"https:\/\/comissoes.sbc.org.br\/ceie\/premiacoes-2017\">\n\t\t\t\t\t\t\t<img loading=\"lazy\" decoding=\"async\" width=\"300\" height=\"136\" src=\"https:\/\/comissoes.sbc.org.br\/ceie\/wp-content\/uploads\/2024\/05\/destaques-2017-300x136.png\" class=\"attachment-medium size-medium wp-image-1686\" alt=\"S\u00edmbolo de uma medalha com descri\u00e7\u00e3o &quot;Destaques do ano 2017&quot;\" srcset=\"https:\/\/comissoes.sbc.org.br\/ceie\/wp-content\/uploads\/2024\/05\/destaques-2017-300x136.png 300w, https:\/\/comissoes.sbc.org.br\/ceie\/wp-content\/uploads\/2024\/05\/destaques-2017-1024x465.png 1024w, https:\/\/comissoes.sbc.org.br\/ceie\/wp-content\/uploads\/2024\/05\/destaques-2017-768x349.png 768w, https:\/\/comissoes.sbc.org.br\/ceie\/wp-content\/uploads\/2024\/05\/destaques-2017-1536x698.png 1536w, https:\/\/comissoes.sbc.org.br\/ceie\/wp-content\/uploads\/2024\/05\/destaques-2017.png 1712w\" sizes=\"(max-width: 300px) 100vw, 300px\" \/>\t\t\t\t\t\t\t\t<\/a>\n\t\t\t\t\t\t\t\t\t\t\t\t\t\t\t<\/div>\n\t\t\t\t<div class=\"elementor-element elementor-element-9ef2931 elementor-widget elementor-widget-image\" data-id=\"9ef2931\" data-element_type=\"widget\" data-e-type=\"widget\" data-widget_type=\"image.default\">\n\t\t\t\t\t\t\t\t\t\t\t\t\t\t\t\t<a href=\"https:\/\/comissoes.sbc.org.br\/ceie\/premiacoes-2016\" target=\"_blank\">\n\t\t\t\t\t\t\t<img loading=\"lazy\" decoding=\"async\" width=\"300\" height=\"137\" src=\"https:\/\/comissoes.sbc.org.br\/ceie\/wp-content\/uploads\/2024\/05\/destaques-2016-300x137.png\" class=\"attachment-medium size-medium wp-image-1685\" alt=\"S\u00edmbolo de uma medalha com descri\u00e7\u00e3o &quot;Destaques do ano 2016&quot;\" srcset=\"https:\/\/comissoes.sbc.org.br\/ceie\/wp-content\/uploads\/2024\/05\/destaques-2016-300x137.png 300w, https:\/\/comissoes.sbc.org.br\/ceie\/wp-content\/uploads\/2024\/05\/destaques-2016-1024x466.png 1024w, https:\/\/comissoes.sbc.org.br\/ceie\/wp-content\/uploads\/2024\/05\/destaques-2016-768x349.png 768w, https:\/\/comissoes.sbc.org.br\/ceie\/wp-content\/uploads\/2024\/05\/destaques-2016-1536x699.png 1536w, https:\/\/comissoes.sbc.org.br\/ceie\/wp-content\/uploads\/2024\/05\/destaques-2016.png 1712w\" sizes=\"(max-width: 300px) 100vw, 300px\" \/>\t\t\t\t\t\t\t\t<\/a>\n\t\t\t\t\t\t\t\t\t\t\t\t\t\t\t<\/div>\n\t\t\t\t\t<\/div>\n\t\t<\/div>\n\t\t\t\t<div class=\"elementor-column elementor-col-50 elementor-top-column elementor-element elementor-element-6c546c1\" data-id=\"6c546c1\" data-element_type=\"column\" data-e-type=\"column\">\n\t\t\t<div class=\"elementor-widget-wrap\">\n\t\t\t\t\t\t\t<\/div>\n\t\t<\/div>\n\t\t\t\t\t<\/div>\n\t\t<\/section>\n\t\t\t\t<\/div>\n\t\t","protected":false},"excerpt":{"rendered":"<p>Artigos Destaques do CBIE Escolha o ano e clique na imagem para\u00a0 acessar a rela\u00e7\u00e3o completa do artigos premiados no [&hellip;]<\/p>\n","protected":false},"author":53770,"featured_media":0,"parent":0,"menu_order":0,"comment_status":"closed","ping_status":"closed","template":"","meta":{"_acf_changed":false,"site-sidebar-layout":"default","site-content-layout":"","ast-site-content-layout":"default","site-content-style":"default","site-sidebar-style":"default","ast-global-header-display":"","ast-banner-title-visibility":"","ast-main-header-display":"","ast-hfb-above-header-display":"","ast-hfb-below-header-display":"","ast-hfb-mobile-header-display":"","site-post-title":"","ast-breadcrumbs-content":"","ast-featured-img":"","footer-sml-layout":"","ast-disable-related-posts":"","theme-transparent-header-meta":"","adv-header-id-meta":"","stick-header-meta":"","header-above-stick-meta":"","header-main-stick-meta":"","header-below-stick-meta":"","astra-migrate-meta-layouts":"default","ast-page-background-enabled":"default","ast-page-background-meta":{"desktop":{"background-color":"var(--ast-global-color-5)","background-image":"","background-repeat":"repeat","background-position":"center center","background-size":"auto","background-attachment":"scroll","background-type":"","background-media":"","overlay-type":"","overlay-color":"","overlay-opacity":"","overlay-gradient":""},"tablet":{"background-color":"","background-image":"","background-repeat":"repeat","background-position":"center center","background-size":"auto","background-attachment":"scroll","background-type":"","background-media":"","overlay-type":"","overlay-color":"","overlay-opacity":"","overlay-gradient":""},"mobile":{"background-color":"","background-image":"","background-repeat":"repeat","background-position":"center center","background-size":"auto","background-attachment":"scroll","background-type":"","background-media":"","overlay-type":"","overlay-color":"","overlay-opacity":"","overlay-gradient":""}},"ast-content-background-meta":{"desktop":{"background-color":"var(--ast-global-color-4)","background-image":"","background-repeat":"repeat","background-position":"center center","background-size":"auto","background-attachment":"scroll","background-type":"","background-media":"","overlay-type":"","overlay-color":"","overlay-opacity":"","overlay-gradient":""},"tablet":{"background-color":"var(--ast-global-color-4)","background-image":"","background-repeat":"repeat","background-position":"center center","background-size":"auto","background-attachment":"scroll","background-type":"","background-media":"","overlay-type":"","overlay-color":"","overlay-opacity":"","overlay-gradient":""},"mobile":{"background-color":"var(--ast-global-color-4)","background-image":"","background-repeat":"repeat","background-position":"center center","background-size":"auto","background-attachment":"scroll","background-type":"","background-media":"","overlay-type":"","overlay-color":"","overlay-opacity":"","overlay-gradient":""}},"_kadence_starter_templates_imported_post":false,"footnotes":""},"class_list":["post-1572","page","type-page","status-publish","hentry"],"acf":[],"_links":{"self":[{"href":"https:\/\/comissoes.sbc.org.br\/ceie\/wp-json\/wp\/v2\/pages\/1572","targetHints":{"allow":["GET"]}}],"collection":[{"href":"https:\/\/comissoes.sbc.org.br\/ceie\/wp-json\/wp\/v2\/pages"}],"about":[{"href":"https:\/\/comissoes.sbc.org.br\/ceie\/wp-json\/wp\/v2\/types\/page"}],"author":[{"embeddable":true,"href":"https:\/\/comissoes.sbc.org.br\/ceie\/wp-json\/wp\/v2\/users\/53770"}],"replies":[{"embeddable":true,"href":"https:\/\/comissoes.sbc.org.br\/ceie\/wp-json\/wp\/v2\/comments?post=1572"}],"version-history":[{"count":51,"href":"https:\/\/comissoes.sbc.org.br\/ceie\/wp-json\/wp\/v2\/pages\/1572\/revisions"}],"predecessor-version":[{"id":2881,"href":"https:\/\/comissoes.sbc.org.br\/ceie\/wp-json\/wp\/v2\/pages\/1572\/revisions\/2881"}],"wp:attachment":[{"href":"https:\/\/comissoes.sbc.org.br\/ceie\/wp-json\/wp\/v2\/media?parent=1572"}],"curies":[{"name":"wp","href":"https:\/\/api.w.org\/{rel}","templated":true}]}}