{"id":420,"date":"2020-07-02T18:05:20","date_gmt":"2020-07-02T21:05:20","guid":{"rendered":"http:\/\/comissoes.sbc.org.br\/ce-sc\/wordpress\/?page_id=420"},"modified":"2023-03-31T17:10:12","modified_gmt":"2023-03-31T20:10:12","slug":"publicacoes","status":"publish","type":"page","link":"https:\/\/comissoes.sbc.org.br\/ce-sc\/publicacoes\/","title":{"rendered":"Publica\u00e7\u00f5es"},"content":{"rendered":"\t\t<div data-elementor-type=\"wp-page\" data-elementor-id=\"420\" class=\"elementor elementor-420\">\n\t\t\t\t\t\t<section class=\"elementor-section elementor-top-section elementor-element elementor-element-0604a20 elementor-section-height-min-height elementor-section-boxed elementor-section-height-default elementor-section-items-middle\" data-id=\"0604a20\" data-element_type=\"section\" data-e-type=\"section\" data-settings=\"{&quot;background_background&quot;:&quot;gradient&quot;,&quot;shape_divider_bottom&quot;:&quot;tilt&quot;}\">\n\t\t\t\t\t<div class=\"elementor-shape elementor-shape-bottom\" aria-hidden=\"true\" data-negative=\"false\">\n\t\t\t<svg xmlns=\"http:\/\/www.w3.org\/2000\/svg\" viewBox=\"0 0 1000 100\" preserveAspectRatio=\"none\">\n\t<path class=\"elementor-shape-fill\" d=\"M0,6V0h1000v100L0,6z\"\/>\n<\/svg>\t\t<\/div>\n\t\t\t\t\t<div class=\"elementor-container elementor-column-gap-default\">\n\t\t\t\t\t<div class=\"elementor-column elementor-col-100 elementor-top-column elementor-element elementor-element-47cd9ed\" data-id=\"47cd9ed\" data-element_type=\"column\" data-e-type=\"column\">\n\t\t\t<div class=\"elementor-widget-wrap elementor-element-populated\">\n\t\t\t\t\t\t<div class=\"elementor-element elementor-element-4715f00 elementor-widget elementor-widget-page-title\" data-id=\"4715f00\" data-element_type=\"widget\" data-e-type=\"widget\" data-widget_type=\"page-title.default\">\n\t\t\t\t<div class=\"elementor-widget-container\">\n\t\t\t\t\t\t\t\n\t\t<div class=\"hfe-page-title hfe-page-title-wrapper elementor-widget-heading\">\n\n\t\t\t\t\t\t\t\t\t\t\t<a href=\"https:\/\/comissoes.sbc.org.br\/ce-sc\">\n\t\t\t\t\t\t<h2 class=\"elementor-heading-title elementor-size-default\">\n\t\t\t\t\t\t\t\t\n\t\t\t\tPublica\u00e7\u00f5es  \n\t\t\t<\/h2 > \n\t\t\t\t\t\t\t\t\t<\/a>\n\t\t\t\t\t<\/div>\n\t\t\t\t\t\t<\/div>\n\t\t\t\t<\/div>\n\t\t\t\t\t<\/div>\n\t\t<\/div>\n\t\t\t\t\t<\/div>\n\t\t<\/section>\n\t\t\t\t<section class=\"elementor-section elementor-top-section elementor-element elementor-element-b16aa0d elementor-section-content-middle elementor-section-boxed elementor-section-height-default elementor-section-height-default\" data-id=\"b16aa0d\" data-element_type=\"section\" data-e-type=\"section\">\n\t\t\t\t\t\t<div class=\"elementor-container elementor-column-gap-wider\">\n\t\t\t\t\t<div class=\"elementor-column elementor-col-50 elementor-top-column elementor-element elementor-element-066bfc2\" data-id=\"066bfc2\" data-element_type=\"column\" data-e-type=\"column\">\n\t\t\t<div class=\"elementor-widget-wrap elementor-element-populated\">\n\t\t\t\t\t\t<div class=\"elementor-element elementor-element-5c905fd elementor-widget elementor-widget-image\" data-id=\"5c905fd\" data-element_type=\"widget\" data-e-type=\"widget\" data-widget_type=\"image.default\">\n\t\t\t\t<div class=\"elementor-widget-container\">\n\t\t\t\t\t\t\t\t\t\t\t\t\t\t\t<img fetchpriority=\"high\" decoding=\"async\" width=\"1024\" height=\"739\" src=\"https:\/\/comissoes.sbc.org.br\/ce-sc\/wp-content\/uploads\/2023\/03\/ft-05-18-1024x739.png\" class=\"attachment-large size-large wp-image-990\" alt=\"\" srcset=\"https:\/\/comissoes.sbc.org.br\/ce-sc\/wp-content\/uploads\/2023\/03\/ft-05-18-1024x739.png 1024w, https:\/\/comissoes.sbc.org.br\/ce-sc\/wp-content\/uploads\/2023\/03\/ft-05-18-300x216.png 300w, https:\/\/comissoes.sbc.org.br\/ce-sc\/wp-content\/uploads\/2023\/03\/ft-05-18-768x554.png 768w, https:\/\/comissoes.sbc.org.br\/ce-sc\/wp-content\/uploads\/2023\/03\/ft-05-18.png 1390w\" sizes=\"(max-width: 1024px) 100vw, 1024px\" \/>\t\t\t\t\t\t\t\t\t\t\t\t\t\t\t<\/div>\n\t\t\t\t<\/div>\n\t\t\t\t\t<\/div>\n\t\t<\/div>\n\t\t\t\t<div class=\"elementor-column elementor-col-50 elementor-top-column elementor-element elementor-element-1f70368\" data-id=\"1f70368\" data-element_type=\"column\" data-e-type=\"column\">\n\t\t\t<div class=\"elementor-widget-wrap elementor-element-populated\">\n\t\t\t\t\t\t<div class=\"elementor-element elementor-element-5fb2843 elementor-widget elementor-widget-heading\" data-id=\"5fb2843\" data-element_type=\"widget\" data-e-type=\"widget\" data-widget_type=\"heading.default\">\n\t\t\t\t<div class=\"elementor-widget-container\">\n\t\t\t\t\t<h3 class=\"elementor-heading-title elementor-size-default\">Anais Gerais<\/h3>\t\t\t\t<\/div>\n\t\t\t\t<\/div>\n\t\t\t\t<div class=\"elementor-element elementor-element-e8501d6 elementor-widget elementor-widget-heading\" data-id=\"e8501d6\" data-element_type=\"widget\" data-e-type=\"widget\" data-widget_type=\"heading.default\">\n\t\t\t\t<div class=\"elementor-widget-container\">\n\t\t\t\t\t<h3 class=\"elementor-heading-title elementor-size-default\">Simp\u00f3sio Brasileiro de Sistemas Colaborativos<\/h3>\t\t\t\t<\/div>\n\t\t\t\t<\/div>\n\t\t\t\t<div class=\"elementor-element elementor-element-818b078 elementor-widget elementor-widget-text-editor\" data-id=\"818b078\" data-element_type=\"widget\" data-e-type=\"widget\" data-widget_type=\"text-editor.default\">\n\t\t\t\t<div class=\"elementor-widget-container\">\n\t\t\t\t\t\t\t\t\t<p>Os Anais do Simp\u00f3sio Brasileiro de Sistemas Colaborativos (SBSC) trazem os artigos selecionados e apresentados nas edi\u00e7\u00f5es do evento. Esses trabalhos s\u00e3o selecionados atrav\u00e9s de um processo de revis\u00e3o por pares do tipo blind review.<\/p>\t\t\t\t\t\t\t\t<\/div>\n\t\t\t\t<\/div>\n\t\t\t\t<div class=\"elementor-element elementor-element-19fc881 elementor-align-left elementor-widget elementor-widget-button\" data-id=\"19fc881\" data-element_type=\"widget\" data-e-type=\"widget\" data-widget_type=\"button.default\">\n\t\t\t\t<div class=\"elementor-widget-container\">\n\t\t\t\t\t\t\t\t\t<div class=\"elementor-button-wrapper\">\n\t\t\t\t\t<a class=\"elementor-button elementor-button-link elementor-size-md\" href=\"http:\/\/sol.sbc.org.br\/index.php\/sbsc\">\n\t\t\t\t\t\t<span class=\"elementor-button-content-wrapper\">\n\t\t\t\t\t\t<span class=\"elementor-button-icon\">\n\t\t\t\t<i aria-hidden=\"true\" class=\"fas fa-arrow-right\"><\/i>\t\t\t<\/span>\n\t\t\t\t\t\t\t\t\t<span class=\"elementor-button-text\">Acesse aqui<\/span>\n\t\t\t\t\t<\/span>\n\t\t\t\t\t<\/a>\n\t\t\t\t<\/div>\n\t\t\t\t\t\t\t\t<\/div>\n\t\t\t\t<\/div>\n\t\t\t\t\t<\/div>\n\t\t<\/div>\n\t\t\t\t\t<\/div>\n\t\t<\/section>\n\t\t\t\t<section class=\"elementor-section elementor-top-section elementor-element elementor-element-4809852 elementor-section-content-middle elementor-section-boxed elementor-section-height-default elementor-section-height-default\" data-id=\"4809852\" data-element_type=\"section\" data-e-type=\"section\">\n\t\t\t\t\t\t<div class=\"elementor-container elementor-column-gap-wider\">\n\t\t\t\t\t<div class=\"elementor-column elementor-col-50 elementor-top-column elementor-element elementor-element-efc9209\" data-id=\"efc9209\" data-element_type=\"column\" data-e-type=\"column\">\n\t\t\t<div class=\"elementor-widget-wrap elementor-element-populated\">\n\t\t\t\t\t\t<div class=\"elementor-element elementor-element-e1a0208 elementor-widget elementor-widget-image\" data-id=\"e1a0208\" data-element_type=\"widget\" data-e-type=\"widget\" data-widget_type=\"image.default\">\n\t\t\t\t<div class=\"elementor-widget-container\">\n\t\t\t\t\t\t\t\t\t\t\t\t\t\t\t<img decoding=\"async\" width=\"1024\" height=\"1007\" src=\"https:\/\/comissoes.sbc.org.br\/ce-sc\/wp-content\/uploads\/2023\/03\/ft-05-17-1024x1007.png\" class=\"attachment-large size-large wp-image-989\" alt=\"\" srcset=\"https:\/\/comissoes.sbc.org.br\/ce-sc\/wp-content\/uploads\/2023\/03\/ft-05-17-1024x1007.png 1024w, https:\/\/comissoes.sbc.org.br\/ce-sc\/wp-content\/uploads\/2023\/03\/ft-05-17-300x295.png 300w, https:\/\/comissoes.sbc.org.br\/ce-sc\/wp-content\/uploads\/2023\/03\/ft-05-17-768x756.png 768w, https:\/\/comissoes.sbc.org.br\/ce-sc\/wp-content\/uploads\/2023\/03\/ft-05-17.png 1169w\" sizes=\"(max-width: 1024px) 100vw, 1024px\" \/>\t\t\t\t\t\t\t\t\t\t\t\t\t\t\t<\/div>\n\t\t\t\t<\/div>\n\t\t\t\t\t<\/div>\n\t\t<\/div>\n\t\t\t\t<div class=\"elementor-column elementor-col-50 elementor-top-column elementor-element elementor-element-a2e4035\" data-id=\"a2e4035\" data-element_type=\"column\" data-e-type=\"column\">\n\t\t\t<div class=\"elementor-widget-wrap elementor-element-populated\">\n\t\t\t\t\t\t<div class=\"elementor-element elementor-element-e040874 elementor-widget elementor-widget-heading\" data-id=\"e040874\" data-element_type=\"widget\" data-e-type=\"widget\" data-widget_type=\"heading.default\">\n\t\t\t\t<div class=\"elementor-widget-container\">\n\t\t\t\t\t<h3 class=\"elementor-heading-title elementor-size-default\">Anais Estendidos<\/h3>\t\t\t\t<\/div>\n\t\t\t\t<\/div>\n\t\t\t\t<div class=\"elementor-element elementor-element-8a93e99 elementor-widget elementor-widget-heading\" data-id=\"8a93e99\" data-element_type=\"widget\" data-e-type=\"widget\" data-widget_type=\"heading.default\">\n\t\t\t\t<div class=\"elementor-widget-container\">\n\t\t\t\t\t<h3 class=\"elementor-heading-title elementor-size-default\">Simp\u00f3sio Brasileiro de Sistemas Colaborativos<\/h3>\t\t\t\t<\/div>\n\t\t\t\t<\/div>\n\t\t\t\t<div class=\"elementor-element elementor-element-6e9cc80 elementor-widget elementor-widget-text-editor\" data-id=\"6e9cc80\" data-element_type=\"widget\" data-e-type=\"widget\" data-widget_type=\"text-editor.default\">\n\t\t\t\t<div class=\"elementor-widget-container\">\n\t\t\t\t\t\t\t\t\t<p>Os Anais do Simp\u00f3sio Brasileiro de Sistemas Colaborativos (SBSC) trazem os artigos selecionados e apresentados nas edi\u00e7\u00f5es do evento. Esses trabalhos s\u00e3o selecionados atrav\u00e9s de um processo de revis\u00e3o por pares do tipo blind review.<\/p>\t\t\t\t\t\t\t\t<\/div>\n\t\t\t\t<\/div>\n\t\t\t\t<div class=\"elementor-element elementor-element-b3b10cb elementor-align-left elementor-widget elementor-widget-button\" data-id=\"b3b10cb\" data-element_type=\"widget\" data-e-type=\"widget\" data-widget_type=\"button.default\">\n\t\t\t\t<div class=\"elementor-widget-container\">\n\t\t\t\t\t\t\t\t\t<div class=\"elementor-button-wrapper\">\n\t\t\t\t\t<a class=\"elementor-button elementor-button-link elementor-size-md\" href=\"http:\/\/sol.sbc.org.br\/index.php\/sbsc_estendido\">\n\t\t\t\t\t\t<span class=\"elementor-button-content-wrapper\">\n\t\t\t\t\t\t<span class=\"elementor-button-icon\">\n\t\t\t\t<i aria-hidden=\"true\" class=\"fas fa-arrow-right\"><\/i>\t\t\t<\/span>\n\t\t\t\t\t\t\t\t\t<span class=\"elementor-button-text\">Acesse aqui<\/span>\n\t\t\t\t\t<\/span>\n\t\t\t\t\t<\/a>\n\t\t\t\t<\/div>\n\t\t\t\t\t\t\t\t<\/div>\n\t\t\t\t<\/div>\n\t\t\t\t\t<\/div>\n\t\t<\/div>\n\t\t\t\t\t<\/div>\n\t\t<\/section>\n\t\t\t\t<section class=\"elementor-section elementor-top-section elementor-element elementor-element-e0a6a78 elementor-section-boxed elementor-section-height-default elementor-section-height-default\" data-id=\"e0a6a78\" data-element_type=\"section\" data-e-type=\"section\" data-settings=\"{&quot;background_background&quot;:&quot;classic&quot;,&quot;shape_divider_top&quot;:&quot;tilt&quot;}\">\n\t\t\t\t\t<div class=\"elementor-shape elementor-shape-top\" aria-hidden=\"true\" data-negative=\"false\">\n\t\t\t<svg xmlns=\"http:\/\/www.w3.org\/2000\/svg\" viewBox=\"0 0 1000 100\" preserveAspectRatio=\"none\">\n\t<path class=\"elementor-shape-fill\" d=\"M0,6V0h1000v100L0,6z\"\/>\n<\/svg>\t\t<\/div>\n\t\t\t\t\t<div class=\"elementor-container elementor-column-gap-default\">\n\t\t\t\t\t<div class=\"elementor-column elementor-col-100 elementor-top-column elementor-element elementor-element-6d2f8c2\" data-id=\"6d2f8c2\" data-element_type=\"column\" data-e-type=\"column\">\n\t\t\t<div class=\"elementor-widget-wrap elementor-element-populated\">\n\t\t\t\t\t\t<div class=\"elementor-element elementor-element-163f1fd elementor-widget elementor-widget-spacer\" data-id=\"163f1fd\" data-element_type=\"widget\" data-e-type=\"widget\" data-widget_type=\"spacer.default\">\n\t\t\t\t<div class=\"elementor-widget-container\">\n\t\t\t\t\t\t\t<div class=\"elementor-spacer\">\n\t\t\t<div class=\"elementor-spacer-inner\"><\/div>\n\t\t<\/div>\n\t\t\t\t\t\t<\/div>\n\t\t\t\t<\/div>\n\t\t\t\t<div class=\"elementor-element elementor-element-f803469 elementor-widget elementor-widget-heading\" data-id=\"f803469\" data-element_type=\"widget\" data-e-type=\"widget\" data-widget_type=\"heading.default\">\n\t\t\t\t<div class=\"elementor-widget-container\">\n\t\t\t\t\t<h3 class=\"elementor-heading-title elementor-size-default\">Conhe\u00e7a a SOL - SBC OpenLib<\/h3>\t\t\t\t<\/div>\n\t\t\t\t<\/div>\n\t\t\t\t<section class=\"elementor-section elementor-inner-section elementor-element elementor-element-068da2e elementor-section-boxed elementor-section-height-default elementor-section-height-default\" data-id=\"068da2e\" data-element_type=\"section\" data-e-type=\"section\">\n\t\t\t\t\t\t<div class=\"elementor-container elementor-column-gap-wider\">\n\t\t\t\t\t<div class=\"elementor-column elementor-col-50 elementor-inner-column elementor-element elementor-element-b935007\" data-id=\"b935007\" data-element_type=\"column\" data-e-type=\"column\">\n\t\t\t<div class=\"elementor-widget-wrap elementor-element-populated\">\n\t\t\t\t\t\t<div class=\"elementor-element elementor-element-f7b2ccf elementor-widget elementor-widget-image\" data-id=\"f7b2ccf\" data-element_type=\"widget\" data-e-type=\"widget\" data-widget_type=\"image.default\">\n\t\t\t\t<div class=\"elementor-widget-container\">\n\t\t\t\t\t\t\t\t\t\t\t\t\t\t\t<img decoding=\"async\" width=\"1024\" height=\"422\" src=\"https:\/\/comissoes.sbc.org.br\/ce-sc\/wp-content\/uploads\/2023\/03\/ft-06-19-1024x422.png\" class=\"attachment-large size-large wp-image-991\" alt=\"\" srcset=\"https:\/\/comissoes.sbc.org.br\/ce-sc\/wp-content\/uploads\/2023\/03\/ft-06-19-1024x422.png 1024w, https:\/\/comissoes.sbc.org.br\/ce-sc\/wp-content\/uploads\/2023\/03\/ft-06-19-300x124.png 300w, https:\/\/comissoes.sbc.org.br\/ce-sc\/wp-content\/uploads\/2023\/03\/ft-06-19-768x317.png 768w, https:\/\/comissoes.sbc.org.br\/ce-sc\/wp-content\/uploads\/2023\/03\/ft-06-19.png 1409w\" sizes=\"(max-width: 1024px) 100vw, 1024px\" \/>\t\t\t\t\t\t\t\t\t\t\t\t\t\t\t<\/div>\n\t\t\t\t<\/div>\n\t\t\t\t\t<\/div>\n\t\t<\/div>\n\t\t\t\t<div class=\"elementor-column elementor-col-50 elementor-inner-column elementor-element elementor-element-f1c5e0b\" data-id=\"f1c5e0b\" data-element_type=\"column\" data-e-type=\"column\">\n\t\t\t<div class=\"elementor-widget-wrap elementor-element-populated\">\n\t\t\t\t\t\t<div class=\"elementor-element elementor-element-c813bd1 elementor-widget elementor-widget-text-editor\" data-id=\"c813bd1\" data-element_type=\"widget\" data-e-type=\"widget\" data-widget_type=\"text-editor.default\">\n\t\t\t\t<div class=\"elementor-widget-container\">\n\t\t\t\t\t\t\t\t\t<p>A SBC OpenLib (SOL) \u00e9 uma biblioteca digital mantida pela Sociedade Brasileira de Computa\u00e7\u00e3o (SBC), cujo objetivo principal \u00e9 viabilizar o acesso \u00e0 informa\u00e7\u00e3o especializada em Ci\u00eancia da Computa\u00e7\u00e3o, atendendo \u00e0 comunidade de pesquisadores e profissionais da \u00e1rea.<\/p><p>A SOL oferece acesso a todo o conte\u00fado produzido pela SBC, incluindo os artigos selecionados e apresentados nos eventos realizados ou apoiados pela SBC, os artigos selecionados para publica\u00e7\u00e3o nos peri\u00f3dicos da SBC e os livros t\u00e9cnicos ou did\u00e1ticos lan\u00e7ados pela Editora SBC.<\/p>\t\t\t\t\t\t\t\t<\/div>\n\t\t\t\t<\/div>\n\t\t\t\t<div class=\"elementor-element elementor-element-b9b3b70 elementor-align-left elementor-widget elementor-widget-button\" data-id=\"b9b3b70\" data-element_type=\"widget\" data-e-type=\"widget\" data-widget_type=\"button.default\">\n\t\t\t\t<div class=\"elementor-widget-container\">\n\t\t\t\t\t\t\t\t\t<div class=\"elementor-button-wrapper\">\n\t\t\t\t\t<a class=\"elementor-button elementor-button-link elementor-size-md\" href=\"https:\/\/sol.sbc.org.br\/index.php\/indice\">\n\t\t\t\t\t\t<span class=\"elementor-button-content-wrapper\">\n\t\t\t\t\t\t<span class=\"elementor-button-icon\">\n\t\t\t\t<i aria-hidden=\"true\" class=\"fas fa-arrow-right\"><\/i>\t\t\t<\/span>\n\t\t\t\t\t\t\t\t\t<span class=\"elementor-button-text\">Visitar o site da SOL<\/span>\n\t\t\t\t\t<\/span>\n\t\t\t\t\t<\/a>\n\t\t\t\t<\/div>\n\t\t\t\t\t\t\t\t<\/div>\n\t\t\t\t<\/div>\n\t\t\t\t\t<\/div>\n\t\t<\/div>\n\t\t\t\t\t<\/div>\n\t\t<\/section>\n\t\t\t\t\t<\/div>\n\t\t<\/div>\n\t\t\t\t\t<\/div>\n\t\t<\/section>\n\t\t\t\t<\/div>\n\t\t","protected":false},"excerpt":{"rendered":"<p>Publica\u00e7\u00f5es Anais Gerais Simp\u00f3sio Brasileiro de Sistemas Colaborativos Os Anais do Simp\u00f3sio Brasileiro de Sistemas Colaborativos (SBSC) trazem os artigos selecionados e apresentados nas edi\u00e7\u00f5es do evento. Esses trabalhos s\u00e3o selecionados atrav\u00e9s de um processo de revis\u00e3o por pares do tipo blind review. Acesse aqui Anais Estendidos Simp\u00f3sio Brasileiro de Sistemas Colaborativos Os Anais do [&hellip;]<\/p>\n","protected":false},"author":1,"featured_media":0,"parent":0,"menu_order":0,"comment_status":"closed","ping_status":"closed","template":"elementor_canvas","meta":{"footnotes":""},"class_list":["post-420","page","type-page","status-publish","hentry"],"_links":{"self":[{"href":"https:\/\/comissoes.sbc.org.br\/ce-sc\/wp-json\/wp\/v2\/pages\/420","targetHints":{"allow":["GET"]}}],"collection":[{"href":"https:\/\/comissoes.sbc.org.br\/ce-sc\/wp-json\/wp\/v2\/pages"}],"about":[{"href":"https:\/\/comissoes.sbc.org.br\/ce-sc\/wp-json\/wp\/v2\/types\/page"}],"author":[{"embeddable":true,"href":"https:\/\/comissoes.sbc.org.br\/ce-sc\/wp-json\/wp\/v2\/users\/1"}],"replies":[{"embeddable":true,"href":"https:\/\/comissoes.sbc.org.br\/ce-sc\/wp-json\/wp\/v2\/comments?post=420"}],"version-history":[{"count":13,"href":"https:\/\/comissoes.sbc.org.br\/ce-sc\/wp-json\/wp\/v2\/pages\/420\/revisions"}],"predecessor-version":[{"id":997,"href":"https:\/\/comissoes.sbc.org.br\/ce-sc\/wp-json\/wp\/v2\/pages\/420\/revisions\/997"}],"wp:attachment":[{"href":"https:\/\/comissoes.sbc.org.br\/ce-sc\/wp-json\/wp\/v2\/media?parent=420"}],"curies":[{"name":"wp","href":"https:\/\/api.w.org\/{rel}","templated":true}]}}