{"id":34,"date":"2020-06-22T16:54:09","date_gmt":"2020-06-22T19:54:09","guid":{"rendered":"http:\/\/localhost\/cesc\/wordpress\/?page_id=34"},"modified":"2023-03-31T01:32:07","modified_gmt":"2023-03-31T04:32:07","slug":"regimento","status":"publish","type":"page","link":"https:\/\/comissoes.sbc.org.br\/ce-sc\/regimento\/","title":{"rendered":"Regimento"},"content":{"rendered":"\t\t<div data-elementor-type=\"wp-page\" data-elementor-id=\"34\" class=\"elementor elementor-34\">\n\t\t\t\t\t\t<section class=\"elementor-section elementor-top-section elementor-element elementor-element-0593ab4 elementor-section-height-min-height elementor-section-boxed elementor-section-height-default elementor-section-items-middle\" data-id=\"0593ab4\" data-element_type=\"section\" data-e-type=\"section\" data-settings=\"{&quot;background_background&quot;:&quot;gradient&quot;,&quot;shape_divider_bottom&quot;:&quot;tilt&quot;}\">\n\t\t\t\t\t<div class=\"elementor-shape elementor-shape-bottom\" aria-hidden=\"true\" data-negative=\"false\">\n\t\t\t<svg xmlns=\"http:\/\/www.w3.org\/2000\/svg\" viewBox=\"0 0 1000 100\" preserveAspectRatio=\"none\">\n\t<path class=\"elementor-shape-fill\" d=\"M0,6V0h1000v100L0,6z\"\/>\n<\/svg>\t\t<\/div>\n\t\t\t\t\t<div class=\"elementor-container elementor-column-gap-default\">\n\t\t\t\t\t<div class=\"elementor-column elementor-col-100 elementor-top-column elementor-element elementor-element-f872891\" data-id=\"f872891\" data-element_type=\"column\" data-e-type=\"column\">\n\t\t\t<div class=\"elementor-widget-wrap elementor-element-populated\">\n\t\t\t\t\t\t<div class=\"elementor-element elementor-element-cc107a6 elementor-widget elementor-widget-page-title\" data-id=\"cc107a6\" data-element_type=\"widget\" data-e-type=\"widget\" data-widget_type=\"page-title.default\">\n\t\t\t\t<div class=\"elementor-widget-container\">\n\t\t\t\t\t\t\t\n\t\t<div class=\"hfe-page-title hfe-page-title-wrapper elementor-widget-heading\">\n\n\t\t\t\t\t\t\t\t\t\t\t<a href=\"https:\/\/comissoes.sbc.org.br\/ce-sc\">\n\t\t\t\t\t\t<h2 class=\"elementor-heading-title elementor-size-default\">\n\t\t\t\t\t\t\t\t\n\t\t\t\tRegimento  \n\t\t\t<\/h2 > \n\t\t\t\t\t\t\t\t\t<\/a>\n\t\t\t\t\t<\/div>\n\t\t\t\t\t\t<\/div>\n\t\t\t\t<\/div>\n\t\t\t\t\t<\/div>\n\t\t<\/div>\n\t\t\t\t\t<\/div>\n\t\t<\/section>\n\t\t\t\t<section class=\"elementor-section elementor-top-section elementor-element elementor-element-7d5cb26 elementor-section-boxed elementor-section-height-default elementor-section-height-default\" data-id=\"7d5cb26\" data-element_type=\"section\" data-e-type=\"section\">\n\t\t\t\t\t\t<div class=\"elementor-container elementor-column-gap-default\">\n\t\t\t\t\t<div class=\"elementor-column elementor-col-100 elementor-top-column elementor-element elementor-element-a62b00a\" data-id=\"a62b00a\" data-element_type=\"column\" data-e-type=\"column\">\n\t\t\t<div class=\"elementor-widget-wrap elementor-element-populated\">\n\t\t\t\t\t\t<div class=\"elementor-element elementor-element-9ba64ef elementor-widget elementor-widget-text-editor\" data-id=\"9ba64ef\" data-element_type=\"widget\" data-e-type=\"widget\" data-widget_type=\"text-editor.default\">\n\t\t\t\t<div class=\"elementor-widget-container\">\n\t\t\t\t\t\t\t\t\t<p>O atual regimento da CESC foi aprovado na plen\u00e1ria do SBSC 2008. O documento est\u00e1 transcrito a seguir, tamb\u00e9m \u00e9 poss\u00edvel acessar o conte\u00fado em formato PDF.<\/p>\t\t\t\t\t\t\t\t<\/div>\n\t\t\t\t<\/div>\n\t\t\t\t<div class=\"elementor-element elementor-element-a0e029b elementor-align-center elementor-widget elementor-widget-button\" data-id=\"a0e029b\" data-element_type=\"widget\" data-e-type=\"widget\" data-widget_type=\"button.default\">\n\t\t\t\t<div class=\"elementor-widget-container\">\n\t\t\t\t\t\t\t\t\t<div class=\"elementor-button-wrapper\">\n\t\t\t\t\t<a class=\"elementor-button elementor-button-link elementor-size-md\" href=\"https:\/\/comissoes.sbc.org.br\/ce-sc\/wp-content\/uploads\/2020\/08\/2008CESCregimento.pdf\">\n\t\t\t\t\t\t<span class=\"elementor-button-content-wrapper\">\n\t\t\t\t\t\t<span class=\"elementor-button-icon\">\n\t\t\t\t<i aria-hidden=\"true\" class=\"fas fa-file-pdf\"><\/i>\t\t\t<\/span>\n\t\t\t\t\t\t\t\t\t<span class=\"elementor-button-text\">Acesse o Regimento em Formato PDF<\/span>\n\t\t\t\t\t<\/span>\n\t\t\t\t\t<\/a>\n\t\t\t\t<\/div>\n\t\t\t\t\t\t\t\t<\/div>\n\t\t\t\t<\/div>\n\t\t\t\t<div class=\"elementor-element elementor-element-ac3d004 elementor-widget elementor-widget-text-editor\" data-id=\"ac3d004\" data-element_type=\"widget\" data-e-type=\"widget\" data-widget_type=\"text-editor.default\">\n\t\t\t\t<div class=\"elementor-widget-container\">\n\t\t\t\t\t\t\t\t\t<p><strong>Composi\u00e7\u00e3o da CESC e seu Comit\u00ea Gestor<\/strong><\/p><ol><li style=\"list-style-type: none;\"><ol><li>A Comiss\u00e3o Especial de Sistemas Colaborativos, doravante denominada CESC, \u00e9 integrante da Sociedade Brasileira de Computa\u00e7\u00e3o (SBC).<\/li><li>O Comit\u00ea Gestor da CESC representa a comunidade de Sistemas Colaborativos dentro do conjunto dos Comit\u00eas Gestores no \u00e2mbito da SBC.<\/li><li>O Comit\u00ea Gestor da CESC representa a comunidade de Sistemas Colaborativos junto a todas as a\u00e7\u00f5es pol\u00edticas e organizacionais que envolvam o assunto Sistemas Colaborativos no \u00e2mbito do pa\u00eds, quer seja junto a \u00f3rg\u00e3os p\u00fablicos ou particulares.<\/li><li>O Comit\u00ea Gestor da CESC \u00e9 composto por 7 membros:<ol><li>Coordenadores do Comit\u00ea de Programa do Simp\u00f3sio Brasileiro de Sistemas Colaborativos (SBSC) do ano anterior (2);<\/li><li>Coordenadores do Comit\u00ea de Programa do Simp\u00f3sio Brasileiro de Sistemas Colaborativos (SBSC) do ano corrente (2);<\/li><li>Membros da Comunidade de Sistemas Colaborativos (3).<\/li><\/ol><\/li><li>Todos os membros do Comit\u00ea Gestor devem estar em dia com a anuidade da SBC.<\/li><li>Dever\u00e3o ser eleitos um Coordenador Geral e um Coordenador Adjunto da CESC, ambos sendo membros do Comit\u00ea Gestor.<\/li><li>Os membros do Comit\u00ea Gestor da CESC dever\u00e3o ser distinguidos anualmente, durante a Reuni\u00e3o da Comunidade a ser realizada durante o Simp\u00f3sio Brasileiro de Sistemas Colaborativos (SBSC) obrigatoriamente na seguinte sequ\u00eancia:<ol><li>Indica\u00e7\u00e3o dos 2 Coordenadores do Comit\u00ea de Programa do (SBSC) do ano anterior;<\/li><li>Indica\u00e7\u00e3o dos 2 Coordenadores do Comit\u00ea de Programa do Simp\u00f3sio Brasileiro de Sistemas Colaborativos (SBSC) do ano corrente;<\/li><li>Elei\u00e7\u00e3o dos 3 Membros da Comunidade de Sistemas Colaborativos;<\/li><li>Elei\u00e7\u00e3o do Coordenador Geral e Coordenador Adjunto.<\/li><\/ol><\/li><li>A elei\u00e7\u00e3o dos 3 Membros da Comunidade de Sistemas Colaborativos dever\u00e1 ser feita por vota\u00e7\u00e3o aberta e maioria simples. S\u00f3cios da SBC, em dia com sua anuidade, poder\u00e3o postular candidatura no dia da reuni\u00e3o anual da Comunidade a ser realizada durante Simp\u00f3sio Brasileiro de Sistemas Colaborativos. Aqueles que obtiverem a maioria dos votos ser\u00e3o eleitos representantes junto \u00e0 CESC. A elei\u00e7\u00e3o dos representantes dever\u00e1 ser realizada pelos membros presentes \u00e0 reuni\u00e3o, em dia com sua anuidade da SBC no momento da vota\u00e7\u00e3o.<\/li><li>As elei\u00e7\u00f5es do Coordenador Geral e Coordenador Adjunto dever\u00e3o ser feitas por vota\u00e7\u00e3o aberta e maioria simples. Aqueles, entre os membros do Comit\u00ea Gestor, que obtiverem a maioria dos votos ser\u00e3o eleitos. A elei\u00e7\u00e3o dos coordenadores dever\u00e1 ser realizada pelos membros presentes \u00e0 reuni\u00e3o, em dia com sua anuidade da SBC no momento da vota\u00e7\u00e3o.<\/li><li>O mandato dos coordenadores eleitos \u00e9 de um (1) ano, tendo in\u00edcio em 1\u00b0 de Janeiro do ano seguinte \u00e0 realiza\u00e7\u00e3o do SBSC em cuja Reuni\u00e3o foram eleitos, podendo haver reelei\u00e7\u00e3o por mais um ano.<\/li><li>Atribui\u00e7\u00f5es do Coordenador Geral e Coordenador Adjunto na aus\u00eancia do Coordenador Geral:<ol><li>Representar o Comit\u00ea Gestor da CESC e a comunidade de Sistemas Colaborativos junto \u00e0 SBC e outras entidades;<\/li><li>Presidir o Comit\u00ea Gestor da CESC;<\/li><li>Convocar e presidir a Reuni\u00e3o da Comunidade durante o SBSC;<\/li><li>Encaminhar a Ata da Reuni\u00e3o da Comunidade \u00e0 Diretoria da SBC.<\/li><li>Solicitar, anualmente, o pedido de promo\u00e7\u00e3o da SBC para o SBSC e enviar a presta\u00e7\u00e3o de contas aprovada pelo Comit\u00ea Gestor, a partir dos relat\u00f3rios fornecidos pelos organizadores do evento;<\/li><li>Administrar a P\u00e1gina da CESC e a Lista de Discuss\u00e3o da CESC;<\/li><li>Encaminhar solicita\u00e7\u00f5es de utiliza\u00e7\u00e3o dos recursos financeiros da CESC \u00e0 SBC;<\/li><li>Prestar conta, anualmente, das atividades da CESC para o Comit\u00ea Gestor, Reuni\u00e3o e Diretoria da SBC;<\/li><li>Manter o Comit\u00ea Gestor informado sobre sua participa\u00e7\u00e3o em reuni\u00f5es e eventos, representando a CESC;<\/li><\/ol><\/li><\/ol><\/li><\/ol><p><strong>Lista de Discuss\u00e3o da Comunidade de Sistemas Colaborativos \u2013\u00a0<a href=\"http:\/\/grupos.ufrgs.br\/mailman\/listinfo\/cesc-l\/\">cesc-l<\/a><\/strong><\/p><ol><li style=\"list-style-type: none;\"><ol><li>A lista cesc-l, atualmente hospedada em SBSC-cesc-l@inf.ufrgs.br ter\u00e1 como moderador o coordenador geral da CESC.<\/li><li>A lista dever\u00e1 ser utilizada para todas as comunica\u00e7\u00f5es da CESC a todos a comunidade de Sistemas Colaborativos\/SBC;<\/li><li>A lista ficar\u00e1 hospedada na sede operacional da SBC.<\/li><li>Qualquer pesquisador ou interessado poder\u00e1 se cadastrar na lista, desde que s\u00f3cioda SBC.<\/li><\/ol><\/li><\/ol><p><strong>P\u00e1gina da Comunidade de Sistemas Colaborativos\/SBC<\/strong><\/p><ol><li style=\"list-style-type: none;\"><ol><li>A p\u00e1gina da CESC ser\u00e1 administrada por um dos membros do Comit\u00ea Gestor (Administrador).<\/li><li>A p\u00e1gina ficar\u00e1 hospedada na sede operacional da SBC.<\/li><li>Informa\u00e7\u00f5es e mat\u00e9rias a serem disponibilizados na p\u00e1gina dever\u00e3o ter o aval e permiss\u00e3o do Comit\u00ea Gestor da CESC.<\/li><li>O material dever\u00e1 ser enviado ao Administrador que o repassar\u00e1 aos demais membros para avalia\u00e7\u00e3o e delibera\u00e7\u00e3o.<\/li><\/ol><\/li><\/ol><p><strong>SBSC \u2013 Simp\u00f3sio Brasileiro de Sistemas Colaborativos<\/strong><\/p><ol><li style=\"list-style-type: none;\"><ol><li>O SBSC \u00e9 o evento anual da comunidade que re\u00fane pesquisadores, professores, s\u00f3cios institucionais e demais interessados em Sistemas Colaborativos.<\/li><li>Os trabalhos e o foco do SBSC devem privilegiar a pesquisa desenvolvida nas universidades, empresas e demais institui\u00e7\u00f5es governamentais e n\u00e3o governamentais. Por se tratar de uma \u00e1rea eminentemente interdisciplinar, os trabalhos podem conter focos e contribui\u00e7\u00f5es oriundos do trabalho em outras \u00e1reas do conhecimento;<\/li><li>A organiza\u00e7\u00e3o do SBSC contar\u00e1 com 2 Coordenadores Gerais e 2 Coordenadores da Comiss\u00e3o de Programa.<\/li><li>Grupos ou institui\u00e7\u00f5es de pesquisa poder\u00e3o se candidatar a sediar o evento. As candidaturas dever\u00e3o ser formalizadas \u00e0 CESC antes da realiza\u00e7\u00e3o do SBSC a cada ano, e constar explicitamente o nome dos Coordenadores Gerais.<\/li><li>Atribui\u00e7\u00f5es dos Coordenadores Gerais do SBSC:<ol><li>Interagir com a Institui\u00e7\u00e3o Organizadora para assegurar os meios para a realiza\u00e7\u00e3o do evento;<\/li><li>Preparar o planejamento do evento;<\/li><li>Preparar os projetos para solicita\u00e7\u00e3o de financiamento \u00e0s ag\u00eancias de fomento;<\/li><li>Interagir com a SBC para obter autoriza\u00e7\u00e3o de abertura de conta banc\u00e1ria para o evento e eventuais adiantamentos, quando necess\u00e1rio;<\/li><li>Executar as a\u00e7\u00f5es para a realiza\u00e7\u00e3o do evento;<\/li><li>Organizar a p\u00e1gina do evento;<\/li><li>Fazer a presta\u00e7\u00e3o de contas para a Diretoria da SBC e ag\u00eancias de financiamento;<\/li><li>Encaminhar \u00e0 Diretoria da SBC a parcela financeira devida do evento, quando for o caso, e o eventual adiantamento recebido, al\u00e9m dos exemplares dos Anais exigidos pela SBC.<\/li><\/ol><\/li><li>Os Coordenadores da Comiss\u00e3o de Programa devem ser doutores, pesquisadores com atua\u00e7\u00e3o representativa na \u00e1rea e, seus nomes dever\u00e3o ser homologados pelo Comit\u00ea Gestor.<\/li><li>Atribui\u00e7\u00f5es dos Coordenadores da Comiss\u00e3o de Programa:<ol><li>Revisar a lista da Comiss\u00e3o de Programa;<\/li><li>Elaborar e divulgar as chamadas de trabalhos e public\u00e1-la com prazo m\u00e1ximo de 3 (tr\u00eas) meses ap\u00f3s o t\u00e9rmino do SBSC durante o qual foram escolhidos.<\/li><li>Receber e distribuir os trabalhos para avalia\u00e7\u00e3o;<\/li><li>Elaborar o planejamento das sess\u00f5es t\u00e9cnicas de apresenta\u00e7\u00e3o de trabalhos e os nomes dos palestrantes convidados com a ajuda do Comit\u00ea Gestor da CESC;<\/li><li>Divulgar os resultados;<\/li><li>Receber as vers\u00f5es finais dos trabalhos e montar os Anais para impress\u00e3o;<\/li><li>Cuidar das sess\u00f5es t\u00e9cnicas de apresenta\u00e7\u00e3o de trabalho e de sua divulga\u00e7\u00e3o durante o evento;<\/li><li>Elaborar relat\u00f3rio das atividades realizadas.<\/li><\/ol><\/li><li>A Comiss\u00e3o de Programa dever\u00e1 ser indicada pelos Coordenadores da Comiss\u00e3o de Programa com supervis\u00e3o da CESC, que poder\u00e1 vetar ou indicar nomes complementares. Todos os membros da Comiss\u00e3o de Programa dever\u00e3o ser pesquisadores com experi\u00eancia em Sistemas Colaborativos ou \u00e1reas correlatas, abrangidas pelo escopo da confer\u00eancia.<\/li><li>Nos anais do evento devem constar como editores os Coordenadores do Comit\u00ea de Programa.<\/li><li>Eventos paralelos (workshops, mostras, mini-cursos) devem ter um Coordenador espec\u00edfico e uma Comiss\u00e3o de Avalia\u00e7\u00e3o. Esta comiss\u00e3o dever\u00e1 incluir membros do comit\u00ea de programa e poder\u00e1 ser acrescida de avaliadores indicados pelo Coordenador espec\u00edfico, tendo seus nomes que ser aprovados pelo Comit\u00ea Gestor.<\/li><li>Os temas do SBSC devem privilegiar as \u00e1reas que a Comunidade de Sistemas Colaborativos atua e procurar a inclus\u00e3o anual de novos temas de maneira a sempre ampliar o espectro de trabalhos e discuss\u00f5es.<\/li><li>Os organizadores do evento poder\u00e3o sugerir um formato para o evento, tendo por obriga\u00e7\u00e3o manter a op\u00e7\u00e3o de artigos completos. A taxa de aceita\u00e7\u00e3o dos artigos dever\u00e1 observar as diretivas e normas de avalia\u00e7\u00e3o vigentes na ocasi\u00e3o, de maneira a garantir o conceito atribu\u00eddo ao evento ou melhor\u00e1-lo.<\/li><li>Os coordenadores devem seguir as diretrizes gerais da SBC definidas no \u201cManual para Organizadores de Eventos\u201d da mesma.<\/li><\/ol><\/li><\/ol><p><strong>A Reuni\u00e3o da Comunidade durante o SBSC<\/strong><\/p><ol><li style=\"list-style-type: none;\"><ol><li>A Reuni\u00e3o da Comunidade de Sistemas Colaborativos durante o SBC \u00e9 uma atividade obrigat\u00f3ria.<\/li><li>Todos os presentes no SBSC podem participar da reuni\u00e3o.<\/li><li>Durante a reuni\u00e3o dever\u00e3o ser escolhidos o local e data do pr\u00f3ximo SBSC.<\/li><li>Durante a reuni\u00e3o dever\u00e3o ser definidos os Coordenadores da Comiss\u00e3o de Programa do SBSC do ano seguinte.<\/li><li>Os candidatos a Coordenadores da Comiss\u00e3o de Programa podem se declarar durante a reuni\u00e3o ou pela lista CESC-l at\u00e9 uma semana antes do SBSC.<\/li><li>Durante a reuni\u00e3o dever\u00e3o ser eleitos os 3 Representantes da Comunidade no Comit\u00ea Gestor do CESC, conforme disposto na Se\u00e7\u00e3o 1 deste regimento. Candidatos a representantes da comunidade podem se declarar como tal na reuni\u00e3o, ou pela lista CESC-l at\u00e9 uma semana antes do SBSC.<\/li><li>Uma vez escolhidos os membros do Comit\u00ea Gestor, o Coordenador e Coordenador Adjunto ser\u00e3o eleitos, conforme disposto na Se\u00e7\u00e3o 1 deste regimento.<\/li><\/ol><\/li><\/ol><p><strong>Uso de Recursos da CESC<\/strong><\/p><ol><li style=\"list-style-type: none;\"><ol><li>A manipula\u00e7\u00e3o de recursos financeiros da CESC, provenientes de saldo do SBSC ou qualquer outra forma, dever\u00e1 ser realizada pelo Coordenador Geral, com a devida aprova\u00e7\u00e3o do Comit\u00ea Gestor.<\/li><\/ol><\/li><\/ol><p><strong>Disposi\u00e7\u00f5es gerais<\/strong><\/p><ol><li style=\"list-style-type: none;\"><ol><li>Quaisquer propostas de altera\u00e7\u00e3o no regimento da CESC dever\u00e3o ser encaminhadas ao Comit\u00ea Gestor que por sua vez dever\u00e1 lev\u00e1-las \u00e0 Reuni\u00e3o da Comunidade para discuss\u00e3o e condu\u00e7\u00e3o de vota\u00e7\u00e3o para concretiz\u00e1-las se for o caso.<\/li><li>Casos omissos ser\u00e3o resolvidos pelo Comit\u00ea Gestor da CESC.<\/li><\/ol><\/li><\/ol>\t\t\t\t\t\t\t\t<\/div>\n\t\t\t\t<\/div>\n\t\t\t\t\t<\/div>\n\t\t<\/div>\n\t\t\t\t\t<\/div>\n\t\t<\/section>\n\t\t\t\t<\/div>\n\t\t","protected":false},"excerpt":{"rendered":"<p>Regimento O atual regimento da CESC foi aprovado na plen\u00e1ria do SBSC 2008. O documento est\u00e1 transcrito a seguir, tamb\u00e9m \u00e9 poss\u00edvel acessar o conte\u00fado em formato PDF. Acesse o Regimento em Formato PDF Composi\u00e7\u00e3o da CESC e seu Comit\u00ea Gestor A Comiss\u00e3o Especial de Sistemas Colaborativos, doravante denominada CESC, \u00e9 integrante da Sociedade Brasileira [&hellip;]<\/p>\n","protected":false},"author":1,"featured_media":0,"parent":0,"menu_order":0,"comment_status":"closed","ping_status":"closed","template":"elementor_canvas","meta":{"footnotes":""},"class_list":["post-34","page","type-page","status-publish","hentry"],"_links":{"self":[{"href":"https:\/\/comissoes.sbc.org.br\/ce-sc\/wp-json\/wp\/v2\/pages\/34","targetHints":{"allow":["GET"]}}],"collection":[{"href":"https:\/\/comissoes.sbc.org.br\/ce-sc\/wp-json\/wp\/v2\/pages"}],"about":[{"href":"https:\/\/comissoes.sbc.org.br\/ce-sc\/wp-json\/wp\/v2\/types\/page"}],"author":[{"embeddable":true,"href":"https:\/\/comissoes.sbc.org.br\/ce-sc\/wp-json\/wp\/v2\/users\/1"}],"replies":[{"embeddable":true,"href":"https:\/\/comissoes.sbc.org.br\/ce-sc\/wp-json\/wp\/v2\/comments?post=34"}],"version-history":[{"count":13,"href":"https:\/\/comissoes.sbc.org.br\/ce-sc\/wp-json\/wp\/v2\/pages\/34\/revisions"}],"predecessor-version":[{"id":946,"href":"https:\/\/comissoes.sbc.org.br\/ce-sc\/wp-json\/wp\/v2\/pages\/34\/revisions\/946"}],"wp:attachment":[{"href":"https:\/\/comissoes.sbc.org.br\/ce-sc\/wp-json\/wp\/v2\/media?parent=34"}],"curies":[{"name":"wp","href":"https:\/\/api.w.org\/{rel}","templated":true}]}}