{"id":271,"date":"2020-07-02T12:40:04","date_gmt":"2020-07-02T15:40:04","guid":{"rendered":"http:\/\/comissoes.sbc.org.br\/ce-sc\/wordpress\/?page_id=271"},"modified":"2023-03-31T17:45:50","modified_gmt":"2023-03-31T20:45:50","slug":"sobre-a-cesc","status":"publish","type":"page","link":"https:\/\/comissoes.sbc.org.br\/ce-sc\/sobre-a-cesc\/","title":{"rendered":"Sobre a CESC"},"content":{"rendered":"\t\t<div data-elementor-type=\"wp-page\" data-elementor-id=\"271\" class=\"elementor elementor-271\">\n\t\t\t\t\t\t<section class=\"elementor-section elementor-top-section elementor-element elementor-element-27ec33c elementor-section-height-min-height elementor-section-boxed elementor-section-height-default elementor-section-items-middle\" data-id=\"27ec33c\" data-element_type=\"section\" data-e-type=\"section\" data-settings=\"{&quot;background_background&quot;:&quot;gradient&quot;,&quot;shape_divider_bottom&quot;:&quot;tilt&quot;}\">\n\t\t\t\t\t<div class=\"elementor-shape elementor-shape-bottom\" aria-hidden=\"true\" data-negative=\"false\">\n\t\t\t<svg xmlns=\"http:\/\/www.w3.org\/2000\/svg\" viewBox=\"0 0 1000 100\" preserveAspectRatio=\"none\">\n\t<path class=\"elementor-shape-fill\" d=\"M0,6V0h1000v100L0,6z\"\/>\n<\/svg>\t\t<\/div>\n\t\t\t\t\t<div class=\"elementor-container elementor-column-gap-default\">\n\t\t\t\t\t<div class=\"elementor-column elementor-col-100 elementor-top-column elementor-element elementor-element-16f6ce8\" data-id=\"16f6ce8\" data-element_type=\"column\" data-e-type=\"column\">\n\t\t\t<div class=\"elementor-widget-wrap elementor-element-populated\">\n\t\t\t\t\t\t<div class=\"elementor-element elementor-element-d5f373c elementor-widget elementor-widget-page-title\" data-id=\"d5f373c\" data-element_type=\"widget\" data-e-type=\"widget\" data-widget_type=\"page-title.default\">\n\t\t\t\t<div class=\"elementor-widget-container\">\n\t\t\t\t\t\t\t\n\t\t<div class=\"hfe-page-title hfe-page-title-wrapper elementor-widget-heading\">\n\n\t\t\t\t\t\t\t\t\t\t\t<a href=\"https:\/\/comissoes.sbc.org.br\/ce-sc\">\n\t\t\t\t\t\t<h2 class=\"elementor-heading-title elementor-size-default\">\n\t\t\t\t\t\t\t\t\n\t\t\t\tSobre a CESC  \n\t\t\t<\/h2 > \n\t\t\t\t\t\t\t\t\t<\/a>\n\t\t\t\t\t<\/div>\n\t\t\t\t\t\t<\/div>\n\t\t\t\t<\/div>\n\t\t\t\t\t<\/div>\n\t\t<\/div>\n\t\t\t\t\t<\/div>\n\t\t<\/section>\n\t\t\t\t<section class=\"elementor-section elementor-top-section elementor-element elementor-element-14a7f51 elementor-section-content-middle elementor-section-boxed elementor-section-height-default elementor-section-height-default\" data-id=\"14a7f51\" data-element_type=\"section\" data-e-type=\"section\">\n\t\t\t\t\t\t<div class=\"elementor-container elementor-column-gap-wider\">\n\t\t\t\t\t<div class=\"elementor-column elementor-col-50 elementor-top-column elementor-element elementor-element-3246217\" data-id=\"3246217\" data-element_type=\"column\" data-e-type=\"column\">\n\t\t\t<div class=\"elementor-widget-wrap elementor-element-populated\">\n\t\t\t\t\t\t<div class=\"elementor-element elementor-element-465b7ac elementor-widget elementor-widget-image\" data-id=\"465b7ac\" data-element_type=\"widget\" data-e-type=\"widget\" data-widget_type=\"image.default\">\n\t\t\t\t<div class=\"elementor-widget-container\">\n\t\t\t\t\t\t\t\t\t\t\t\t\t\t\t<img fetchpriority=\"high\" decoding=\"async\" width=\"1024\" height=\"1024\" src=\"https:\/\/comissoes.sbc.org.br\/ce-sc\/wp-content\/uploads\/2023\/03\/New-team-members-rafiki-1024x1024.png\" class=\"attachment-large size-large wp-image-1031\" alt=\"\" srcset=\"https:\/\/comissoes.sbc.org.br\/ce-sc\/wp-content\/uploads\/2023\/03\/New-team-members-rafiki-1024x1024.png 1024w, https:\/\/comissoes.sbc.org.br\/ce-sc\/wp-content\/uploads\/2023\/03\/New-team-members-rafiki-300x300.png 300w, https:\/\/comissoes.sbc.org.br\/ce-sc\/wp-content\/uploads\/2023\/03\/New-team-members-rafiki-150x150.png 150w, https:\/\/comissoes.sbc.org.br\/ce-sc\/wp-content\/uploads\/2023\/03\/New-team-members-rafiki-768x768.png 768w, https:\/\/comissoes.sbc.org.br\/ce-sc\/wp-content\/uploads\/2023\/03\/New-team-members-rafiki-1536x1536.png 1536w, https:\/\/comissoes.sbc.org.br\/ce-sc\/wp-content\/uploads\/2023\/03\/New-team-members-rafiki.png 2000w\" sizes=\"(max-width: 1024px) 100vw, 1024px\" \/>\t\t\t\t\t\t\t\t\t\t\t\t\t\t\t<\/div>\n\t\t\t\t<\/div>\n\t\t\t\t\t<\/div>\n\t\t<\/div>\n\t\t\t\t<div class=\"elementor-column elementor-col-50 elementor-top-column elementor-element elementor-element-c9c0b77\" data-id=\"c9c0b77\" data-element_type=\"column\" data-e-type=\"column\">\n\t\t\t<div class=\"elementor-widget-wrap elementor-element-populated\">\n\t\t\t\t\t\t<div class=\"elementor-element elementor-element-f43fe6f elementor-widget elementor-widget-heading\" data-id=\"f43fe6f\" data-element_type=\"widget\" data-e-type=\"widget\" data-widget_type=\"heading.default\">\n\t\t\t\t<div class=\"elementor-widget-container\">\n\t\t\t\t\t<h3 class=\"elementor-heading-title elementor-size-default\">Somos a comiss\u00e3o da SBC em Sistemas Colaborativos<\/h3>\t\t\t\t<\/div>\n\t\t\t\t<\/div>\n\t\t\t\t<div class=\"elementor-element elementor-element-8c7dc80 elementor-widget elementor-widget-text-editor\" data-id=\"8c7dc80\" data-element_type=\"widget\" data-e-type=\"widget\" data-widget_type=\"text-editor.default\">\n\t\t\t\t<div class=\"elementor-widget-container\">\n\t\t\t\t\t\t\t\t\t<p>A CESC (Comiss\u00e3o Especial de Sistemas Colaborativos) \u00e9 o comit\u00ea gestor da SBC (Sociedade Brasileira de Computa\u00e7\u00e3o) voltado para a\u00e7\u00f5es pol\u00edticas e organizacionais sobre Sistemas Colaborativos no \u00e2mbito do pa\u00eds, quer seja junto a \u00f3rg\u00e3os p\u00fablicos ou particulares.\u00a0<\/p>\t\t\t\t\t\t\t\t<\/div>\n\t\t\t\t<\/div>\n\t\t\t\t\t<\/div>\n\t\t<\/div>\n\t\t\t\t\t<\/div>\n\t\t<\/section>\n\t\t\t\t<section class=\"elementor-section elementor-top-section elementor-element elementor-element-44b9021 elementor-section-content-middle elementor-section-boxed elementor-section-height-default elementor-section-height-default\" data-id=\"44b9021\" data-element_type=\"section\" data-e-type=\"section\">\n\t\t\t\t\t\t<div class=\"elementor-container elementor-column-gap-wider\">\n\t\t\t\t\t<div class=\"elementor-column elementor-col-50 elementor-top-column elementor-element elementor-element-2f09182\" data-id=\"2f09182\" data-element_type=\"column\" data-e-type=\"column\">\n\t\t\t<div class=\"elementor-widget-wrap elementor-element-populated\">\n\t\t\t\t\t\t<div class=\"elementor-element elementor-element-172899c elementor-widget elementor-widget-heading\" data-id=\"172899c\" data-element_type=\"widget\" data-e-type=\"widget\" data-widget_type=\"heading.default\">\n\t\t\t\t<div class=\"elementor-widget-container\">\n\t\t\t\t\t<h3 class=\"elementor-heading-title elementor-size-default\">O SBSC \u00e9 o nosso principal evento sobre colabora\u00e7\u00e3o<\/h3>\t\t\t\t<\/div>\n\t\t\t\t<\/div>\n\t\t\t\t<div class=\"elementor-element elementor-element-151939d elementor-widget elementor-widget-text-editor\" data-id=\"151939d\" data-element_type=\"widget\" data-e-type=\"widget\" data-widget_type=\"text-editor.default\">\n\t\t\t\t<div class=\"elementor-widget-container\">\n\t\t\t\t\t\t\t\t\t<p>A CESC \u00e9 respons\u00e1vel por manter o evento SBSC (Simp\u00f3sio Brasileiro de Sistemas de Informa\u00e7\u00e3o), realizado anualmente para reunir pesquisadores, professores, s\u00f3cios institucionais e demais interessados em Sistemas Colaborativos.<\/p>\t\t\t\t\t\t\t\t<\/div>\n\t\t\t\t<\/div>\n\t\t\t\t<div class=\"elementor-element elementor-element-655db44 elementor-align-left elementor-widget elementor-widget-button\" data-id=\"655db44\" data-element_type=\"widget\" data-e-type=\"widget\" data-widget_type=\"button.default\">\n\t\t\t\t<div class=\"elementor-widget-container\">\n\t\t\t\t\t\t\t\t\t<div class=\"elementor-button-wrapper\">\n\t\t\t\t\t<a class=\"elementor-button elementor-button-link elementor-size-md\" href=\"https:\/\/comissoes.sbc.org.br\/ce-sc\/sbsc\/\">\n\t\t\t\t\t\t<span class=\"elementor-button-content-wrapper\">\n\t\t\t\t\t\t<span class=\"elementor-button-icon\">\n\t\t\t\t<i aria-hidden=\"true\" class=\"fas fa-arrow-right\"><\/i>\t\t\t<\/span>\n\t\t\t\t\t\t\t\t\t<span class=\"elementor-button-text\">Conhe\u00e7a o SBSC<\/span>\n\t\t\t\t\t<\/span>\n\t\t\t\t\t<\/a>\n\t\t\t\t<\/div>\n\t\t\t\t\t\t\t\t<\/div>\n\t\t\t\t<\/div>\n\t\t\t\t\t<\/div>\n\t\t<\/div>\n\t\t\t\t<div class=\"elementor-column elementor-col-50 elementor-top-column elementor-element elementor-element-e17d7b1\" data-id=\"e17d7b1\" data-element_type=\"column\" data-e-type=\"column\">\n\t\t\t<div class=\"elementor-widget-wrap elementor-element-populated\">\n\t\t\t\t\t\t<div class=\"elementor-element elementor-element-dedfc0f elementor-widget elementor-widget-image\" data-id=\"dedfc0f\" data-element_type=\"widget\" data-e-type=\"widget\" data-widget_type=\"image.default\">\n\t\t\t\t<div class=\"elementor-widget-container\">\n\t\t\t\t\t\t\t\t\t\t\t\t\t\t\t<img decoding=\"async\" width=\"1024\" height=\"1024\" src=\"https:\/\/comissoes.sbc.org.br\/ce-sc\/wp-content\/uploads\/2023\/03\/Group-video-rafiki-1024x1024.png\" class=\"attachment-large size-large wp-image-1030\" alt=\"\" srcset=\"https:\/\/comissoes.sbc.org.br\/ce-sc\/wp-content\/uploads\/2023\/03\/Group-video-rafiki-1024x1024.png 1024w, https:\/\/comissoes.sbc.org.br\/ce-sc\/wp-content\/uploads\/2023\/03\/Group-video-rafiki-300x300.png 300w, https:\/\/comissoes.sbc.org.br\/ce-sc\/wp-content\/uploads\/2023\/03\/Group-video-rafiki-150x150.png 150w, https:\/\/comissoes.sbc.org.br\/ce-sc\/wp-content\/uploads\/2023\/03\/Group-video-rafiki-768x768.png 768w, https:\/\/comissoes.sbc.org.br\/ce-sc\/wp-content\/uploads\/2023\/03\/Group-video-rafiki-1536x1536.png 1536w, https:\/\/comissoes.sbc.org.br\/ce-sc\/wp-content\/uploads\/2023\/03\/Group-video-rafiki.png 2000w\" sizes=\"(max-width: 1024px) 100vw, 1024px\" \/>\t\t\t\t\t\t\t\t\t\t\t\t\t\t\t<\/div>\n\t\t\t\t<\/div>\n\t\t\t\t\t<\/div>\n\t\t<\/div>\n\t\t\t\t\t<\/div>\n\t\t<\/section>\n\t\t\t\t<section class=\"elementor-section elementor-top-section elementor-element elementor-element-ee05ed0 elementor-section-content-middle elementor-section-boxed elementor-section-height-default elementor-section-height-default\" data-id=\"ee05ed0\" data-element_type=\"section\" data-e-type=\"section\">\n\t\t\t\t\t\t<div class=\"elementor-container elementor-column-gap-wider\">\n\t\t\t\t\t<div class=\"elementor-column elementor-col-50 elementor-top-column elementor-element elementor-element-fe04118\" data-id=\"fe04118\" data-element_type=\"column\" data-e-type=\"column\">\n\t\t\t<div class=\"elementor-widget-wrap elementor-element-populated\">\n\t\t\t\t\t\t<div class=\"elementor-element elementor-element-5306808 elementor-widget elementor-widget-image\" data-id=\"5306808\" data-element_type=\"widget\" data-e-type=\"widget\" data-widget_type=\"image.default\">\n\t\t\t\t<div class=\"elementor-widget-container\">\n\t\t\t\t\t\t\t\t\t\t\t\t\t\t\t<img decoding=\"async\" width=\"1024\" height=\"1024\" src=\"https:\/\/comissoes.sbc.org.br\/ce-sc\/wp-content\/uploads\/2023\/03\/Group-Chat-rafiki-1024x1024.png\" class=\"attachment-large size-large wp-image-1029\" alt=\"\" srcset=\"https:\/\/comissoes.sbc.org.br\/ce-sc\/wp-content\/uploads\/2023\/03\/Group-Chat-rafiki-1024x1024.png 1024w, https:\/\/comissoes.sbc.org.br\/ce-sc\/wp-content\/uploads\/2023\/03\/Group-Chat-rafiki-300x300.png 300w, https:\/\/comissoes.sbc.org.br\/ce-sc\/wp-content\/uploads\/2023\/03\/Group-Chat-rafiki-150x150.png 150w, https:\/\/comissoes.sbc.org.br\/ce-sc\/wp-content\/uploads\/2023\/03\/Group-Chat-rafiki-768x768.png 768w, https:\/\/comissoes.sbc.org.br\/ce-sc\/wp-content\/uploads\/2023\/03\/Group-Chat-rafiki-1536x1536.png 1536w, https:\/\/comissoes.sbc.org.br\/ce-sc\/wp-content\/uploads\/2023\/03\/Group-Chat-rafiki.png 2000w\" sizes=\"(max-width: 1024px) 100vw, 1024px\" \/>\t\t\t\t\t\t\t\t\t\t\t\t\t\t\t<\/div>\n\t\t\t\t<\/div>\n\t\t\t\t\t<\/div>\n\t\t<\/div>\n\t\t\t\t<div class=\"elementor-column elementor-col-50 elementor-top-column elementor-element elementor-element-3361913\" data-id=\"3361913\" data-element_type=\"column\" data-e-type=\"column\">\n\t\t\t<div class=\"elementor-widget-wrap elementor-element-populated\">\n\t\t\t\t\t\t<div class=\"elementor-element elementor-element-4b04505 elementor-widget elementor-widget-heading\" data-id=\"4b04505\" data-element_type=\"widget\" data-e-type=\"widget\" data-widget_type=\"heading.default\">\n\t\t\t\t<div class=\"elementor-widget-container\">\n\t\t\t\t\t<h3 class=\"elementor-heading-title elementor-size-default\">Participe da Lista de discuss\u00e3o da CESC sobre o tema<\/h3>\t\t\t\t<\/div>\n\t\t\t\t<\/div>\n\t\t\t\t<div class=\"elementor-element elementor-element-dc6c660 elementor-widget elementor-widget-text-editor\" data-id=\"dc6c660\" data-element_type=\"widget\" data-e-type=\"widget\" data-widget_type=\"text-editor.default\">\n\t\t\t\t<div class=\"elementor-widget-container\">\n\t\t\t\t\t\t\t\t\t<p>A CESC tamb\u00e9m \u00e9 respons\u00e1vel por manter a Lista de Discuss\u00e3o da Comunidade de Sistemas Colaborativos (cesc-l), hospedada na SBC.<\/p>\t\t\t\t\t\t\t\t<\/div>\n\t\t\t\t<\/div>\n\t\t\t\t<div class=\"elementor-element elementor-element-ebe0f31 elementor-align-left elementor-widget elementor-widget-button\" data-id=\"ebe0f31\" data-element_type=\"widget\" data-e-type=\"widget\" data-widget_type=\"button.default\">\n\t\t\t\t<div class=\"elementor-widget-container\">\n\t\t\t\t\t\t\t\t\t<div class=\"elementor-button-wrapper\">\n\t\t\t\t\t<a class=\"elementor-button elementor-button-link elementor-size-md\" href=\"https:\/\/comissoes.sbc.org.br\/ce-sc\/wp-content\/uploads\/2020\/08\/2008CESCregimento.pdf\">\n\t\t\t\t\t\t<span class=\"elementor-button-content-wrapper\">\n\t\t\t\t\t\t<span class=\"elementor-button-icon\">\n\t\t\t\t<i aria-hidden=\"true\" class=\"fas fa-arrow-right\"><\/i>\t\t\t<\/span>\n\t\t\t\t\t\t\t\t\t<span class=\"elementor-button-text\">Entre na Lista de Discuss\u00e3o CESC-I<\/span>\n\t\t\t\t\t<\/span>\n\t\t\t\t\t<\/a>\n\t\t\t\t<\/div>\n\t\t\t\t\t\t\t\t<\/div>\n\t\t\t\t<\/div>\n\t\t\t\t\t<\/div>\n\t\t<\/div>\n\t\t\t\t\t<\/div>\n\t\t<\/section>\n\t\t\t\t<\/div>\n\t\t","protected":false},"excerpt":{"rendered":"<p>Sobre a CESC Somos a comiss\u00e3o da SBC em Sistemas Colaborativos A CESC (Comiss\u00e3o Especial de Sistemas Colaborativos) \u00e9 o comit\u00ea gestor da SBC (Sociedade Brasileira de Computa\u00e7\u00e3o) voltado para a\u00e7\u00f5es pol\u00edticas e organizacionais sobre Sistemas Colaborativos no \u00e2mbito do pa\u00eds, quer seja junto a \u00f3rg\u00e3os p\u00fablicos ou particulares.\u00a0 O SBSC \u00e9 o nosso principal [&hellip;]<\/p>\n","protected":false},"author":1,"featured_media":0,"parent":0,"menu_order":0,"comment_status":"closed","ping_status":"closed","template":"elementor_canvas","meta":{"footnotes":""},"class_list":["post-271","page","type-page","status-publish","hentry"],"_links":{"self":[{"href":"https:\/\/comissoes.sbc.org.br\/ce-sc\/wp-json\/wp\/v2\/pages\/271","targetHints":{"allow":["GET"]}}],"collection":[{"href":"https:\/\/comissoes.sbc.org.br\/ce-sc\/wp-json\/wp\/v2\/pages"}],"about":[{"href":"https:\/\/comissoes.sbc.org.br\/ce-sc\/wp-json\/wp\/v2\/types\/page"}],"author":[{"embeddable":true,"href":"https:\/\/comissoes.sbc.org.br\/ce-sc\/wp-json\/wp\/v2\/users\/1"}],"replies":[{"embeddable":true,"href":"https:\/\/comissoes.sbc.org.br\/ce-sc\/wp-json\/wp\/v2\/comments?post=271"}],"version-history":[{"count":15,"href":"https:\/\/comissoes.sbc.org.br\/ce-sc\/wp-json\/wp\/v2\/pages\/271\/revisions"}],"predecessor-version":[{"id":1034,"href":"https:\/\/comissoes.sbc.org.br\/ce-sc\/wp-json\/wp\/v2\/pages\/271\/revisions\/1034"}],"wp:attachment":[{"href":"https:\/\/comissoes.sbc.org.br\/ce-sc\/wp-json\/wp\/v2\/media?parent=271"}],"curies":[{"name":"wp","href":"https:\/\/api.w.org\/{rel}","templated":true}]}}