{"id":1018,"date":"2023-03-31T17:38:24","date_gmt":"2023-03-31T20:38:24","guid":{"rendered":"http:\/\/comissoes.sbc.org.br\/ce-sc\/?page_id=1018"},"modified":"2023-03-31T17:41:42","modified_gmt":"2023-03-31T20:41:42","slug":"livro","status":"publish","type":"page","link":"https:\/\/comissoes.sbc.org.br\/ce-sc\/livro\/","title":{"rendered":"Livro"},"content":{"rendered":"\t\t<div data-elementor-type=\"wp-page\" data-elementor-id=\"1018\" class=\"elementor elementor-1018\">\n\t\t\t\t\t\t<section class=\"elementor-section elementor-top-section elementor-element elementor-element-27ec33c elementor-section-height-min-height elementor-section-boxed elementor-section-height-default elementor-section-items-middle\" data-id=\"27ec33c\" data-element_type=\"section\" data-e-type=\"section\" data-settings=\"{&quot;background_background&quot;:&quot;gradient&quot;,&quot;shape_divider_bottom&quot;:&quot;tilt&quot;}\">\n\t\t\t\t\t<div class=\"elementor-shape elementor-shape-bottom\" aria-hidden=\"true\" data-negative=\"false\">\n\t\t\t<svg xmlns=\"http:\/\/www.w3.org\/2000\/svg\" viewBox=\"0 0 1000 100\" preserveAspectRatio=\"none\">\n\t<path class=\"elementor-shape-fill\" d=\"M0,6V0h1000v100L0,6z\"\/>\n<\/svg>\t\t<\/div>\n\t\t\t\t\t<div class=\"elementor-container elementor-column-gap-default\">\n\t\t\t\t\t<div class=\"elementor-column elementor-col-100 elementor-top-column elementor-element elementor-element-16f6ce8\" data-id=\"16f6ce8\" data-element_type=\"column\" data-e-type=\"column\">\n\t\t\t<div class=\"elementor-widget-wrap elementor-element-populated\">\n\t\t\t\t\t\t<div class=\"elementor-element elementor-element-d5f373c elementor-widget elementor-widget-page-title\" data-id=\"d5f373c\" data-element_type=\"widget\" data-e-type=\"widget\" data-widget_type=\"page-title.default\">\n\t\t\t\t<div class=\"elementor-widget-container\">\n\t\t\t\t\t\t\t\n\t\t<div class=\"hfe-page-title hfe-page-title-wrapper elementor-widget-heading\">\n\n\t\t\t\t\t\t\t\t\t\t\t<a href=\"https:\/\/comissoes.sbc.org.br\/ce-sc\">\n\t\t\t\t\t\t<h2 class=\"elementor-heading-title elementor-size-default\">\n\t\t\t\t\t\t\t\t\n\t\t\t\tLivro  \n\t\t\t<\/h2 > \n\t\t\t\t\t\t\t\t\t<\/a>\n\t\t\t\t\t<\/div>\n\t\t\t\t\t\t<\/div>\n\t\t\t\t<\/div>\n\t\t\t\t\t<\/div>\n\t\t<\/div>\n\t\t\t\t\t<\/div>\n\t\t<\/section>\n\t\t\t\t<section class=\"elementor-section elementor-top-section elementor-element elementor-element-14a7f51 elementor-section-content-middle elementor-section-boxed elementor-section-height-default elementor-section-height-default\" data-id=\"14a7f51\" data-element_type=\"section\" data-e-type=\"section\" data-settings=\"{&quot;background_background&quot;:&quot;classic&quot;}\">\n\t\t\t\t\t\t<div class=\"elementor-container elementor-column-gap-wider\">\n\t\t\t\t\t<div class=\"elementor-column elementor-col-50 elementor-top-column elementor-element elementor-element-3246217\" data-id=\"3246217\" data-element_type=\"column\" data-e-type=\"column\">\n\t\t\t<div class=\"elementor-widget-wrap elementor-element-populated\">\n\t\t\t\t\t\t<div class=\"elementor-element elementor-element-465b7ac elementor-widget elementor-widget-image\" data-id=\"465b7ac\" data-element_type=\"widget\" data-e-type=\"widget\" data-widget_type=\"image.default\">\n\t\t\t\t<div class=\"elementor-widget-container\">\n\t\t\t\t\t\t\t\t\t\t\t\t\t\t\t<img fetchpriority=\"high\" decoding=\"async\" width=\"866\" height=\"1024\" src=\"https:\/\/comissoes.sbc.org.br\/ce-sc\/wp-content\/uploads\/2023\/03\/livro-20-866x1024.png\" class=\"attachment-large size-large wp-image-1021\" alt=\"\" srcset=\"https:\/\/comissoes.sbc.org.br\/ce-sc\/wp-content\/uploads\/2023\/03\/livro-20-866x1024.png 866w, https:\/\/comissoes.sbc.org.br\/ce-sc\/wp-content\/uploads\/2023\/03\/livro-20-254x300.png 254w, https:\/\/comissoes.sbc.org.br\/ce-sc\/wp-content\/uploads\/2023\/03\/livro-20-768x909.png 768w, https:\/\/comissoes.sbc.org.br\/ce-sc\/wp-content\/uploads\/2023\/03\/livro-20-1298x1536.png 1298w, https:\/\/comissoes.sbc.org.br\/ce-sc\/wp-content\/uploads\/2023\/03\/livro-20-1731x2048.png 1731w\" sizes=\"(max-width: 866px) 100vw, 866px\" \/>\t\t\t\t\t\t\t\t\t\t\t\t\t\t\t<\/div>\n\t\t\t\t<\/div>\n\t\t\t\t\t<\/div>\n\t\t<\/div>\n\t\t\t\t<div class=\"elementor-column elementor-col-50 elementor-top-column elementor-element elementor-element-c9c0b77\" data-id=\"c9c0b77\" data-element_type=\"column\" data-e-type=\"column\">\n\t\t\t<div class=\"elementor-widget-wrap elementor-element-populated\">\n\t\t\t\t\t\t<div class=\"elementor-element elementor-element-f43fe6f elementor-widget elementor-widget-heading\" data-id=\"f43fe6f\" data-element_type=\"widget\" data-e-type=\"widget\" data-widget_type=\"heading.default\">\n\t\t\t\t<div class=\"elementor-widget-container\">\n\t\t\t\t\t<h3 class=\"elementor-heading-title elementor-size-default\">O livro-texto da disciplina de Sistemas Colaborativos<\/h3>\t\t\t\t<\/div>\n\t\t\t\t<\/div>\n\t\t\t\t<div class=\"elementor-element elementor-element-8c7dc80 elementor-widget elementor-widget-text-editor\" data-id=\"8c7dc80\" data-element_type=\"widget\" data-e-type=\"widget\" data-widget_type=\"text-editor.default\">\n\t\t\t\t<div class=\"elementor-widget-container\">\n\t\t\t\t\t\t\t\t\t<p>O livro \u201cSistemas Colaborativos\u201d \u00e9 o livro-texto da disciplina hom\u00f4nima dos curr\u00edculos de refer\u00eancia da Sociedade Brasileira de Computa\u00e7\u00e3o (SBC). Ele \u00e9 resultado da colabora\u00e7\u00e3o de 50 autores-pesquisadores atuantes na \u00e1rea de Sistemas Colaborativos no Brasil e agora est\u00e1 sendo distribu\u00eddo online e gratuitamente!<\/p><p>Al\u00e9m dos cap\u00edtulos do livro, tamb\u00e9m est\u00e3o dispon\u00edveis apresenta\u00e7\u00f5es e coment\u00e1rios sobre os exerc\u00edcios propostos para apoiar o(a) professor(a) na prepara\u00e7\u00e3o de suas aulas.<\/p>\t\t\t\t\t\t\t\t<\/div>\n\t\t\t\t<\/div>\n\t\t\t\t<div class=\"elementor-element elementor-element-3cfea05 elementor-align-left elementor-widget elementor-widget-button\" data-id=\"3cfea05\" data-element_type=\"widget\" data-e-type=\"widget\" data-widget_type=\"button.default\">\n\t\t\t\t<div class=\"elementor-widget-container\">\n\t\t\t\t\t\t\t\t\t<div class=\"elementor-button-wrapper\">\n\t\t\t\t\t<a class=\"elementor-button elementor-button-link elementor-size-md\" href=\"https:\/\/sistemascolaborativos.uniriotec.br\/\">\n\t\t\t\t\t\t<span class=\"elementor-button-content-wrapper\">\n\t\t\t\t\t\t<span class=\"elementor-button-icon\">\n\t\t\t\t<i aria-hidden=\"true\" class=\"fas fa-arrow-right\"><\/i>\t\t\t<\/span>\n\t\t\t\t\t\t\t\t\t<span class=\"elementor-button-text\">Visitar o site do livro<\/span>\n\t\t\t\t\t<\/span>\n\t\t\t\t\t<\/a>\n\t\t\t\t<\/div>\n\t\t\t\t\t\t\t\t<\/div>\n\t\t\t\t<\/div>\n\t\t\t\t\t<\/div>\n\t\t<\/div>\n\t\t\t\t\t<\/div>\n\t\t<\/section>\n\t\t\t\t<\/div>\n\t\t","protected":false},"excerpt":{"rendered":"<p>Livro O livro-texto da disciplina de Sistemas Colaborativos O livro \u201cSistemas Colaborativos\u201d \u00e9 o livro-texto da disciplina hom\u00f4nima dos curr\u00edculos de refer\u00eancia da Sociedade Brasileira de Computa\u00e7\u00e3o (SBC). Ele \u00e9 resultado da colabora\u00e7\u00e3o de 50 autores-pesquisadores atuantes na \u00e1rea de Sistemas Colaborativos no Brasil e agora est\u00e1 sendo distribu\u00eddo online e gratuitamente! Al\u00e9m dos cap\u00edtulos [&hellip;]<\/p>\n","protected":false},"author":3,"featured_media":0,"parent":0,"menu_order":0,"comment_status":"closed","ping_status":"closed","template":"elementor_canvas","meta":{"footnotes":""},"class_list":["post-1018","page","type-page","status-publish","hentry"],"_links":{"self":[{"href":"https:\/\/comissoes.sbc.org.br\/ce-sc\/wp-json\/wp\/v2\/pages\/1018","targetHints":{"allow":["GET"]}}],"collection":[{"href":"https:\/\/comissoes.sbc.org.br\/ce-sc\/wp-json\/wp\/v2\/pages"}],"about":[{"href":"https:\/\/comissoes.sbc.org.br\/ce-sc\/wp-json\/wp\/v2\/types\/page"}],"author":[{"embeddable":true,"href":"https:\/\/comissoes.sbc.org.br\/ce-sc\/wp-json\/wp\/v2\/users\/3"}],"replies":[{"embeddable":true,"href":"https:\/\/comissoes.sbc.org.br\/ce-sc\/wp-json\/wp\/v2\/comments?post=1018"}],"version-history":[{"count":7,"href":"https:\/\/comissoes.sbc.org.br\/ce-sc\/wp-json\/wp\/v2\/pages\/1018\/revisions"}],"predecessor-version":[{"id":1027,"href":"https:\/\/comissoes.sbc.org.br\/ce-sc\/wp-json\/wp\/v2\/pages\/1018\/revisions\/1027"}],"wp:attachment":[{"href":"https:\/\/comissoes.sbc.org.br\/ce-sc\/wp-json\/wp\/v2\/media?parent=1018"}],"curies":[{"name":"wp","href":"https:\/\/api.w.org\/{rel}","templated":true}]}}